{"id":2730,"date":"2024-03-25T17:09:43","date_gmt":"2024-03-25T10:09:43","guid":{"rendered":"https:\/\/gemswater.vn\/?page_id=2730"},"modified":"2025-10-19T13:08:14","modified_gmt":"2025-10-19T06:08:14","slug":"gioi-thieu","status":"publish","type":"page","link":"https:\/\/gemsgroup.com.vn\/en\/gioi-thieu\/","title":{"rendered":"Introduction"},"content":{"rendered":"<div data-elementor-type=\"wp-page\" data-elementor-id=\"2730\" class=\"elementor elementor-2730\" data-elementor-post-type=\"page\">\n\t\t\t\t<div class=\"elementor-element elementor-element-bb9ebf0 e-flex e-con-boxed e-con e-parent\" data-id=\"bb9ebf0\" data-element_type=\"container\" data-core-v316-plus=\"true\">\n\t\t\t\t\t<div class=\"e-con-inner\">\n\t\t<div class=\"elementor-element elementor-element-b079766 e-con-full e-flex e-con e-child\" data-id=\"b079766\" data-element_type=\"container\">\n\t\t\t\t<div class=\"elementor-element elementor-element-efeabc6 elementor-widget elementor-widget-heading\" data-id=\"efeabc6\" data-element_type=\"widget\" data-widget_type=\"heading.default\">\n\t\t\t\t<div class=\"elementor-widget-container\">\n\t\t\t<style>\/*! elementor - v3.20.0 - 26-03-2024 *\/\n.elementor-heading-title{padding:0;margin:0;line-height:1}.elementor-widget-heading .elementor-heading-title[class*=elementor-size-]>a{color:inherit;font-size:inherit;line-height:inherit}.elementor-widget-heading .elementor-heading-title.elementor-size-small{font-size:15px}.elementor-widget-heading .elementor-heading-title.elementor-size-medium{font-size:19px}.elementor-widget-heading .elementor-heading-title.elementor-size-large{font-size:29px}.elementor-widget-heading .elementor-heading-title.elementor-size-xl{font-size:39px}.elementor-widget-heading .elementor-heading-title.elementor-size-xxl{font-size:59px}<\/style><h3 class=\"elementor-heading-title elementor-size-default\">WE <span style=\"color: #D6AE4C\">WHO ARE YOU ? <\/span><\/h3>\t\t<\/div>\n\t\t\t\t<\/div>\n\t\t\t\t<div class=\"elementor-element elementor-element-88fc4a1 elementor-widget elementor-widget-pp-divider\" data-id=\"88fc4a1\" data-element_type=\"widget\" data-widget_type=\"pp-divider.default\">\n\t\t\t\t<div class=\"elementor-widget-container\">\n\t\t\t\t\t<div class=\"pp-divider-wrap\">\n\t\t\t\t\t\t\t<div class=\"pp-divider pp-divider-horizontal horizontal pp-divider-solid solid\"><\/div>\n\t\t\t\t\t\t<\/div>    \n\t\t\t\t<\/div>\n\t\t\t\t<\/div>\n\t\t\t\t<div class=\"elementor-element elementor-element-ef8ce91 elementor-widget elementor-widget-heading\" data-id=\"ef8ce91\" data-element_type=\"widget\" data-widget_type=\"heading.default\">\n\t\t\t\t<div class=\"elementor-widget-container\">\n\t\t\t<h2 class=\"elementor-heading-title elementor-size-default\">CORPORATION CORPORATIONS GEMS<\/h2>\t\t<\/div>\n\t\t\t\t<\/div>\n\t\t\t\t<div class=\"elementor-element elementor-element-fee29b3 elementor-widget elementor-widget-text-editor\" data-id=\"fee29b3\" data-element_type=\"widget\" data-widget_type=\"text-editor.default\">\n\t\t\t\t<div class=\"elementor-widget-container\">\n\t\t\t<style>\/*! elementor - v3.20.0 - 26-03-2024 *\/\n.elementor-widget-text-editor.elementor-drop-cap-view-stacked .elementor-drop-cap{background-color:#69727d;color:#fff}.elementor-widget-text-editor.elementor-drop-cap-view-framed .elementor-drop-cap{color:#69727d;border:3px solid;background-color:transparent}.elementor-widget-text-editor:not(.elementor-drop-cap-view-default) .elementor-drop-cap{margin-top:8px}.elementor-widget-text-editor:not(.elementor-drop-cap-view-default) .elementor-drop-cap-letter{width:1em;height:1em}.elementor-widget-text-editor .elementor-drop-cap{float:left;text-align:center;line-height:1;font-size:50px}.elementor-widget-text-editor .elementor-drop-cap-letter{display:inline-block}<\/style>\t\t\t\t<p><span lang=\"EN-US\" style=\"font-size: 12.0pt; line-height: 107%; font-family: 'Times New Roman',serif; mso-fareast-font-family: 'Times New Roman'; mso-ansi-language: EN-US; mso-fareast-language: EN-US; mso-bidi-language: AR-SA;\">&#8220;T\u1eadp \u0111o\u00e0n ch\u00fang t\u00f4i cam k\u1ebft mang \u0111\u1ebfn ngu\u1ed3n n\u01b0\u1edbc s\u1ea1ch, an to\u00e0n, t\u1ed1t v\u00e0 chu\u1ea9n t\u1ed1t cho m\u1ecdi ng\u01b0\u1eddi d\u00e2n. Ch\u00fang t\u00f4i kh\u00f4ng ch\u1ec9 cung c\u1ea5p s\u1ea3n ph\u1ea9m ch\u1ea5t l\u01b0\u1ee3ng m\u00e0 c\u00f2n x\u00e2y d\u1ef1ng ni\u1ec1m tin v\u00e0 gi\u00e1 tr\u1ecb b\u1ec1n v\u1eefng th\u00f4ng qua vi\u1ec7c b\u1ea3o v\u1ec7 m\u00f4i tr\u01b0\u1eddng v\u00e0 c\u1ea3i thi\u1ec7n s\u1ee9c kh\u1ecfe c\u1ed9ng \u0111\u1ed3ng. V\u1edbi t\u1ea7m nh\u00ecn d\u1eabn \u0111\u1ea7u trong ng\u00e0nh, ch\u00fang t\u00f4i h\u01b0\u1edbng t\u1edbi m\u1ee5c ti\u00eau t\u1ea1o d\u1ef1ng m\u1ed9t th\u1ebf gi\u1edbi n\u01a1i m\u1ed7i c\u00e1 nh\u00e2n \u0111\u1ec1u \u0111\u01b0\u1ee3c ti\u1ebfp c\u1eadn v\u1edbi n\u01b0\u1edbc u\u1ed1ng Hydrogen Ion Ki\u1ec1m t\u01b0\u01a1i chu\u1ea9n t\u1ed1t, g\u00f3p ph\u1ea7n n\u00e2ng cao ch\u1ea5t l\u01b0\u1ee3ng cu\u1ed9c s\u1ed1ng xanh cho c\u1ed9ng \u0111\u1ed3ng.&#8221;<\/span><\/p>\t\t\t\t\t\t<\/div>\n\t\t\t\t<\/div>\n\t\t\t\t<div class=\"elementor-element elementor-element-1f34241 elementor-widget elementor-widget-button\" data-id=\"1f34241\" data-element_type=\"widget\" data-widget_type=\"button.default\">\n\t\t\t\t<div class=\"elementor-widget-container\">\n\t\t\t\t\t<div class=\"elementor-button-wrapper\">\n\t\t\t<a class=\"elementor-button elementor-button-link elementor-size-sm\" href=\"https:\/\/gemsgroup.com.vn\/en\/lien-he\/\">\n\t\t\t\t\t\t<span class=\"elementor-button-content-wrapper\">\n\t\t\t\t\t\t<span class=\"elementor-button-text\">CONTACT NOW<\/span>\n\t\t<\/span>\n\t\t\t\t\t<\/a>\n\t\t<\/div>\n\t\t\t\t<\/div>\n\t\t\t\t<\/div>\n\t\t\t\t<\/div>\n\t\t<div class=\"elementor-element elementor-element-a3fcee8 e-con-full e-flex e-con e-child\" data-id=\"a3fcee8\" data-element_type=\"container\">\n\t\t\t\t<div class=\"elementor-element elementor-element-4cb543e elementor-widget elementor-widget-image\" data-id=\"4cb543e\" data-element_type=\"widget\" data-widget_type=\"image.default\">\n\t\t\t\t<div class=\"elementor-widget-container\">\n\t\t\t<style>\/*! elementor - v3.20.0 - 26-03-2024 *\/\n.elementor-widget-image{text-align:center}.elementor-widget-image a{display:inline-block}.elementor-widget-image a img[src$=\".svg\"]{width:48px}.elementor-widget-image img{vertical-align:middle;display:inline-block}<\/style>\t\t\t\t\t\t\t\t\t\t<img fetchpriority=\"high\" decoding=\"async\" width=\"640\" height=\"360\" src=\"https:\/\/gemsgroup.com.vn\/wp-content\/uploads\/2024\/11\/z5784101559903_b1fe1bd9c9a2f5cdf1b8f75d756e69c6-1024x576.jpg\" class=\"attachment-large size-large wp-image-4816\" alt=\"\" srcset=\"https:\/\/gemsgroup.com.vn\/wp-content\/uploads\/2024\/11\/z5784101559903_b1fe1bd9c9a2f5cdf1b8f75d756e69c6-1024x576.jpg 1024w, https:\/\/gemsgroup.com.vn\/wp-content\/uploads\/2024\/11\/z5784101559903_b1fe1bd9c9a2f5cdf1b8f75d756e69c6-300x169.jpg 300w, https:\/\/gemsgroup.com.vn\/wp-content\/uploads\/2024\/11\/z5784101559903_b1fe1bd9c9a2f5cdf1b8f75d756e69c6-768x432.jpg 768w, https:\/\/gemsgroup.com.vn\/wp-content\/uploads\/2024\/11\/z5784101559903_b1fe1bd9c9a2f5cdf1b8f75d756e69c6-1536x864.jpg 1536w, https:\/\/gemsgroup.com.vn\/wp-content\/uploads\/2024\/11\/z5784101559903_b1fe1bd9c9a2f5cdf1b8f75d756e69c6-2048x1152.jpg 2048w, https:\/\/gemsgroup.com.vn\/wp-content\/uploads\/2024\/11\/z5784101559903_b1fe1bd9c9a2f5cdf1b8f75d756e69c6-18x10.jpg 18w, https:\/\/gemsgroup.com.vn\/wp-content\/uploads\/2024\/11\/z5784101559903_b1fe1bd9c9a2f5cdf1b8f75d756e69c6-600x338.jpg 600w\" sizes=\"(max-width: 640px) 100vw, 640px\" \/>\t\t\t\t\t\t\t\t\t\t\t\t\t<\/div>\n\t\t\t\t<\/div>\n\t\t\t\t<\/div>\n\t\t\t\t\t<\/div>\n\t\t\t\t<\/div>\n\t\t<div class=\"elementor-element elementor-element-bb8b9db e-flex e-con-boxed e-con e-parent\" data-id=\"bb8b9db\" data-element_type=\"container\" data-settings=\"{&quot;background_background&quot;:&quot;classic&quot;}\" data-core-v316-plus=\"true\">\n\t\t\t\t\t<div class=\"e-con-inner\">\n\t\t\t\t<div class=\"elementor-element elementor-element-7fa79a1 elementor-view-default elementor-position-top elementor-mobile-position-top elementor-widget elementor-widget-icon-box\" data-id=\"7fa79a1\" data-element_type=\"widget\" data-widget_type=\"icon-box.default\">\n\t\t\t\t<div class=\"elementor-widget-container\">\n\t\t\t<link rel=\"stylesheet\" href=\"https:\/\/gemsgroup.com.vn\/wp-content\/plugins\/elementor\/assets\/css\/widget-icon-box.min.css\">\t\t<div class=\"elementor-icon-box-wrapper\">\n\t\t\t\t\t\t<div class=\"elementor-icon-box-icon\">\n\t\t\t\t<span  class=\"elementor-icon elementor-animation-\">\n\t\t\t\t<svg aria-hidden=\"true\" class=\"e-font-icon-svg e-fas-eye\" viewbox=\"0 0 576 512\" xmlns=\"http:\/\/www.w3.org\/2000\/svg\"><path d=\"M572.52 241.4C518.29 135.59 410.93 64 288 64S57.68 135.64 3.48 241.41a32.35 32.35 0 0 0 0 29.19C57.71 376.41 165.07 448 288 448s230.32-71.64 284.52-177.41a32.35 32.35 0 0 0 0-29.19zM288 400a144 144 0 1 1 144-144 143.93 143.93 0 0 1-144 144zm0-240a95.31 95.31 0 0 0-25.31 3.79 47.85 47.85 0 0 1-66.9 66.9A95.78 95.78 0 1 0 288 160z\"><\/path><\/svg>\t\t\t\t<\/span>\n\t\t\t<\/div>\n\t\t\t\t\t\t<div class=\"elementor-icon-box-content\">\n\t\t\t\t<h3 class=\"elementor-icon-box-title\">\n\t\t\t\t\t<span  >\n\t\t\t\t\t\tVision\t\t\t\t\t<\/span>\n\t\t\t\t<\/h3>\n\t\t\t\t\t\t\t\t\t<p class=\"elementor-icon-box-description\">\n\t\t\t\t\t\t\"Mang \u0111\u1ebfn s\u1ee9c kh\u1ecfe b\u1ec1n v\u1eefng cho c\u1ed9ng \u0111\u1ed3ng, x\u00e2y d\u1ef1ng m\u1ed9t m\u00f4i tr\u01b0\u1eddng s\u1ed1ng xanh v\u00e0 ti\u1ebft ki\u1ec7m t\u00e0i nguy\u00ean thi\u00ean nhi\u00ean.\nG\u00f3p ph\u1ea7n ph\u00f2ng ng\u1eeba v\u00e0 gi\u1ea3m thi\u1ec3u nguy c\u01a1 m\u1eafc c\u00e1c b\u1ec7nh nan y, n\u00e2ng cao ch\u1ea5t l\u01b0\u1ee3ng cu\u1ed9c s\u1ed1ng cho to\u00e0n x\u00e3 h\u1ed9i.\"\t\t\t\t\t<\/p>\n\t\t\t\t\t\t\t<\/div>\n\t\t<\/div>\n\t\t\t\t<\/div>\n\t\t\t\t<\/div>\n\t\t\t\t<div class=\"elementor-element elementor-element-ee58990 elementor-view-default elementor-position-top elementor-mobile-position-top elementor-widget elementor-widget-icon-box\" data-id=\"ee58990\" data-element_type=\"widget\" data-widget_type=\"icon-box.default\">\n\t\t\t\t<div class=\"elementor-widget-container\">\n\t\t\t\t\t<div class=\"elementor-icon-box-wrapper\">\n\t\t\t\t\t\t<div class=\"elementor-icon-box-icon\">\n\t\t\t\t<span  class=\"elementor-icon elementor-animation-\">\n\t\t\t\t<svg aria-hidden=\"true\" class=\"e-font-icon-svg e-fas-bullseye\" viewbox=\"0 0 496 512\" xmlns=\"http:\/\/www.w3.org\/2000\/svg\"><path d=\"M248 8C111.03 8 0 119.03 0 256s111.03 248 248 248 248-111.03 248-248S384.97 8 248 8zm0 432c-101.69 0-184-82.29-184-184 0-101.69 82.29-184 184-184 101.69 0 184 82.29 184 184 0 101.69-82.29 184-184 184zm0-312c-70.69 0-128 57.31-128 128s57.31 128 128 128 128-57.31 128-128-57.31-128-128-128zm0 192c-35.29 0-64-28.71-64-64s28.71-64 64-64 64 28.71 64 64-28.71 64-64 64z\"><\/path><\/svg>\t\t\t\t<\/span>\n\t\t\t<\/div>\n\t\t\t\t\t\t<div class=\"elementor-icon-box-content\">\n\t\t\t\t<h3 class=\"elementor-icon-box-title\">\n\t\t\t\t\t<span  >\n\t\t\t\t\t\tMission\t\t\t\t\t<\/span>\n\t\t\t\t<\/h3>\n\t\t\t\t\t\t\t\t\t<p class=\"elementor-icon-box-description\">\n\t\t\t\t\t\t\"Tr\u1edf th\u00e0nh t\u1eadp \u0111o\u00e0n h\u00e0ng \u0111\u1ea7u trong l\u0129nh v\u1ef1c gi\u00e1o d\u1ee5c v\u1ec1 t\u01b0 duy s\u1ed1ng xanh, s\u1ed1ng kh\u1ecfe thu\u1eadn t\u1ef1 nhi\u00ean.\nK\u1ebft h\u1ee3p gi\u1eefa khoa h\u1ecdc hi\u1ec7n \u0111\u1ea1i v\u00e0 th\u1ea3o d\u01b0\u1ee3c ch\u1eefa l\u00e0nh theo nguy\u00ean l\u00fd t\u1ef1 nhi\u00ean.\"\t\t\t\t\t<\/p>\n\t\t\t\t\t\t\t<\/div>\n\t\t<\/div>\n\t\t\t\t<\/div>\n\t\t\t\t<\/div>\n\t\t\t\t<div class=\"elementor-element elementor-element-8080387 elementor-view-default elementor-position-top elementor-mobile-position-top elementor-widget elementor-widget-icon-box\" data-id=\"8080387\" data-element_type=\"widget\" data-widget_type=\"icon-box.default\">\n\t\t\t\t<div class=\"elementor-widget-container\">\n\t\t\t\t\t<div class=\"elementor-icon-box-wrapper\">\n\t\t\t\t\t\t<div class=\"elementor-icon-box-icon\">\n\t\t\t\t<span  class=\"elementor-icon elementor-animation-\">\n\t\t\t\t<svg aria-hidden=\"true\" class=\"e-font-icon-svg e-far-gem\" viewbox=\"0 0 576 512\" xmlns=\"http:\/\/www.w3.org\/2000\/svg\"><path d=\"M464 0H112c-4 0-7.8 2-10 5.4L2 152.6c-2.9 4.4-2.6 10.2.7 14.2l276 340.8c4.8 5.9 13.8 5.9 18.6 0l276-340.8c3.3-4.1 3.6-9.8.7-14.2L474.1 5.4C471.8 2 468.1 0 464 0zm-19.3 48l63.3 96h-68.4l-51.7-96h56.8zm-202.1 0h90.7l51.7 96H191l51.6-96zm-111.3 0h56.8l-51.7 96H68l63.3-96zm-43 144h51.4L208 352 88.3 192zm102.9 0h193.6L288 435.3 191.2 192zM368 352l68.2-160h51.4L368 352z\"><\/path><\/svg>\t\t\t\t<\/span>\n\t\t\t<\/div>\n\t\t\t\t\t\t<div class=\"elementor-icon-box-content\">\n\t\t\t\t<h3 class=\"elementor-icon-box-title\">\n\t\t\t\t\t<span  >\n\t\t\t\t\t\tCore values\t\t\t\t\t<\/span>\n\t\t\t\t<\/h3>\n\t\t\t\t\t\t\t\t\t<p class=\"elementor-icon-box-description\">\n\t\t\t\t\t\t\"X\u00e2y d\u1ef1ng c\u1ed9ng \u0111\u1ed3ng \u2013 Tr\u00e1ch nhi\u1ec7m x\u00e3 h\u1ed9i \u2013 Ki\u1ebfn t\u1ea1o ngu\u1ed3n s\u1ed1ng xanh \u2013 V\u00ec gia \u0111\u00ecnh kh\u1ecfe m\u1ea1nh, x\u00e3 h\u1ed9i an l\u00e0nh.\"\t\t\t\t\t<\/p>\n\t\t\t\t\t\t\t<\/div>\n\t\t<\/div>\n\t\t\t\t<\/div>\n\t\t\t\t<\/div>\n\t\t\t\t\t<\/div>\n\t\t\t\t<\/div>\n\t\t<div class=\"elementor-element elementor-element-b09caf1 e-flex e-con-boxed e-con e-parent\" data-id=\"b09caf1\" data-element_type=\"container\" data-core-v316-plus=\"true\">\n\t\t\t\t\t<div class=\"e-con-inner\">\n\t\t\t\t<div class=\"elementor-element elementor-element-56b9891 elementor-widget elementor-widget-heading\" data-id=\"56b9891\" data-element_type=\"widget\" data-widget_type=\"heading.default\">\n\t\t\t\t<div class=\"elementor-widget-container\">\n\t\t\t<h2 class=\"elementor-heading-title elementor-size-default\">Staff<\/h2>\t\t<\/div>\n\t\t\t\t<\/div>\n\t\t\t\t<div class=\"elementor-element elementor-element-64a11d7 elementor-widget elementor-widget-text-editor\" data-id=\"64a11d7\" data-element_type=\"widget\" data-widget_type=\"text-editor.default\">\n\t\t\t\t<div class=\"elementor-widget-container\">\n\t\t\t\t\t\t\t<p>&#8220;C\u00f4ng ty C\u1ed5 ph\u1ea7n T\u1eadp \u0111o\u00e0n GEMS v\u1edbi \u0111\u1ed9i ng\u0169 nh\u00e2n s\u1ef1 s\u00e1ng t\u1ea1o v\u00e0 nhi\u1ec7t huy\u1ebft, lu\u00f4n l\u00e0m vi\u1ec7c v\u1edbi m\u1ed9t tinh th\u1ea7n tr\u00e1ch nhi\u1ec7m cao. D\u01b0\u1edbi s\u1ef1 d\u1eabn d\u1eaft t\u00e0i t\u00ecnh c\u1ee7a \u0111\u1ed9i ng\u0169 Ban L\u00e3nh \u0111\u1ea1o, n\u01a1i \u0111\u00e2y, h\u1ed9i t\u1ee5 nh\u1eefng con ng\u01b0\u1eddi v\u1eefng chuy\u00ean m\u00f4n, t\u1ed1t nghi\u1ec7p v\u1ee5 v\u00e0 lu\u00f4n l\u00e0m vi\u1ec7c v\u1edbi m\u1ed9t th\u00e1i \u0111\u1ed9 c\u1ea7u th\u1ecb, t\u1ea5t c\u1ea3 c\u00e1n b\u1ed9 nh\u00e2n vi\u00ean \u0111\u1ec1u kh\u00f4ng qu\u1ea3n ng\u1ea1i kh\u00f3 kh\u0103n, ng\u00e0y \u0111\u00eam lu\u00f4n \u0111\u1ed3ng h\u00e0nh c\u00f9ng \u0111\u1ed9i ng\u0169 s\u00e1ng l\u1eadp C\u00f4ng ty. \u0110\u00f3 l\u00e0 \u0111i\u1ec1u \u0111\u1eb7c bi\u1ec7t nh\u1ea5t m\u00e0 ch\u00fang t\u00f4i lu\u00f4n s\u1ef1 h\u00e0o, t\u1ea1i GEMS, t\u1ea5t c\u1ea3 t\u1ea1o n\u00ean m\u1ed9t tinh th\u1ea7n l\u00e0m vi\u00eac \u0111o\u00e0n k\u1ebft, v\u1eefng ch\u1eafc; \u0111\u1ec3 ho\u00e0n th\u00e0nh s\u1ee9 m\u1ec7nh l\u1edbn lao, mang ngu\u1ed3n n\u01b0\u1edbc s\u1ea1ch \u2013 chu\u1ea9n t\u1ed1t \u0111\u1ebfn cho m\u1ecdi gia \u0111\u00ecnh ng\u01b0\u1eddi d\u00e2n Vi\u1ec7t Nam v\u00e0 to\u00e0n Th\u1ebf gi\u1edbi.&#8221;<\/p>\t\t\t\t\t\t<\/div>\n\t\t\t\t<\/div>\n\t\t\t\t\t<\/div>\n\t\t\t\t<\/div>\n\t\t\t\t<\/div>","protected":false},"excerpt":{"rendered":"<p>CH\u00daNG T\u00d4I L\u00c0 AI ? C\u00d4NG TY C\u1ed4 PH\u1ea6N T\u1eacP \u0110O\u00c0N GEMS &#8220;T\u1eadp \u0111o\u00e0n ch\u00fang t\u00f4i cam k\u1ebft mang \u0111\u1ebfn ngu\u1ed3n n\u01b0\u1edbc s\u1ea1ch, an to\u00e0n, t\u1ed1t v\u00e0 chu\u1ea9n t\u1ed1t cho m\u1ecdi ng\u01b0\u1eddi d\u00e2n. Ch\u00fang t\u00f4i kh\u00f4ng ch\u1ec9 cung c\u1ea5p s\u1ea3n ph\u1ea9m ch\u1ea5t l\u01b0\u1ee3ng m\u00e0 c\u00f2n x\u00e2y d\u1ef1ng ni\u1ec1m tin v\u00e0 gi\u00e1 tr\u1ecb b\u1ec1n v\u1eefng th\u00f4ng [&hellip;]<\/p>","protected":false},"author":1,"featured_media":0,"parent":0,"menu_order":0,"comment_status":"closed","ping_status":"closed","template":"home-page-one.php","meta":{"footnotes":""},"_links":{"self":[{"href":"https:\/\/gemsgroup.com.vn\/en\/wp-json\/wp\/v2\/pages\/2730"}],"collection":[{"href":"https:\/\/gemsgroup.com.vn\/en\/wp-json\/wp\/v2\/pages"}],"about":[{"href":"https:\/\/gemsgroup.com.vn\/en\/wp-json\/wp\/v2\/types\/page"}],"author":[{"embeddable":true,"href":"https:\/\/gemsgroup.com.vn\/en\/wp-json\/wp\/v2\/users\/1"}],"replies":[{"embeddable":true,"href":"https:\/\/gemsgroup.com.vn\/en\/wp-json\/wp\/v2\/comments?post=2730"}],"version-history":[{"count":59,"href":"https:\/\/gemsgroup.com.vn\/en\/wp-json\/wp\/v2\/pages\/2730\/revisions"}],"predecessor-version":[{"id":5690,"href":"https:\/\/gemsgroup.com.vn\/en\/wp-json\/wp\/v2\/pages\/2730\/revisions\/5690"}],"wp:attachment":[{"href":"https:\/\/gemsgroup.com.vn\/en\/wp-json\/wp\/v2\/media?parent=2730"}],"curies":[{"name":"wp","href":"https:\/\/api.w.org\/{rel}","templated":true}]}}