{"id":2733,"date":"2024-03-25T17:11:14","date_gmt":"2024-03-25T10:11:14","guid":{"rendered":"https:\/\/gemswater.vn\/?page_id=2733"},"modified":"2024-04-19T15:30:26","modified_gmt":"2024-04-19T08:30:26","slug":"dich-vu","status":"publish","type":"page","link":"https:\/\/gemsgroup.com.vn\/en\/dich-vu\/","title":{"rendered":"Service"},"content":{"rendered":"<div data-elementor-type=\"wp-page\" data-elementor-id=\"2733\" class=\"elementor elementor-2733\" data-elementor-post-type=\"page\">\n\t\t\t\t<div class=\"elementor-element elementor-element-3cf4406 e-flex e-con-boxed e-con e-parent\" data-id=\"3cf4406\" data-element_type=\"container\" data-core-v316-plus=\"true\">\n\t\t\t\t\t<div class=\"e-con-inner\">\n\t\t<div class=\"elementor-element elementor-element-ac3b1cf e-con-full e-flex e-con e-child\" data-id=\"ac3b1cf\" data-element_type=\"container\">\n\t\t\t\t<div class=\"elementor-element elementor-element-edad161 elementor-position-top elementor-widget elementor-widget-image-box\" data-id=\"edad161\" data-element_type=\"widget\" data-widget_type=\"image-box.default\">\n\t\t\t\t<div class=\"elementor-widget-container\">\n\t\t\t<style>\/*! elementor - v3.20.0 - 26-03-2024 *\/\n.elementor-widget-image-box .elementor-image-box-content{width:100%}@media (min-width:768px){.elementor-widget-image-box.elementor-position-left .elementor-image-box-wrapper,.elementor-widget-image-box.elementor-position-right .elementor-image-box-wrapper{display:flex}.elementor-widget-image-box.elementor-position-right .elementor-image-box-wrapper{text-align:right;flex-direction:row-reverse}.elementor-widget-image-box.elementor-position-left .elementor-image-box-wrapper{text-align:left;flex-direction:row}.elementor-widget-image-box.elementor-position-top .elementor-image-box-img{margin:auto}.elementor-widget-image-box.elementor-vertical-align-top .elementor-image-box-wrapper{align-items:flex-start}.elementor-widget-image-box.elementor-vertical-align-middle .elementor-image-box-wrapper{align-items:center}.elementor-widget-image-box.elementor-vertical-align-bottom .elementor-image-box-wrapper{align-items:flex-end}}@media (max-width:767px){.elementor-widget-image-box .elementor-image-box-img{margin-left:auto!important;margin-right:auto!important;margin-bottom:15px}}.elementor-widget-image-box .elementor-image-box-img{display:inline-block}.elementor-widget-image-box .elementor-image-box-title a{color:inherit}.elementor-widget-image-box .elementor-image-box-wrapper{text-align:center}.elementor-widget-image-box .elementor-image-box-description{margin:0}<\/style><div class=\"elementor-image-box-wrapper\"><figure class=\"elementor-image-box-img\"><a href=\"https:\/\/gemsgroup.com.vn\/en\/cham-soc-khach-hang\/\" target=\"_blank\" tabindex=\"-1\"><img fetchpriority=\"high\" decoding=\"async\" width=\"1480\" height=\"988\" src=\"https:\/\/gemsgroup.com.vn\/wp-content\/uploads\/2024\/03\/collage-customer-experience-conc.jpg\" class=\"attachment-full size-full wp-image-3526\" alt=\"\" srcset=\"https:\/\/gemsgroup.com.vn\/wp-content\/uploads\/2024\/03\/collage-customer-experience-conc.jpg 1480w, https:\/\/gemsgroup.com.vn\/wp-content\/uploads\/2024\/03\/collage-customer-experience-conc-300x200.jpg 300w, https:\/\/gemsgroup.com.vn\/wp-content\/uploads\/2024\/03\/collage-customer-experience-conc-1024x684.jpg 1024w, https:\/\/gemsgroup.com.vn\/wp-content\/uploads\/2024\/03\/collage-customer-experience-conc-768x513.jpg 768w\" sizes=\"(max-width: 1480px) 100vw, 1480px\" \/><\/a><\/figure><div class=\"elementor-image-box-content\"><h3 class=\"elementor-image-box-title\"><a href=\"https:\/\/gemsgroup.com.vn\/en\/cham-soc-khach-hang\/\" target=\"_blank\">Customer care<\/a><\/h3><p class=\"elementor-image-box-description\">With a team of counselors trained professional, we are ready to answer any questions and customer support at any time. Whether you have any questions about the process of installation, use or maintenance of machines, the experts always, our dedicated consultants guide you step by step in detail. All questions are resolved quickly and efficiently.<\/p><\/div><\/div>\t\t<\/div>\n\t\t\t\t<\/div>\n\t\t\t\t<\/div>\n\t\t<div class=\"elementor-element elementor-element-3900c94 e-con-full e-flex e-con e-child\" data-id=\"3900c94\" data-element_type=\"container\">\n\t\t\t\t<div class=\"elementor-element elementor-element-6f2965a elementor-position-top elementor-widget elementor-widget-image-box\" data-id=\"6f2965a\" data-element_type=\"widget\" data-widget_type=\"image-box.default\">\n\t\t\t\t<div class=\"elementor-widget-container\">\n\t\t\t<div class=\"elementor-image-box-wrapper\"><figure class=\"elementor-image-box-img\"><a href=\"https:\/\/gemsgroup.com.vn\/en\/bao-duong-bao-tri\/\" target=\"_blank\" tabindex=\"-1\"><img decoding=\"async\" width=\"1480\" height=\"993\" src=\"https:\/\/gemsgroup.com.vn\/wp-content\/uploads\/2024\/04\/two-hands-with-bubbles-containin.jpg\" class=\"attachment-full size-full wp-image-3666\" alt=\"\" srcset=\"https:\/\/gemsgroup.com.vn\/wp-content\/uploads\/2024\/04\/two-hands-with-bubbles-containin.jpg 1480w, https:\/\/gemsgroup.com.vn\/wp-content\/uploads\/2024\/04\/two-hands-with-bubbles-containin-300x201.jpg 300w, https:\/\/gemsgroup.com.vn\/wp-content\/uploads\/2024\/04\/two-hands-with-bubbles-containin-1024x687.jpg 1024w, https:\/\/gemsgroup.com.vn\/wp-content\/uploads\/2024\/04\/two-hands-with-bubbles-containin-768x515.jpg 768w\" sizes=\"(max-width: 1480px) 100vw, 1480px\" \/><\/a><\/figure><div class=\"elementor-image-box-content\"><h3 class=\"elementor-image-box-title\"><a href=\"https:\/\/gemsgroup.com.vn\/en\/bao-duong-bao-tri\/\" target=\"_blank\">Maintenance maintenance<\/a><\/h3><p class=\"elementor-image-box-description\">At GEMS, we always uphold the \u201cCustomer is god\u201d. Our staff our trained to serve customers conscientious, thoughtful and professional way. Customer care is not just tasks, but also the passion of us. Take a journey with GEMS to take care of your family health is a way of to the fullest!\n\n<\/p><\/div><\/div>\t\t<\/div>\n\t\t\t\t<\/div>\n\t\t\t\t<\/div>\n\t\t\t\t\t<\/div>\n\t\t\t\t<\/div>\n\t\t\t\t<\/div>","protected":false},"excerpt":{"rendered":"<p>Ch\u0103m s\u00f3c kh\u00e1ch h\u00e0ng V\u1edbi \u0111\u1ed9i ng\u0169 t\u01b0 v\u1ea5n vi\u00ean \u0111\u01b0\u1ee3c \u0111\u00e0o t\u1ea1o chuy\u00ean nghi\u1ec7p, ch\u00fang t\u00f4i s\u1eb5n s\u00e0ng gi\u1ea3i \u0111\u00e1p m\u1ecdi c\u00e2u h\u1ecfi v\u00e0 h\u1ed7 tr\u1ee3 kh\u00e1ch h\u00e0ng b\u1ea5t k\u1ef3 l\u00fac n\u00e0o. D\u00f9 b\u1ea1n c\u00f3 b\u1ea5t c\u1ee9 th\u1eafc m\u1eafc g\u00ec v\u1ec1 quy tr\u00ecnh l\u1eafp \u0111\u1eb7t, s\u1eed d\u1ee5ng hay b\u1ea3o tr\u00ec m\u00e1y, c\u00e1c chuy\u00ean gia [&hellip;]<\/p>","protected":false},"author":1,"featured_media":0,"parent":0,"menu_order":0,"comment_status":"closed","ping_status":"closed","template":"home-page-one.php","meta":{"footnotes":""},"_links":{"self":[{"href":"https:\/\/gemsgroup.com.vn\/en\/wp-json\/wp\/v2\/pages\/2733"}],"collection":[{"href":"https:\/\/gemsgroup.com.vn\/en\/wp-json\/wp\/v2\/pages"}],"about":[{"href":"https:\/\/gemsgroup.com.vn\/en\/wp-json\/wp\/v2\/types\/page"}],"author":[{"embeddable":true,"href":"https:\/\/gemsgroup.com.vn\/en\/wp-json\/wp\/v2\/users\/1"}],"replies":[{"embeddable":true,"href":"https:\/\/gemsgroup.com.vn\/en\/wp-json\/wp\/v2\/comments?post=2733"}],"version-history":[{"count":7,"href":"https:\/\/gemsgroup.com.vn\/en\/wp-json\/wp\/v2\/pages\/2733\/revisions"}],"predecessor-version":[{"id":4185,"href":"https:\/\/gemsgroup.com.vn\/en\/wp-json\/wp\/v2\/pages\/2733\/revisions\/4185"}],"wp:attachment":[{"href":"https:\/\/gemsgroup.com.vn\/en\/wp-json\/wp\/v2\/media?parent=2733"}],"curies":[{"name":"wp","href":"https:\/\/api.w.org\/{rel}","templated":true}]}}