{"id":2735,"date":"2024-03-25T17:11:19","date_gmt":"2024-03-25T10:11:19","guid":{"rendered":"https:\/\/gemswater.vn\/?page_id=2735"},"modified":"2025-02-24T09:21:00","modified_gmt":"2025-02-24T02:21:00","slug":"lien-he","status":"publish","type":"page","link":"https:\/\/gemsgroup.com.vn\/en\/lien-he\/","title":{"rendered":"Contact"},"content":{"rendered":"<div data-elementor-type=\"wp-page\" data-elementor-id=\"2735\" class=\"elementor elementor-2735\" data-elementor-post-type=\"page\">\n\t\t\t\t<div class=\"elementor-element elementor-element-ff41e3a e-flex e-con-boxed e-con e-parent\" data-id=\"ff41e3a\" data-element_type=\"container\" data-core-v316-plus=\"true\">\n\t\t\t\t\t<div class=\"e-con-inner\">\n\t\t<div class=\"elementor-element elementor-element-659e8c1 e-con-full e-flex e-con e-child\" data-id=\"659e8c1\" data-element_type=\"container\">\n\t\t\t\t<div class=\"elementor-element elementor-element-9b438e1 elementor-widget elementor-widget-heading\" data-id=\"9b438e1\" data-element_type=\"widget\" data-widget_type=\"heading.default\">\n\t\t\t\t<div class=\"elementor-widget-container\">\n\t\t\t<style>\/*! elementor - v3.20.0 - 26-03-2024 *\/\n.elementor-heading-title{padding:0;margin:0;line-height:1}.elementor-widget-heading .elementor-heading-title[class*=elementor-size-]>a{color:inherit;font-size:inherit;line-height:inherit}.elementor-widget-heading .elementor-heading-title.elementor-size-small{font-size:15px}.elementor-widget-heading .elementor-heading-title.elementor-size-medium{font-size:19px}.elementor-widget-heading .elementor-heading-title.elementor-size-large{font-size:29px}.elementor-widget-heading .elementor-heading-title.elementor-size-xl{font-size:39px}.elementor-widget-heading .elementor-heading-title.elementor-size-xxl{font-size:59px}<\/style><h4 class=\"elementor-heading-title elementor-size-default\">CORPORATION CORPORATIONS GEMS<\/h4>\t\t<\/div>\n\t\t\t\t<\/div>\n\t\t\t\t<div class=\"elementor-element elementor-element-abf4c80 elementor-widget elementor-widget-text-editor\" data-id=\"abf4c80\" data-element_type=\"widget\" data-widget_type=\"text-editor.default\">\n\t\t\t\t<div class=\"elementor-widget-container\">\n\t\t\t<style>\/*! elementor - v3.20.0 - 26-03-2024 *\/\n.elementor-widget-text-editor.elementor-drop-cap-view-stacked .elementor-drop-cap{background-color:#69727d;color:#fff}.elementor-widget-text-editor.elementor-drop-cap-view-framed .elementor-drop-cap{color:#69727d;border:3px solid;background-color:transparent}.elementor-widget-text-editor:not(.elementor-drop-cap-view-default) .elementor-drop-cap{margin-top:8px}.elementor-widget-text-editor:not(.elementor-drop-cap-view-default) .elementor-drop-cap-letter{width:1em;height:1em}.elementor-widget-text-editor .elementor-drop-cap{float:left;text-align:center;line-height:1;font-size:50px}.elementor-widget-text-editor .elementor-drop-cap-letter{display:inline-block}<\/style>\t\t\t\t<p><strong>Tr\u1ee5 s\u1edf ch\u00ednh:<\/strong> 25 \u0111\u01b0\u1eddng 37, khu \u0111\u00f4 th\u1ecb V\u1ea1n Ph\u00fac, Ph\u01b0\u1eddng Hi\u1ec7p B\u00ecnh Ph\u01b0\u1edbc, Th\u00e0nh ph\u1ed1 Th\u1ee7 \u0110\u1ee9c, Th\u00e0nh ph\u1ed1 H\u1ed3 Ch\u00ed Minh<\/p><p><strong>V\u0103n ph\u00f2ng H\u00e0 N\u1ed9i: <\/strong>146 A4, khu \u0111\u00f4 th\u1ecb \u0110\u1ea1i Kim &#8211; Qu\u1eadn Ho\u00e0ng Mai, H\u00e0 N\u1ed9i.<\/p><p><strong>Email:<\/strong> info.gemsgroupvn@gmail.com<\/p><p><strong>Hotline:<\/strong> <strong>1900888812<\/strong><\/p><p><strong>CSKH1: <a class=\"text-is-phone-number\" data-z-element-type=\"phone-number\">0398180812<\/a><\/strong><\/p><p><strong>CSKH2: <a class=\"text-is-phone-number\" data-z-element-type=\"phone-number\">0368090812<\/a>\u00a0<\/strong><\/p>\t\t\t\t\t\t<\/div>\n\t\t\t\t<\/div>\n\t\t\t\t<div class=\"elementor-element elementor-element-56146dc elementor-widget elementor-widget-html\" data-id=\"56146dc\" data-element_type=\"widget\" data-widget_type=\"html.default\">\n\t\t\t\t<div class=\"elementor-widget-container\">\n\t\t\t<iframe src=\"https:\/\/www.facebook.com\/plugins\/page.php?href=https%3A%2F%2Fwww.facebook.com%2Fprofile.php%3Fid%3D61556885673411&tabs=timeline&width=340&height=130&small_header=false&adapt_container_width=false&hide_cover=false&show_facepile=true&appId\" width=\"340\" height=\"130\" style=\"border:none;overflow:hidden\" scrolling=\"no\" frameborder=\"0\" allowfullscreen=\"true\" allow=\"autoplay; clipboard-write; encrypted-media; picture-in-picture; web-share\"><\/iframe>\t\t<\/div>\n\t\t\t\t<\/div>\n\t\t\t\t<\/div>\n\t\t<div class=\"elementor-element elementor-element-f4be684 e-con-full e-flex e-con e-child\" data-id=\"f4be684\" data-element_type=\"container\" data-settings=\"{&quot;background_background&quot;:&quot;classic&quot;}\">\n\t\t\t\t<div class=\"elementor-element elementor-element-b6b7686 elementor-widget elementor-widget-heading\" data-id=\"b6b7686\" data-element_type=\"widget\" data-widget_type=\"heading.default\">\n\t\t\t\t<div class=\"elementor-widget-container\">\n\t\t\t<h4 class=\"elementor-heading-title elementor-size-default\">CONTACT SHOP<\/h4>\t\t<\/div>\n\t\t\t\t<\/div>\n\t\t\t\t<div class=\"elementor-element elementor-element-0a7743e pp-wpforms-form-button-full-width pp-wpforms-labels-yes elementor-widget elementor-widget-pp-wpforms\" data-id=\"0a7743e\" data-element_type=\"widget\" data-widget_type=\"pp-wpforms.default\">\n\t\t\t\t<div class=\"elementor-widget-container\">\n\t\t\t\t\t\t\t<div class=\"pp-contact-form pp-wpforms\">\n\t\t\t\t\t\t\t\t\t\t<div class=\"wpforms-container wpforms-container-full\" id=\"wpforms-2927\"><form id=\"wpforms-form-2927\" class=\"wpforms-validate wpforms-form wpforms-ajax-form\" data-formid=\"2927\" method=\"post\" enctype=\"multipart\/form-data\" action=\"\/en\/wp-json\/wp\/v2\/pages\/2735\" data-token=\"afc4faf949efa64edfa8f2da079cedac\" data-trp-original-action=\"\/en\/wp-json\/wp\/v2\/pages\/2735\"><div class=\"wpforms-head-container\"><\/div><noscript class=\"wpforms-error-noscript\" data-no-translation=\"\" data-trp-gettext=\"\">Please enable JavaScript in your browser to complete this form.<\/noscript><div class=\"wpforms-field-container\"><div id=\"wpforms-2927-field_1-container\" class=\"wpforms-field wpforms-field-text\" data-field-id=\"1\"><label class=\"wpforms-field-label\" for=\"wpforms-2927-field_1\">Name <span class=\"wpforms-required-label\">*<\/span><\/label><input type=\"text\" id=\"wpforms-2927-field_1\" class=\"wpforms-field-large wpforms-field-required\" name=\"wpforms[fields][1]\" placeholder=\"Nguyen Van A....\" required><\/div><div id=\"wpforms-2927-field_2-container\" class=\"wpforms-field wpforms-field-email\" data-field-id=\"2\"><label class=\"wpforms-field-label\" for=\"wpforms-2927-field_2\">Email <span class=\"wpforms-required-label\">*<\/span><\/label><input type=\"email\" id=\"wpforms-2927-field_2\" class=\"wpforms-field-large wpforms-field-required\" name=\"wpforms[fields][2]\" placeholder=\"...@gmail.com\" required><\/div><div id=\"wpforms-2927-field_3-container\" class=\"wpforms-field wpforms-field-phone\" data-field-id=\"3\"><label class=\"wpforms-field-label\" for=\"wpforms-2927-field_3\">Telephone Number <span class=\"wpforms-required-label\">*<\/span><\/label><input type=\"tel\" id=\"wpforms-2927-field_3\" class=\"wpforms-field-large wpforms-field-required\" data-rule-int-phone-field=\"true\" name=\"wpforms[fields][3]\" placeholder=\"0987654321\" required><\/div><\/div><div class=\"wpforms-submit-container\"><input type=\"hidden\" name=\"wpforms[id]\" value=\"2927\"><input type=\"hidden\" name=\"wpforms[author]\" value=\"1\"><button type=\"submit\" name=\"wpforms[submit]\" id=\"wpforms-submit-2927\" class=\"wpforms-submit\" data-alt-text=\"\u0110ang g\u1eedi...\" data-submit-text=\"Nh\u1eadn t\u01b0 v\u1ea5n ngay\" aria-live=\"assertive\" value=\"wpforms-submit\">Get advice now<\/button><img decoding=\"async\" src=\"https:\/\/gemsgroup.com.vn\/wp-content\/plugins\/wpforms\/assets\/images\/submit-spin.svg\" class=\"wpforms-submit-spinner\" style=\"display: none;\" width=\"26\" height=\"26\" alt=\"Loading\" data-no-translation-alt=\"\"><\/div><input type=\"hidden\" name=\"trp-form-language\" value=\"en\"\/><\/form><\/div>  <!-- .wpforms-container -->\t\t\t\t<\/div>\n\t\t\t\t\t\t<\/div>\n\t\t\t\t<\/div>\n\t\t\t\t<\/div>\n\t\t\t\t\t<\/div>\n\t\t\t\t<\/div>\n\t\t\t\t<\/div>","protected":false},"excerpt":{"rendered":"<p>C\u00d4NG TY C\u1ed4 PH\u1ea6N T\u1eacP \u0110O\u00c0N GEMS Tr\u1ee5 s\u1edf ch\u00ednh: 25 \u0111\u01b0\u1eddng 37, khu \u0111\u00f4 th\u1ecb V\u1ea1n Ph\u00fac, Ph\u01b0\u1eddng Hi\u1ec7p B\u00ecnh Ph\u01b0\u1edbc, Th\u00e0nh ph\u1ed1 Th\u1ee7 \u0110\u1ee9c, Th\u00e0nh ph\u1ed1 H\u1ed3 Ch\u00ed Minh V\u0103n ph\u00f2ng H\u00e0 N\u1ed9i: 146 A4, khu \u0111\u00f4 th\u1ecb \u0110\u1ea1i Kim &#8211; Qu\u1eadn Ho\u00e0ng Mai, H\u00e0 N\u1ed9i. Email: info.gemsgroupvn@gmail.com Hotline: 1900888812 CSKH1: 0398180812 CSKH2: [&hellip;]<\/p>","protected":false},"author":1,"featured_media":0,"parent":0,"menu_order":0,"comment_status":"closed","ping_status":"closed","template":"inside.php","meta":{"footnotes":""},"_links":{"self":[{"href":"https:\/\/gemsgroup.com.vn\/en\/wp-json\/wp\/v2\/pages\/2735"}],"collection":[{"href":"https:\/\/gemsgroup.com.vn\/en\/wp-json\/wp\/v2\/pages"}],"about":[{"href":"https:\/\/gemsgroup.com.vn\/en\/wp-json\/wp\/v2\/types\/page"}],"author":[{"embeddable":true,"href":"https:\/\/gemsgroup.com.vn\/en\/wp-json\/wp\/v2\/users\/1"}],"replies":[{"embeddable":true,"href":"https:\/\/gemsgroup.com.vn\/en\/wp-json\/wp\/v2\/comments?post=2735"}],"version-history":[{"count":37,"href":"https:\/\/gemsgroup.com.vn\/en\/wp-json\/wp\/v2\/pages\/2735\/revisions"}],"predecessor-version":[{"id":5420,"href":"https:\/\/gemsgroup.com.vn\/en\/wp-json\/wp\/v2\/pages\/2735\/revisions\/5420"}],"wp:attachment":[{"href":"https:\/\/gemsgroup.com.vn\/en\/wp-json\/wp\/v2\/media?parent=2735"}],"curies":[{"name":"wp","href":"https:\/\/api.w.org\/{rel}","templated":true}]}}