{"id":2891,"date":"2024-03-26T00:14:58","date_gmt":"2024-03-25T17:14:58","guid":{"rendered":"https:\/\/gemswater.vn\/?page_id=2891"},"modified":"2024-03-27T17:30:38","modified_gmt":"2024-03-27T10:30:38","slug":"cham-soc-khach-hang","status":"publish","type":"page","link":"https:\/\/gemsgroup.com.vn\/en\/cham-soc-khach-hang\/","title":{"rendered":"Customer care"},"content":{"rendered":"<p class=\"whitespace-pre-wrap break-words\"><strong>Services Customer care \u2013 Companion along your family health<\/strong><\/p>\n<p class=\"whitespace-pre-wrap break-words\">At corporation corporations GEMS, we not only supply water filter products ion alkaline high quality, but also committed to all-inclusive care services unsurpassed customer to the customer rest assured to use and experience the best. We understand that health is your family&#039;s most valuable asset, and we will accompany you throughout the journey, health care clean water and healthy.<\/p>\n<p class=\"whitespace-pre-wrap break-words\"><strong>Our team of Professional consultants Always Support You 24\/7<\/strong><\/p>\n<p class=\"whitespace-pre-wrap break-words\">With a team of counselors trained professional, we are ready to answer any questions and customer support at any time. Whether you have any questions about the process of installation, use or maintenance of machines, the experts always, our dedicated consultants guide you step by step in detail. All questions are resolved quickly and efficiently.<\/p>","protected":false},"excerpt":{"rendered":"<p>D\u1ecbch v\u1ee5 Ch\u0103m s\u00f3c Kh\u00e1ch h\u00e0ng &#8211; \u0110\u1ed3ng h\u00e0nh c\u00f9ng S\u1ee9c kh\u1ecfe Gia \u0111\u00ecnh b\u1ea1n T\u1ea1i C\u00f4ng ty C\u1ed5 ph\u1ea7n T\u1eadp \u0111o\u00e0n GEMS, ch\u00fang t\u00f4i kh\u00f4ng ch\u1ec9 cung c\u1ea5p s\u1ea3n ph\u1ea9m m\u00e1y l\u1ecdc n\u01b0\u1edbc ion ki\u1ec1m ch\u1ea5t l\u01b0\u1ee3ng cao, m\u00e0 c\u00f2n cam k\u1ebft mang \u0111\u1ebfn tr\u1ecdn g\u00f3i d\u1ecbch v\u1ee5 ch\u0103m s\u00f3c kh\u00e1ch h\u00e0ng v\u01b0\u1ee3t tr\u1ed9i [&hellip;]<\/p>","protected":false},"author":1,"featured_media":0,"parent":0,"menu_order":0,"comment_status":"closed","ping_status":"closed","template":"elementor_theme","meta":{"footnotes":""},"_links":{"self":[{"href":"https:\/\/gemsgroup.com.vn\/en\/wp-json\/wp\/v2\/pages\/2891"}],"collection":[{"href":"https:\/\/gemsgroup.com.vn\/en\/wp-json\/wp\/v2\/pages"}],"about":[{"href":"https:\/\/gemsgroup.com.vn\/en\/wp-json\/wp\/v2\/types\/page"}],"author":[{"embeddable":true,"href":"https:\/\/gemsgroup.com.vn\/en\/wp-json\/wp\/v2\/users\/1"}],"replies":[{"embeddable":true,"href":"https:\/\/gemsgroup.com.vn\/en\/wp-json\/wp\/v2\/comments?post=2891"}],"version-history":[{"count":2,"href":"https:\/\/gemsgroup.com.vn\/en\/wp-json\/wp\/v2\/pages\/2891\/revisions"}],"predecessor-version":[{"id":2911,"href":"https:\/\/gemsgroup.com.vn\/en\/wp-json\/wp\/v2\/pages\/2891\/revisions\/2911"}],"wp:attachment":[{"href":"https:\/\/gemsgroup.com.vn\/en\/wp-json\/wp\/v2\/media?parent=2891"}],"curies":[{"name":"wp","href":"https:\/\/api.w.org\/{rel}","templated":true}]}}