{"id":4221,"date":"2024-05-21T14:33:55","date_gmt":"2024-05-21T07:33:55","guid":{"rendered":"https:\/\/gemswater.vn\/?page_id=4221"},"modified":"2025-05-02T19:33:16","modified_gmt":"2025-05-02T12:33:16","slug":"chung-nhan-fda","status":"publish","type":"page","link":"https:\/\/gemsgroup.com.vn\/en\/giay-chung-nhan\/chung-nhan-fda\/","title":{"rendered":"Certification FDA"},"content":{"rendered":"<div data-elementor-type=\"wp-page\" data-elementor-id=\"4221\" class=\"elementor elementor-4221\" data-elementor-post-type=\"page\">\n\t\t\t\t<div class=\"elementor-element elementor-element-b7cb65b e-flex e-con-boxed e-con e-parent\" data-id=\"b7cb65b\" data-element_type=\"container\" data-core-v316-plus=\"true\">\n\t\t\t\t\t<div class=\"e-con-inner\">\n\t\t\t\t<div class=\"elementor-element elementor-element-f560088 elementor-widget elementor-widget-text-editor\" data-id=\"f560088\" data-element_type=\"widget\" data-widget_type=\"text-editor.default\">\n\t\t\t\t<div class=\"elementor-widget-container\">\n\t\t\t<style>\/*! elementor - v3.20.0 - 26-03-2024 *\/\n.elementor-widget-text-editor.elementor-drop-cap-view-stacked .elementor-drop-cap{background-color:#69727d;color:#fff}.elementor-widget-text-editor.elementor-drop-cap-view-framed .elementor-drop-cap{color:#69727d;border:3px solid;background-color:transparent}.elementor-widget-text-editor:not(.elementor-drop-cap-view-default) .elementor-drop-cap{margin-top:8px}.elementor-widget-text-editor:not(.elementor-drop-cap-view-default) .elementor-drop-cap-letter{width:1em;height:1em}.elementor-widget-text-editor .elementor-drop-cap{float:left;text-align:center;line-height:1;font-size:50px}.elementor-widget-text-editor .elementor-drop-cap-letter{display:inline-block}<\/style>\t\t\t\t<p><strong>FDA l\u00e0 g\u00ec? Ti\u00eau chu\u1ea9n \u0111\u00e1nh gi\u00e1 FDA bao g\u1ed3m nh\u1eefng g\u00ec?<\/strong><\/p><p><strong>FDA l\u00e0 g\u00ec?<\/strong><\/p><p>FDA\u00a0vi\u1ebft t\u1eaft b\u1edfi c\u1ee5m t\u1eeb\u00a0Food and Drug Administration\u00a0\u2013 C\u1ee5c qu\u1ea3n l\u00fd Th\u1ef1c ph\u1ea9m v\u00e0 D\u01b0\u1ee3c ph\u1ea9m Hoa K\u1ef3 &#8211; m\u1ed9t c\u01a1 quan li\u00ean bang c\u1ee7a Hoa K\u1ef3 B\u1ed9 Y t\u1ebf v\u00e0 D\u1ecbch v\u1ee5 Nh\u00e2n sinh, m\u1ed9t trong nh\u1eefng b\u1ed9 ph\u1eadn h\u00e0nh ph\u00e1p li\u00ean bang Hoa K\u1ef3. C\u1ee5c n\u00e0y \u0111\u01b0\u1ee3c th\u00e0nh l\u1eadp t\u1eeb n\u0103m 1906 t\u1ea1i Maryland.<\/p><p><strong>Ti\u00eau chu\u1ea9n FDA l\u00e0 g\u00ec?<\/strong><\/p><p>Ti\u00eau chu\u00e2\u0309n FDA\u00a0la\u0300 nh\u01b0\u0303ng quy \u0111i\u0323nh kh\u0103\u0301t khe cu\u0309a Cu\u0323c qua\u0309n ly\u0301 Th\u01b0\u0323c ph\u00e2\u0309m va\u0300 D\u01b0\u01a1\u0323c ph\u00e2\u0309m Hoa Ky\u0300 (FDA) \u0111\u01b0a ra \u0111\u00ea\u0309 gia\u0301m sa\u0301t \u0111\u00f4\u0323 an toa\u0300n nh\u01b0\u0303ng sa\u0309n ph\u00e2\u0309m thu\u00f4\u0323c danh mu\u0323c qua\u0309n ly\u0301 cu\u0309a mi\u0300nh l\u01b0u ha\u0300nh tr\u00ean thi\u0323 tr\u01b0\u01a1\u0300ng Hoa Ky\u0300.<\/p><p>B\u00e2\u0301t c\u01b0\u0301 nha\u0300 xu\u00e2\u0301t kh\u00e2\u0309u na\u0300o n\u00ea\u0301u mu\u00f4\u0301n \u0111\u01b0a sa\u0309n ph\u00e2\u0309m cu\u0309a mi\u0300nh va\u0300o Hoa Ky\u0300 \u0111\u00ea\u0300u pha\u0309i tu\u00e2n thu\u0309 nh\u01b0\u0303ng quy \u0111i\u0323nh cu\u0309a Cu\u0323c FDA va\u0300 co\u0301 \u0111\u01b0\u01a1\u0323c\u00a0gi\u00e2\u0301y ch\u01b0\u0301ng nh\u00e2\u0323n FDA.<\/p><p><strong>T\u1ea7m quan tr\u1ecdng c\u1ee7a ch\u1ee9ng nh\u1eadn FDA<\/strong><\/p><p>Khi ba\u0323n mu\u00f4\u0301n v\u00e2\u0323n chuy\u00ea\u0309n m\u00f4\u0323t m\u0103\u0323t ha\u0300ng na\u0300o t\u01a1\u0301i\u00a0M\u1ef9 ho\u1eb7c Canada,\u00a0\u0111\u00ea\u0309 co\u0301 th\u00ea\u0309 th\u00f4ng quan \u0111\u01b0\u01a1\u0323c ha\u0300ng hoa\u0301 ba\u0323n se\u0303 c\u00e2\u0300n r\u1ea5t nhi\u00ea\u0300u gi\u00e2\u0301y t\u01a1\u0300 va\u0300 thu\u0309 tu\u0323c pha\u0301p ly\u0301 \u0111\u00ea\u0309 ch\u01b0\u0301ng minh ngu\u00f4\u0300n g\u00f4\u0301c xu\u00e2\u0301t x\u01b0\u0301, tha\u0300nh ph\u00e2\u0300n, gi\u00e2\u0301y ki\u00ea\u0309m \u0111i\u0323nh ch\u00e2\u0301t l\u01b0\u01a1\u0323ng va\u0300 gi\u00e2\u0301y ch\u01b0\u0301ng nh\u00e2\u0323n FDA c\u1ee7a M\u1ef9 v\u00e0 Canada.<\/p><p>N\u00ea\u0301u kh\u00f4ng co\u0301 nh\u01b0\u0303ng gi\u00e2\u0301y t\u01a1\u0300 nh\u01b0 v\u00e2\u0323y h\u00e0ng h\u00f3a cu\u0309a ba\u0323n se\u0303 bi\u0323 tra\u0309 la\u0323i ta\u0323i Ha\u0309i Quan My\u0303 va\u0300 ch\u1eafc ch\u1eafn l\u00f4 h\u00e0ng \u0111\u00f3 s\u1ebd kh\u00f4ng th\u1ec3 xu\u1ea5t kh\u1ea9u v\u00e0o th\u1ecb tr\u01b0\u1eddng M\u1ef9, g\u00e2y t\u1ed1n k\u00e9m nhi\u1ec1u chi ph\u00ed li\u00ean quan \u0111\u1ebfn l\u01b0u kho b\u00e3i, v\u1eadn chuy\u1ec3n,\u2026<\/p><p style=\"text-align: left;\">V\u00ec v\u1eady, tr\u01b0\u1edbc khi xu\u1ea5t kh\u1ea9u h\u00e0ng sang M\u1ef9 b\u1ea1n c\u1ea7n ki\u1ec3m tra tr\u01b0\u1edbc th\u00f4ng tin li\u00ean quan \u0111\u1ebfn ch\u00ednh s\u00e1ch m\u1eb7t h\u00e0ng v\u00e0 nh\u1eefng y\u00eau c\u1ea7u c\u1ee7a M\u1ef9 v\u1ec1 m\u1eb7t h\u00e0ng \u0111\u00f3.<\/p><p><img fetchpriority=\"high\" decoding=\"async\" class=\"wp-image-5492 size-large aligncenter\" src=\"https:\/\/gemsgroup.com.vn\/wp-content\/uploads\/2025\/05\/14.-CERTIFICATE-GEMS-2025-723x1024.png\" alt=\"\" width=\"723\" height=\"1024\" srcset=\"https:\/\/gemsgroup.com.vn\/wp-content\/uploads\/2025\/05\/14.-CERTIFICATE-GEMS-2025-723x1024.png 723w, https:\/\/gemsgroup.com.vn\/wp-content\/uploads\/2025\/05\/14.-CERTIFICATE-GEMS-2025-212x300.png 212w, https:\/\/gemsgroup.com.vn\/wp-content\/uploads\/2025\/05\/14.-CERTIFICATE-GEMS-2025-768x1087.png 768w, https:\/\/gemsgroup.com.vn\/wp-content\/uploads\/2025\/05\/14.-CERTIFICATE-GEMS-2025-1085x1536.png 1085w, https:\/\/gemsgroup.com.vn\/wp-content\/uploads\/2025\/05\/14.-CERTIFICATE-GEMS-2025-8x12.png 8w, https:\/\/gemsgroup.com.vn\/wp-content\/uploads\/2025\/05\/14.-CERTIFICATE-GEMS-2025-600x850.png 600w, https:\/\/gemsgroup.com.vn\/wp-content\/uploads\/2025\/05\/14.-CERTIFICATE-GEMS-2025.png 1190w\" sizes=\"(max-width: 723px) 100vw, 723px\" \/><\/p><p>\u00a0<\/p><p><strong>Quy \u0111\u1ecbnh v\u1ec1 c\u00e2\u0301p gi\u00e2\u0301y FDA v\u1edbi h\u00e0ng xu\u1ea5t sang M\u1ef9<\/strong><\/p><p>Khi g\u01b0\u0309i ha\u0300ng qua My\u0303, FDA la\u0300 m\u00f4\u0323t trong nh\u01b0\u0303ng loa\u0323i gi\u00e2\u0301y t\u01a1\u0300 r\u00e2\u0301t quan tro\u0323ng. Nh\u01b0\u0303ng loa\u0323i ha\u0300ng ho\u0301a nh\u01b0: n\u01b0\u1edbc u\u1ed1ng, th\u1ef1c ph\u1ea9m, thu\u00f4\u0301c, tra\u0300\u2026 \u0111\u00ea\u0300u pha\u0309i xin gi\u00e2\u0301y ch\u01b0\u0301ng nh\u00e2\u0323n na\u0300y. \u0110\u00e2y \u0111\u01b0\u01a1\u0323c xem la\u0300 gi\u00e2\u0301y th\u00f4ng quan \u0111\u00ea\u0309 ha\u0300ng ho\u0301a cu\u0309a ba\u0323n \u0111\u01b0\u01a1\u0323c nh\u00e2\u0323p kh\u00e2\u0309u va\u0300o Hoa Ky\u0300.<\/p><p>T\u00e2\u0301t ca\u0309 nh\u01b0\u0303ng m\u0103\u0323t ha\u0300ng thu\u00f4\u0323c FDA qua\u0309n ly\u0301 \u0111\u00ea\u0300u pha\u0309i tu\u00e2n thu\u0309 nh\u01b0\u0303ng quy \u0111i\u0323nh kh\u0103\u0301t khe cu\u0309a t\u00f4\u0309 ch\u01b0\u0301c na\u0300y n\u00ea\u0301u mu\u00f4\u0301n co\u0301 \u0111\u01b0\u01a1\u0323c gi\u00e2\u0301y ch\u01b0\u0301ng nh\u00e2\u0323n FDA. M\u00f4\u0303i m\u00f4\u0323t Gi\u00e2\u0301y ch\u01b0\u0301ng nh\u00e2\u0323n FDA chi\u0309 c\u00e2\u0301p ri\u00eang cho t\u01b0\u0300ng loa\u0323i sa\u0309n ph\u00e2\u0309m, kh\u00f4ng gi\u01a1\u0301i ha\u0323n s\u00f4\u0301 l\u01b0\u01a1\u0323ng hay tro\u0323ng l\u01b0\u01a1\u0323ng.<\/p><p><strong>Ti\u00eau chu\u1ea9n \u0111\u00e1nh gi\u00e1 FDA bao g\u1ed3m nh\u1eefng g\u00ec?<\/strong><\/p><p>Ti\u00eau chu\u00e2\u0309n FDA\u00a0la\u0300 nh\u01b0\u0303ng quy \u0111i\u0323nh kh\u0103\u0301t khe cu\u0309a Cu\u0323c qua\u0309n ly\u0301 Th\u01b0\u0323c ph\u00e2\u0309m va\u0300 D\u01b0\u01a1\u0323c ph\u00e2\u0309m Hoa Ky\u0300 (FDA) \u0111\u01b0a ra \u0111\u00ea\u0309 gia\u0301m sa\u0301t \u0111\u00f4\u0323 an toa\u0300n nh\u01b0\u0303ng sa\u0309n ph\u00e2\u0309m thu\u00f4\u0323c danh mu\u0323c qua\u0309n ly\u0301 cu\u0309a mi\u0300nh l\u01b0u ha\u0300nh tr\u00ean thi\u0323 tr\u01b0\u01a1\u0300ng Hoa Ky\u0300. Va\u0300 b\u00e2\u0301t c\u01b0\u0301 nha\u0300 xu\u00e2\u0301t kh\u00e2\u0309u na\u0300o n\u00ea\u0301u mu\u00f4\u0301n \u0111\u01b0a sa\u0309n ph\u00e2\u0309m cu\u0309a mi\u0300nh va\u0300o Hoa Ky\u0300 \u0111\u00ea\u0300u pha\u0309i tu\u00e2n thu\u0309 nh\u01b0\u0303ng quy \u0111i\u0323nh cu\u0309a Cu\u0323c FDA va\u0300 co\u0301 \u0111\u01b0\u01a1\u0323c gi\u00e2\u0301y ch\u01b0\u0301ng nh\u00e2\u0323n FDA. K\u00ea\u0309 ca\u0309 khi ba\u0323n s\u01b0\u0309 du\u0323ng di\u0323ch v\u1ee5 g\u01b0\u0309i ha\u0300ng \u0111i My\u0303.<\/p><p><strong>Nh\u01b0\u0303ng ti\u00eau chu\u00e2\u0309n \u0111\u00ea\u0309 \u0111a\u0323t \u0111\u01b0\u01a1\u0323c gi\u00e2\u0301y ch\u01b0\u0301ng nh\u00e2\u0323n FDA \u0111\u1ed1i v\u1edbi sa\u0309n ph\u00e2\u0309m l\u00e0 th\u1ef1c ph\u1ea9m, \u0111\u1ed3 u\u1ed1ng, thi\u1ebft b\u1ecb \u0111i\u1ec7n t\u1eed nh\u01b0 sau:<\/strong><\/p><p>&#8211; Th\u1ef1c hi\u1ec7n tu\u00e2n th\u1ee7 \u0111\u00fang c\u00e1c quy \u0111\u1ecbnh c\u1ee7a FDA<\/p><p>&#8211; Th\u1ef1c hi\u1ec7n tu\u00e2n th\u1ee7 ti\u00eau chu\u1ea9n HACCP c\u1ee7a H\u1ea3i S\u1ea3n v\u00e0 N\u01b0\u1edbc Hoa Qu\u1ea3, n\u01b0\u1edbc u\u1ed1ng<\/p><p>&#8211; C\u00e1c lo\u1ea1i th\u1ef1c ph\u1ea9m \u0111\u00f3ng h\u1ed9p c\u00f3 h\u00e0m l\u01b0\u1ee3ng axit th\u1ea5p \u0111\u1ea1t \u0111\u1ee7 ti\u00eau chu\u1ea9n<\/p><p>&#8211; M\u1ed7i s\u1ea3n ph\u1ea9m \u0111\u1ec1u ph\u1ea3i c\u00f3 nh\u00e3n s\u1ea3n ph\u1ea9m \u0111\u1ea7y \u0111\u1ee7<\/p><p>&#8211; C\u1ea7n \u0111\u1ea7y \u0111\u1ee7 c\u00e1c th\u00f4ng tin v\u1ec1 th\u00e0nh ph\u1ea7n, c\u00f4ng d\u1ee5ng c\u1ee7a s\u1ea3n ph\u1ea9m c\u00f3 tr\u00ean nh\u00e3n<\/p><p>&#8211; \u0110\u00e1nh gi\u00e1 v\u1ec1 th\u00e0nh ph\u1ea7n s\u1ea3n ph\u1ea9m v\u00e0 th\u00f4ng b\u00e1o \u0111\u1ebfn FDA<\/p><p>&#8211; T\u00ecm hi\u1ec3u v\u1ec1 c\u00e1c y\u00eau c\u1ea7u cGMP<\/p><p>&#8211; C\u00e1c y\u00eau c\u1ea7u c\u1ea7n thi\u1ebft v\u1ec1 ch\u1ee9ng nh\u1eadn m\u00e0u s\u1eafc c\u1ee7a FDA<\/p><p>&#8211; N\u1ebfu l\u00e0 thu\u1ed1c tr\u1eeb s\u00e2u th\u00ec c\u1ea7n c\u00f3 x\u00e1c \u0111\u1ecbnh sai s\u1ed1 cho ph\u00e9p c\u1ee7a EPA v\u00e0 FDA<\/p><p>&#8211; Tu\u00e2n th\u1ee7 \u0111\u00fang theo c\u00e1c b\u00e1o c\u00e1o s\u1ea3n ph\u1ea9m \u0111i\u1ec7n t\u1eed c\u1ee7a FDA v\u00e0 c\u1ea7n xin m\u00e3 s\u1ed1 gia nh\u1eadp t\u1eeb FDA.<\/p><p>&#8211; Cung c\u1ea5p \u0111\u1ea7y \u0111\u1ee7 c\u00e1c ti\u00eau chu\u1ea9n hi\u1ec7u qu\u1ea3 v\u00e0 c\u00e1c y\u00eau c\u1ea7u ch\u1ee9ng th\u1ef1c c\u1ea7n thi\u1ebft \u0111\u1ec3 b\u00e1o c\u00e1o v\u1ec1 FDA<\/p><p>Nh\u1eefng quy \u0111\u1ecbnh r\u1ea5t nghi\u00eam ng\u1eb7t \u0111\u1ebfn t\u1eeb t\u1ed5 ch\u1ee9c FDA gi\u00fap b\u1ea3o v\u1ec7 ng\u01b0\u1eddi s\u1eed d\u1ee5ng c\u00e1c lo\u1ea1i s\u1ea3n ph\u1ea9m nh\u01b0 \u0111\u1ed3 \u0103n, n\u01b0\u1edbc u\u1ed1ng m\u1ed9t c\u00e1ch hi\u1ec7u qu\u1ea3 nh\u1ea5t v\u1ec1 m\u1eb7t s\u1ee9c kh\u1ecfe.<\/p><p><img decoding=\"async\" class=\"wp-image-5531 size-large aligncenter\" src=\"https:\/\/gemsgroup.com.vn\/wp-content\/uploads\/2025\/05\/CERTIFICATE-GEMS-723x1024.png\" alt=\"\" width=\"723\" height=\"1024\" srcset=\"https:\/\/gemsgroup.com.vn\/wp-content\/uploads\/2025\/05\/CERTIFICATE-GEMS-723x1024.png 723w, https:\/\/gemsgroup.com.vn\/wp-content\/uploads\/2025\/05\/CERTIFICATE-GEMS-212x300.png 212w, https:\/\/gemsgroup.com.vn\/wp-content\/uploads\/2025\/05\/CERTIFICATE-GEMS-768x1087.png 768w, https:\/\/gemsgroup.com.vn\/wp-content\/uploads\/2025\/05\/CERTIFICATE-GEMS-1085x1536.png 1085w, https:\/\/gemsgroup.com.vn\/wp-content\/uploads\/2025\/05\/CERTIFICATE-GEMS-8x12.png 8w, https:\/\/gemsgroup.com.vn\/wp-content\/uploads\/2025\/05\/CERTIFICATE-GEMS-600x850.png 600w, https:\/\/gemsgroup.com.vn\/wp-content\/uploads\/2025\/05\/CERTIFICATE-GEMS.png 1190w\" sizes=\"(max-width: 723px) 100vw, 723px\" \/><\/p><p>\u00a0<\/p><p>FDA\u00a0l\u00e0 m\u1ed9t trong nh\u1eefng t\u1ed5 ch\u1ee9c b\u1ea3o v\u1ec7 v\u00e0 th\u00fac \u0111\u1ea9y s\u1ee9c kh\u1ecfe cho c\u1ed9ng \u0111\u1ed3ng, \u0111\u1eb7c bi\u1ec7t l\u00e0 ng\u01b0\u1eddi d\u00e2n n\u01b0\u1edbc M\u1ef9. Vi\u1ec7c tu\u00e2n th\u1ee7 \u0111\u00fang nh\u1eefng quy \u0111\u1ecbnh c\u1ee7a FDA l\u00e0 \u0111i\u1ec1u c\u1ea7n thi\u1ebft \u0111\u1ec3 c\u00f3 th\u1ec3 v\u1eadn chuy\u1ec3n h\u00e0ng h\u00f3a qua M\u1ef9 m\u1ed9t c\u00e1ch thu\u1eadn l\u1ee3i nh\u1ea5t.<\/p>\t\t\t\t\t\t<\/div>\n\t\t\t\t<\/div>\n\t\t\t\t\t<\/div>\n\t\t\t\t<\/div>\n\t\t\t\t<\/div>","protected":false},"excerpt":{"rendered":"<p>FDA l\u00e0 g\u00ec? Ti\u00eau chu\u1ea9n \u0111\u00e1nh gi\u00e1 FDA bao g\u1ed3m nh\u1eefng g\u00ec? FDA l\u00e0 g\u00ec? FDA\u00a0vi\u1ebft t\u1eaft b\u1edfi c\u1ee5m t\u1eeb\u00a0Food and Drug Administration\u00a0\u2013 C\u1ee5c qu\u1ea3n l\u00fd Th\u1ef1c ph\u1ea9m v\u00e0 D\u01b0\u1ee3c ph\u1ea9m Hoa K\u1ef3 &#8211; m\u1ed9t c\u01a1 quan li\u00ean bang c\u1ee7a Hoa K\u1ef3 B\u1ed9 Y t\u1ebf v\u00e0 D\u1ecbch v\u1ee5 Nh\u00e2n sinh, m\u1ed9t trong nh\u1eefng b\u1ed9 ph\u1eadn [&hellip;]<\/p>","protected":false},"author":2,"featured_media":0,"parent":4209,"menu_order":0,"comment_status":"closed","ping_status":"closed","template":"elementor_header_footer","meta":{"footnotes":""},"_links":{"self":[{"href":"https:\/\/gemsgroup.com.vn\/en\/wp-json\/wp\/v2\/pages\/4221"}],"collection":[{"href":"https:\/\/gemsgroup.com.vn\/en\/wp-json\/wp\/v2\/pages"}],"about":[{"href":"https:\/\/gemsgroup.com.vn\/en\/wp-json\/wp\/v2\/types\/page"}],"author":[{"embeddable":true,"href":"https:\/\/gemsgroup.com.vn\/en\/wp-json\/wp\/v2\/users\/2"}],"replies":[{"embeddable":true,"href":"https:\/\/gemsgroup.com.vn\/en\/wp-json\/wp\/v2\/comments?post=4221"}],"version-history":[{"count":34,"href":"https:\/\/gemsgroup.com.vn\/en\/wp-json\/wp\/v2\/pages\/4221\/revisions"}],"predecessor-version":[{"id":5534,"href":"https:\/\/gemsgroup.com.vn\/en\/wp-json\/wp\/v2\/pages\/4221\/revisions\/5534"}],"up":[{"embeddable":true,"href":"https:\/\/gemsgroup.com.vn\/en\/wp-json\/wp\/v2\/pages\/4209"}],"wp:attachment":[{"href":"https:\/\/gemsgroup.com.vn\/en\/wp-json\/wp\/v2\/media?parent=4221"}],"curies":[{"name":"wp","href":"https:\/\/api.w.org\/{rel}","templated":true}]}}