{"id":4247,"date":"2024-05-21T15:07:28","date_gmt":"2024-05-21T08:07:28","guid":{"rendered":"https:\/\/gemswater.vn\/?page_id=4247"},"modified":"2025-09-24T16:49:04","modified_gmt":"2025-09-24T09:49:04","slug":"chung-nhan-iso","status":"publish","type":"page","link":"https:\/\/gemsgroup.com.vn\/en\/chung-nhan-iso\/","title":{"rendered":"ISO certification"},"content":{"rendered":"<div data-elementor-type=\"wp-page\" data-elementor-id=\"4247\" class=\"elementor elementor-4247\" data-elementor-post-type=\"page\">\n\t\t\t\t<div class=\"elementor-element elementor-element-4bb96c8 e-flex e-con-boxed e-con e-parent\" data-id=\"4bb96c8\" data-element_type=\"container\" data-core-v316-plus=\"true\">\n\t\t\t\t\t<div class=\"e-con-inner\">\n\t\t\t\t<div class=\"elementor-element elementor-element-f8e710f elementor-widget elementor-widget-text-editor\" data-id=\"f8e710f\" data-element_type=\"widget\" data-widget_type=\"text-editor.default\">\n\t\t\t\t<div class=\"elementor-widget-container\">\n\t\t\t<style>\/*! elementor - v3.20.0 - 26-03-2024 *\/\n.elementor-widget-text-editor.elementor-drop-cap-view-stacked .elementor-drop-cap{background-color:#69727d;color:#fff}.elementor-widget-text-editor.elementor-drop-cap-view-framed .elementor-drop-cap{color:#69727d;border:3px solid;background-color:transparent}.elementor-widget-text-editor:not(.elementor-drop-cap-view-default) .elementor-drop-cap{margin-top:8px}.elementor-widget-text-editor:not(.elementor-drop-cap-view-default) .elementor-drop-cap-letter{width:1em;height:1em}.elementor-widget-text-editor .elementor-drop-cap{float:left;text-align:center;line-height:1;font-size:50px}.elementor-widget-text-editor .elementor-drop-cap-letter{display:inline-block}<\/style>\t\t\t\t<p>.<\/p>\t\t\t\t\t\t<\/div>\n\t\t\t\t<\/div>\n\t\t\t\t<div class=\"elementor-element elementor-element-a9e71e4 elementor-widget elementor-widget-text-editor\" data-id=\"a9e71e4\" data-element_type=\"widget\" data-widget_type=\"text-editor.default\">\n\t\t\t\t<div class=\"elementor-widget-container\">\n\t\t\t\t\t\t\t<h2><strong>ISO 9001 L\u00c0 G\u00cc?<\/strong><\/h2><p>Ti\u00eau chu\u1ea9n ISO 9001 l\u00e0 m\u1ed9t thu\u1eadt ng\u1eef kh\u00f4ng m\u1ea5y xa l\u1ea1 hi\u1ec7n nay, nh\u1ea5t l\u00e0 v\u1edbi nh\u1eefng doanh nghi\u1ec7p \u0111\u00e3 v\u00e0 \u0111ang s\u1eed d\u1ee5ng h\u1ec7 th\u1ed1ng qu\u1ea3n l\u00fd ch\u1ea5t l\u01b0\u1ee3ng. Ti\u00eau chu\u1ea9n n\u00e0y gi\u00fap cho doanh nghi\u1ec7p v\u1eadn h\u00e0nh h\u1ec7 th\u1ed1ng qu\u1ea3n l\u00fd ch\u1ea5t l\u01b0\u1ee3ng m\u1ed9t c\u00e1ch hi\u1ec7u qu\u1ea3 nh\u1ea5t, gi\u00fap doanh nghi\u1ec7p t\u1ea1o \u0111\u01b0\u1ee3c ni\u1ec1m tin t\u1eeb kh\u00e1ch h\u00e0ng v\u00e0 ph\u00e1t tri\u1ec3n b\u1ec1n v\u1eefng h\u01a1n.<\/p><p><img fetchpriority=\"high\" decoding=\"async\" class=\"aligncenter wp-image-5620 size-full\" src=\"https:\/\/gemsgroup.com.vn\/wp-content\/uploads\/2025\/09\/ISO-9001-cap-lai-23.9.25-1.jpg\" alt=\"\" width=\"1174\" height=\"1612\" srcset=\"https:\/\/gemsgroup.com.vn\/wp-content\/uploads\/2025\/09\/ISO-9001-cap-lai-23.9.25-1.jpg 1174w, https:\/\/gemsgroup.com.vn\/wp-content\/uploads\/2025\/09\/ISO-9001-cap-lai-23.9.25-1-218x300.jpg 218w, https:\/\/gemsgroup.com.vn\/wp-content\/uploads\/2025\/09\/ISO-9001-cap-lai-23.9.25-1-746x1024.jpg 746w, https:\/\/gemsgroup.com.vn\/wp-content\/uploads\/2025\/09\/ISO-9001-cap-lai-23.9.25-1-768x1055.jpg 768w, https:\/\/gemsgroup.com.vn\/wp-content\/uploads\/2025\/09\/ISO-9001-cap-lai-23.9.25-1-1119x1536.jpg 1119w, https:\/\/gemsgroup.com.vn\/wp-content\/uploads\/2025\/09\/ISO-9001-cap-lai-23.9.25-1-9x12.jpg 9w, https:\/\/gemsgroup.com.vn\/wp-content\/uploads\/2025\/09\/ISO-9001-cap-lai-23.9.25-1-600x824.jpg 600w\" sizes=\"(max-width: 1174px) 100vw, 1174px\" \/><\/p><p>\u00a0<\/p><p><strong>ISO 9001 l\u00e0 g\u00ec?<\/strong><\/p><p>Ti\u00eau chu\u1ea9n ISO 9001 l\u00e0 m\u1ed9t ti\u00eau chu\u1ea9n qu\u1ed1c t\u1ebf v\u1ec1 h\u1ec7 th\u1ed1ng qu\u1ea3n l\u00fd ch\u1ea5t l\u01b0\u1ee3ng, do T\u1ed5 ch\u1ee9c Ti\u00eau chu\u1ea9n h\u00f3a Qu\u1ed1c t\u1ebf ban h\u00e0nh v\u00e0 \u0111\u01b0\u1ee3c s\u1eed d\u1ee5ng c\u0169ng nh\u01b0 c\u00f4ng nh\u1eadn tr\u00ean to\u00e0n th\u1ebf gi\u1edbi.<\/p><p>B\u1ea1n c\u00f3 th\u1ec3 hi\u1ec3u ISO 9001 nh\u01b0 sau: N\u00f3 l\u00e0 x\u00e1c \u0111\u1ecbnh m\u1ed9t t\u1eadp h\u1ee3p c\u00e1c y\u00eau c\u1ea7u kh\u1eaft khe v\u1ec1 qu\u1ea3n l\u00fd ch\u1ea5t l\u01b0\u1ee3ng, bao g\u1ed3m nh\u1eefng ph\u1ea7n nh\u01b0:<\/p><p>&#8211; B\u1ed1i c\u1ea3nh c\u1ee7a t\u1ed5 ch\u1ee9c, doanh nghi\u1ec7p<\/p><p>&#8211; S\u1ef1 l\u00e3nh \u0111\u1ea1o<\/p><p>&#8211; Ho\u1ea1ch \u0111\u1ecbnh<\/p><p>&#8211; H\u1ed7 tr\u1ee3<\/p><p>&#8211; Th\u1ef1c hi\u1ec7n<\/p><p>&#8211; \u0110\u00e1nh gi\u00e1 k\u1ebft qu\u1ea3 th\u1ef1c hi\u1ec7n<\/p><p>&#8211; C\u1ea3i ti\u1ebfn.<\/p><p><strong>C\u00e1c phi\u00ean b\u1ea3n c\u1ee7a ti\u00eau chu\u1ea9n ISO 9001<\/strong><\/p><p>T\u1eeb khi \u0111\u01b0\u1ee3c ban h\u00e0nh \u0111\u1ebfn nay, ISO 9001 \u0111\u00e3 tr\u1ea3i qua 5 phi\u00ean b\u1ea3n kh\u00e1c nhau, c\u1ee5 th\u1ec3 nh\u01b0:<\/p><p>&#8211; Phi\u00ean b\u1ea3n ISO 9001:1987 (ti\u00eau chu\u1ea9n qu\u1ea3n l\u00fd ch\u1ea5t l\u01b0\u1ee3ng &#8211; m\u00f4 h\u00ecnh \u0111\u1ea3m b\u1ea3o ch\u1ea5t l\u01b0\u1ee3ng trong thi\u1ebft k\u1ebf\/tri\u1ec3n khai, s\u1ea3n xu\u1ea5t, l\u1eafp \u0111\u1eb7t v\u00e0 d\u1ecbch v\u1ee5 k\u1ef9 thu\u1eadt)<\/p><p>&#8211; Phi\u00ean b\u1ea3n ISO 9001:1994 (ti\u00eau chu\u1ea9n Vi\u1ec7t Nam t\u01b0\u01a1ng \u0111\u01b0\u01a1ng TCVN ISO 9001:1996)<\/p><p>&#8211; Phi\u00ean b\u1ea3n ISO 9001:2000 (ti\u00eau chu\u1ea9n Vi\u1ec7t Nam t\u01b0\u01a1ng \u0111\u01b0\u01a1ng TCVN ISO 9001:2000)<\/p><p>&#8211; Phi\u00ean b\u1ea3n ISO 9001:2008 (ti\u00eau chu\u1ea9n Vi\u1ec7t Nam t\u01b0\u01a1ng \u0111\u01b0\u01a1ng TCVN ISO 9001:2008)<\/p><p>&#8211; Phi\u00ean b\u1ea3n ISO 9001:2015 (ti\u00eau chu\u1ea9n Vi\u1ec7t Nam t\u01b0\u01a1ng \u0111\u01b0\u01a1ng TCVN ISO 9001:2015) \u0111\u00e2y l\u00e0 phi\u00ean b\u1ea3n hi\u1ec7n h\u00e0nh m\u1edbi nh\u1ea5t.<\/p><p>Trong \u0111\u00f3, \u0111i\u1ec3m c\u1ea3i ti\u1ebfn \u0111\u00e1ng l\u01b0u \u00fd c\u1ee7a ISO 9001:2015 so v\u1edbi nh\u1eefng phi\u00ean b\u1ea3n c\u0169 l\u00e0 vi\u1ec7c ti\u1ebfp c\u1eadn t\u01b0 duy d\u1ef1a tr\u00ean s\u1ef1 r\u1ee7i ro. C\u00e1ch t\u01b0 duy n\u00e0y gi\u00fap t\u1ed5 ch\u1ee9c x\u00e1c \u0111\u1ecbnh c\u00e1c y\u1ebfu t\u1ed1 c\u00f3 th\u1ec3 l\u00e0 nguy\u00ean nh\u00e2n khi\u1ebfn to\u00e0n b\u1ed9 qu\u00e1 tr\u00ecnh v\u00e0 h\u1ec7 th\u1ed1ng qu\u1ea3n l\u00fd l\u1ec7ch kh\u1ecfi ho\u1ea1ch \u0111\u1ecbnh ban \u0111\u1ea7u. \u00a0<\/p><p>\u00a0\u00a0\u00a0\u00a0\u00a0\u00a0\u00a0\u00a0\u00a0\u00a0 T\u1eeb \u0111\u00f3, t\u1ed5 ch\u1ee9c c\u00f3 th\u1ec3 \u0111\u01b0a ra c\u00e1c bi\u1ec7n ph\u00e1p ph\u00f2ng ng\u1eeba v\u1edbi m\u1ee5c \u0111\u00edch gi\u1ea3m thi\u1ec3u c\u00e1c c\u00e1c \u0111\u1ed9ng ti\u00eau c\u1ef1c v\u00e0 t\u1eadn d\u1ee5ng t\u1ed1i \u0111a c\u01a1 h\u1ed9i khi n\u00f3 xu\u1ea5t hi\u1ec7n. \u0110\u1ec3 \u0111i\u1ec1u ch\u1ec9nh ch\u1ea5t l\u01b0\u1ee3ng h\u00e0ng h\u00f3a v\u00e0 d\u1ecbch v\u1ee5, ti\u00eau chu\u1ea9n n\u00e0y \u00e1p d\u1ee5ng quy tr\u00ecnh &#8220;Ho\u1ea1ch \u0111\u1ecbnh &#8211; th\u1ef1c hi\u1ec7n &#8211; ki\u1ec3m tra &#8211; h\u00e0nh \u0111\u1ed9ng&#8221;.<\/p><p>Ngo\u00e0i ra, ISO 9001:2015 c\u0169ng c\u00f3 s\u1ef1 thay \u0111\u1ed5i l\u1edbn trong nguy\u00ean t\u1eafc qu\u1ea3n l\u00fd ch\u1ea5t l\u01b0\u1ee3ng nh\u01b0: S\u1ef1 l\u00e3nh \u0111\u1ea1o; s\u1ef1 tham gia c\u1ee7a m\u1ecdi ng\u01b0\u1eddi; ti\u1ebfp c\u1eadn theo qu\u00e1 tr\u00ecnh; c\u1ea3i ti\u1ebfn; quy\u1ebft \u0111\u1ecbnh d\u1ef1a tr\u00ean b\u1eb1ng ch\u1ee9ng; qu\u1ea3n l\u00fd m\u1ed1i quan h\u1ec7.<\/p><p><strong>L\u00fd do ti\u00eau chu\u1ea9n ISO 9001 r\u1ea5t quan tr\u1ecdng \u0111\u1ed1i v\u1edbi doanh nghi\u1ec7p<\/strong><\/p><p>Th\u1ef1c t\u1ebf, ISO 9001 \u0111\u01b0\u1ee3c \u00e1p d\u1ee5ng r\u1ed9ng r\u00e3i tr\u00ean to\u00e0n th\u1ebf gi\u1edbi, v\u00ec v\u1eady c\u00f3 \u0111\u01b0\u1ee3c <u><a href=\"https:\/\/chungnhaniso.org.vn\/chung-nhan-iso-90012015\" target=\"_blank\" rel=\"noopener\">ch\u1ee9ng nh\u1eadn ISO 9001<\/a><\/u>, ch\u1ee9ng minh doanh nghi\u1ec7p \u0111ang c\u00f3 h\u1ec7 th\u1ed1ng qu\u1ea3n l\u00fd ch\u1ea5t l\u01b0\u1ee3ng hi\u1ec7u qu\u1ea3 v\u00e0 \u0111\u00e1p \u1ee9ng \u0111\u01b0\u1ee3c ti\u00eau chu\u1ea9n chung c\u1ee7a qu\u1ed1c t\u1ebf.\u00a0<\/p><p>\u0110\u00e2y l\u00e0 minh ch\u1ee9ng doanh nghi\u1ec7p b\u1ea1n ho\u00e0n to\u00e0n c\u00f3 th\u1ec3 \u0111\u00e1p \u1ee9ng m\u1ecdi y\u00eau c\u1ea7u v\u00e0 n\u00e2ng cao s\u1ef1 h\u00e0i l\u00f2ng c\u1ee7a kh\u00e1ch h\u00e0ng. M\u1ed9t s\u1ed1 \u0111i\u1ec3m quan tr\u1ecdng m\u00e0 ISO 9001 mang l\u1ea1i ph\u1ea3i k\u1ec3 \u0111\u1ebfn nh\u01b0:<\/p><p><strong>&#8211; Ph\u01b0\u01a1ng ph\u00e1p ti\u1ebfp c\u1eadn theo qu\u00e1 tr\u00ecnh<\/strong><\/p><p>\u0110\u00e2y l\u00e0 tr\u1ecdng t\u00e2m c\u1ee7a ti\u00eau chu\u1ea9n ISO 9001:2015, nh\u1edd c\u00e1ch ti\u1ebfp c\u1eadn n\u00e0y \u0111\u00e3 mang l\u1ea1i nhi\u1ec1u l\u1ee3i \u00edch to l\u1edbn cho doanh nghi\u1ec7p. Khi ph\u00e1c th\u1ea3o b\u1ea3n \u0111\u1ed3 quy tr\u00ecnh, x\u00e1c \u0111\u1ecbnh s\u01a1 \u0111\u1ed3 ho\u1ea1t \u0111\u1ed9ng, s\u1ed1 li\u1ec7u thu ph\u00ed v\u00e0 k\u1ebft qu\u1ea3 gi\u00fap ch\u00ednh th\u1ee9c h\u00f3a c\u00e1c quy tr\u00ecnh \u0111\u1ec1 ra, gi\u00fap vi\u1ec7c h\u00e0nh \u0111\u1ed9ng \u0111\u01b0\u1ee3c hi\u1ec7u qu\u1ea3 h\u01a1n.<\/p><p>C\u01a1 s\u1edf ti\u00eau chu\u1ea9n ISO l\u00e0 t\u01b0 duy l\u1eb7p \u0111i l\u1eb7p l\u1ea1i, v\u00f2ng l\u1eb7p k\u1ebf ho\u1ea1ch &#8211; th\u1ef1c hi\u1ec7n &#8211; ki\u1ec3m tra &#8211; h\u00e0nh \u0111\u1ed9ng l\u00e0 m\u00f4 h\u00ecnh th\u00edch h\u1ee3p nh\u1ea5t khi c\u1ea7n linh ho\u1ea1t v\u00e0 \u0111i\u1ec1u ch\u1ec9nh nh\u1eb1m mang l\u1ea1i k\u1ebft qu\u1ea3 nh\u1ea5t qu\u00e1n, hay ch\u1ea5p nh\u1eadn c\u00e1c thay \u0111\u1ed5i d\u1ef1a tr\u00ean v\u00f2ng l\u1eb7p ti\u1ebfp theo. \u0110\u00e2y l\u00e0 y\u1ebfu t\u1ed1 quy\u1ebft \u0111\u1ecbnh \u0111\u1ebfn th\u00e0nh c\u00f4ng c\u1ee7a m\u1ed9t doanh nghi\u1ec7p.<\/p><p><strong>&#8211; Qu\u1ea3n l\u00fd r\u1ee7i ro<\/strong><\/p><p>Theo kh\u00e1i ni\u1ec7m ISO 9001 l\u00e0 g\u00ec, c\u00f3 th\u1ec3 n\u00f3i c\u00f4ng t\u00e1c qu\u1ea3n l\u00fd r\u1ee7i ro \u0111\u01b0\u1ee3c th\u00fac \u0111\u1ea9y b\u1edfi ISO 9001, \u0111\u00e2y l\u00e0 ph\u01b0\u01a1ng ph\u00e1p hay v\u00e0 h\u1eefu hi\u1ec7u nh\u1ea5t d\u00e0nh cho doanh nghi\u1ec7p.\u00a0<\/p><p>N\u00f3 kh\u00f4ng ch\u1ec9 th\u00fac \u0111\u1ea9y nh\u00e2n vi\u00ean g\u1eb7p g\u1ee1 v\u00e0 x\u00e1c \u0111\u1ecbnh r\u1ee7i ro c\u1ee7a t\u1eebng d\u1ef1 \u00e1n, \u0111\u00e1nh gi\u00e1 r\u1ee7i ro \u0111\u00f3, m\u00e0 n\u00f3 c\u00f2n t\u1ea1o ra nh\u1eefng tranh lu\u1eadn v\u1ec1 nh\u1eefng h\u00e0nh \u0111\u1ed9ng gi\u1ea3m thi\u1ec3u, h\u1ea1n ch\u1ebf th\u00edch h\u1ee3p nh\u1ea5t l\u00e0 g\u00ec nh\u1eb1m gi\u1ea3m t\u00e1c \u0111\u1ed9ng c\u1ee7a r\u1ee7i ro hay ng\u0103n ch\u1eb7n s\u1ef1 xu\u1ea5t hi\u1ec7n c\u1ee7a c\u00e1c r\u1ee7i ro l\u1edbn h\u01a1n.<\/p><p>K\u1ebft qu\u1ea3 mang l\u1ea1i ch\u00ednh l\u00e0 n\u1ebfu x\u1ea3y ra r\u1ee7i ro, \u0111\u1ed9i ng\u0169 nh\u00e2n vi\u00ean s\u1ebd c\u00f3 \u00edt ph\u1ea3n \u1ee9ng c\u1ea3m t\u00ednh v\u00e0 c\u00f3 nhi\u1ec1u h\u00e0nh \u0111\u1ed9ng x\u1eed l\u00fd chuy\u00ean nghi\u1ec7p h\u01a1n gi\u00fap c\u1ee7ng c\u1ed1 v\u00e0 t\u1ed1i \u0111a h\u00f3a c\u01a1 h\u1ed9i th\u00e0nh c\u00f4ng.<\/p><p><strong>&#8211; H\u01b0\u1edbng v\u00e0o kh\u00e1ch h\u00e0ng<\/strong><\/p><p>Hi\u1ec7n nay, h\u01a1n 80% c\u00e1c quy tr\u00ecnh c\u1ee7a m\u1ed9t doanh nghi\u1ec7p \u0111i\u1ec1u h\u01b0\u1edbng tr\u1ef1c ti\u1ebfp v\u00e0o kh\u00e1ch h\u00e0ng v\u00e0 ti\u00eau chu\u1ea9n ISO 9001:2015 l\u1ea1i li\u00ean quan \u0111\u1ebfn ch\u00ednh quy tr\u00ecnh b\u00e1n h\u00e0ng. B\u1edfi c\u00e1c h\u00e0nh \u0111\u1ed9ng ch\u00ednh nh\u01b0 \u0111\u00e1p \u1ee9ng y\u00eau c\u1ea7u c\u1ee7a kh\u00e1ch, n\u00e2ng cao h\u00e0i l\u00f2ng v\u00e0 t\u1eadn d\u1ee5ng s\u1ef1 tham gia c\u1ee7a kh\u00e1ch h\u00e0ng \u0111\u1ec3 c\u1ea3i thi\u1ec7n h\u1ec7 th\u1ed1ng \u0111\u1ec1u \u0111\u01b0\u1ee3c x\u1ebfp v\u00e0o nh\u00f3m b\u00e1n h\u00e0ng.<\/p><p>Do v\u1eady, khi doanh nghi\u1ec7p c\u00f3 ch\u1ee9ng nh\u1eadn ISO 9001 nh\u01b0 m\u1ed9t ph\u1ea7n th\u01b0\u1edfng b\u1ed5 sung cho ph\u00e9p doanh nghi\u1ec7p c\u00f3 th\u1ec3 \u0111\u00e1p \u1ee9ng y\u00eau c\u1ea7u c\u1ee7a kh\u00e1ch h\u00e0ng c\u0169ng nh\u01b0 n\u00e2ng cao s\u1ef1 h\u00e0i l\u00f2ng c\u1ee7a ng\u01b0\u1eddi d\u00f9ng khi ti\u1ebfn h\u00e0nh kinh doanh.<\/p><p><strong>L\u1ee3i \u00edch khi \u00e1p d\u1ee5ng ti\u00eau chu\u1ea9n ISO 9001<\/strong><\/p><p><strong>\u0110\u1ed1i v\u1edbi doanh nghi\u1ec7p<\/strong><\/p><p>\u00c1p d\u1ee5ng ti\u00eau chu\u1ea9n ISO 9001 mang l\u1ea1i nh\u1eefng l\u1ee3i \u00edch v\u01b0\u1ee3t tr\u1ed9i v\u00e0 thi\u1ebft th\u1ef1c cho doanh nghi\u1ec7p nh\u01b0:<\/p><p>&#8211; Ban l\u00e3nh \u0111\u1ea1o qu\u1ea3n l\u00fd ho\u1ea1t \u0111\u1ed9ng c\u1ee7a doanh nghi\u1ec7p hi\u1ec7u qu\u1ea3, khoa h\u1ecdc h\u01a1n<\/p><p>&#8211; C\u1ee7ng c\u1ed1 v\u00e0 t\u0103ng th\u00eam uy t\u00edn c\u1ee7a l\u00e3nh \u0111\u1ea1o<\/p><p>&#8211; H\u1ec7 th\u1ed1ng qu\u1ea3n l\u00fd ch\u1ea5t l\u01b0\u1ee3ng g\u1ecdn nh\u1eb9, ch\u1eb7t ch\u1ebd, v\u1eadn h\u00e0nh nhanh ch\u00f3ng v\u00e0 hi\u1ec7u qu\u1ea3<\/p><p>&#8211; C\u1ea3i thi\u1ec7n t\u1ed1t hi\u1ec7u qu\u1ea3 kinh doanh, gi\u00fap t\u0103ng l\u1ee3i nhu\u1eadn v\u00e0 ti\u1ebft ki\u1ec7m chi ph\u00ed<\/p><p>&#8211; Ki\u1ec3m so\u00e1t nghi\u00eam ng\u1eb7t c\u00e1c c\u00f4ng \u0111o\u1ea1n trong s\u1ea3n xu\u1ea5t, kinh doanh, d\u1ecbch v\u1ee5<\/p><p>&#8211; S\u1ea3n ph\u1ea9m, h\u00e0ng h\u00f3a c\u00f3 ch\u1ea5t l\u01b0\u1ee3ng \u1ed5n \u0111\u1ecbnh, n\u00e2ng cao n\u0103ng su\u1ea5t, gi\u1ea3m ph\u1ebf ph\u1ea9m v\u00e0 tr\u00e1nh ph\u00e1t sinh chi ph\u00ed kh\u00f4ng c\u1ea7n thi\u1ebft<\/p><p>&#8211; N\u00e2ng cao ch\u1ea5t l\u01b0\u1ee3ng s\u1ea3n ph\u1ea9m, c\u1ea3i ti\u1ebfn l\u1ea1i c\u00e1c qu\u00e1 trinh<\/p><p>&#8211; T\u0103ng s\u1ea3n l\u01b0\u1ee3ng h\u00e0ng h\u00f3a<\/p><p>&#8211; T\u1ea1o \u0111\u01b0\u1ee3c m\u1ed1i quan h\u1ec7 b\u1ec1n ch\u1eb7t gi\u1eefa l\u00e3nh \u0111\u1ea1o v\u00e0 nh\u00e2n vi\u00ean<\/p><p>&#8211; Gi\u1ea3i quy\u1ebft c\u00e1c m\u00e2u thu\u1eabn, b\u1ea5t \u0111\u1ed3ng trong n\u1ed9i b\u1ed9, gi\u1ea3m thi\u1ec3u nh\u1eefng xung \u0111\u1ed9t v\u1ec1 th\u00f4ng tin<\/p><p>&#8211; N\u00e2ng cao tinh th\u1ea7n l\u00e0m vi\u1ec7c v\u00e0 th\u00e1i \u0111\u1ed9i c\u1ee7a nh\u00e2n vi\u00ean b\u1edfi h\u1ecd bi\u1ebft r\u00f5 tr\u00e1ch nhi\u1ec7m v\u00e0 quy\u1ec1n h\u1ea1n c\u1ee7a m\u00ecnh, gi\u00fap ch\u1ee7 \u0111\u1ed9ng h\u01a1n trong c\u00f4ng vi\u1ec7c<\/p><p>&#8211; Kh\u00f4ng ng\u1eebng c\u1ea3i ti\u1ebfn \u0111\u1ec3 cung c\u1ea5p s\u1ea3n ph\u1ea9m th\u1ecfa m\u00e3n \u0111\u01b0\u1ee3c m\u1ecdi y\u00eau c\u1ea7u c\u1ee7a kh\u00e1ch h\u00e0ng.<\/p><p><strong>\u0110\u1ed1i v\u1edbi kh\u00e1ch h\u00e0ng<\/strong><\/p><p>&#8211; Nh\u1edd s\u1ea3n ph\u1ea9m ch\u1ea5t l\u01b0\u1ee3ng \u1ed5n \u0111\u1ecbnh, h\u1ea1n ch\u1ebf h\u01b0 h\u1ecfng gi\u00fap t\u1ea1o ni\u1ec1m tin cho kh\u00e1ch h\u00e0ng v\u00e0 chi\u1ebfm l\u0129nh th\u1ecb tr\u01b0\u1eddng<\/p><p>&#8211; \u0110\u00e1p \u1ee9ng c\u00e1c y\u00eau c\u1ea7u \u0111\u1ea3m b\u1ea3o ch\u1ea5t l\u01b0\u1ee3ng m\u00e0 kh\u00e1ch h\u00e0ng quan t\u00e2m<\/p><p>&#8211; Th\u1ecfa m\u00e3n nhu c\u1ea7u ng\u00e0y c\u00e0ng cao c\u1ee7a kh\u00e1ch h\u00e0ng<\/p><p>&#8211; Gi\u00e0nh \u01b0u th\u1ebf trong c\u1ea1nh tranh, ph\u00e1t tri\u1ec3n th\u1ecb ph\u1ea7n<\/p><p>&#8211; T\u0103ng uy t\u00edn tr\u00ean th\u1ecb tr\u01b0\u1eddng, t\u1ea1o ra m\u1ed9t con \u0111\u01b0\u1eddng thu\u1eadn l\u1ee3i gi\u00fap th\u00e2m nh\u1eadp v\u00e0o th\u1ecb tr\u01b0\u1eddng khu v\u1ef1c v\u00e0 qu\u1ed1c t\u1ebf<\/p><p>&#8211; Kh\u1eb3ng \u0111\u1ecbnh uy t\u00edn v\u1ec1 ch\u1ea5t l\u01b0\u1ee3ng s\u1ea3n ph\u1ea9m hay h\u00e0ng h\u00f3a c\u1ee7a doanh nghi\u1ec7p<\/p><p>&#8211; C\u00f3 th\u1ec3 \u0111\u00e1p \u1ee9ng c\u00e1c \u0111\u00f2i h\u1ecfi c\u1ee7a Ng\u00e0nh v\u00e0 Nh\u00e0 N\u01b0\u1edbc trong vi\u1ec7c qu\u1ea3n l\u00fd ch\u1ea5t l\u01b0\u1ee3ng.<\/p><p>Qua b\u00e0i chia s\u1ebb tr\u00ean, hy v\u1ecdng ph\u1ea7n n\u00e0o \u0111\u00e3 gi\u00fap b\u1ea1n hi\u1ec3u r\u00f5 \u0111\u01b0\u1ee3c ISO 9001 l\u00e0 g\u00ec c\u00f9ng m\u1ed9t s\u1ed1 th\u00f4ng tin li\u00ean quan.<\/p>\t\t\t\t\t\t<\/div>\n\t\t\t\t<\/div>\n\t\t\t\t\t<\/div>\n\t\t\t\t<\/div>\n\t\t\t\t<\/div>","protected":false},"excerpt":{"rendered":"<p>. ISO 9001 L\u00c0 G\u00cc? Ti\u00eau chu\u1ea9n ISO 9001 l\u00e0 m\u1ed9t thu\u1eadt ng\u1eef kh\u00f4ng m\u1ea5y xa l\u1ea1 hi\u1ec7n nay, nh\u1ea5t l\u00e0 v\u1edbi nh\u1eefng doanh nghi\u1ec7p \u0111\u00e3 v\u00e0 \u0111ang s\u1eed d\u1ee5ng h\u1ec7 th\u1ed1ng qu\u1ea3n l\u00fd ch\u1ea5t l\u01b0\u1ee3ng. Ti\u00eau chu\u1ea9n n\u00e0y gi\u00fap cho doanh nghi\u1ec7p v\u1eadn h\u00e0nh h\u1ec7 th\u1ed1ng qu\u1ea3n l\u00fd ch\u1ea5t l\u01b0\u1ee3ng m\u1ed9t c\u00e1ch hi\u1ec7u qu\u1ea3 [&hellip;]<\/p>","protected":false},"author":2,"featured_media":0,"parent":0,"menu_order":0,"comment_status":"closed","ping_status":"closed","template":"elementor_header_footer","meta":{"footnotes":""},"_links":{"self":[{"href":"https:\/\/gemsgroup.com.vn\/en\/wp-json\/wp\/v2\/pages\/4247"}],"collection":[{"href":"https:\/\/gemsgroup.com.vn\/en\/wp-json\/wp\/v2\/pages"}],"about":[{"href":"https:\/\/gemsgroup.com.vn\/en\/wp-json\/wp\/v2\/types\/page"}],"author":[{"embeddable":true,"href":"https:\/\/gemsgroup.com.vn\/en\/wp-json\/wp\/v2\/users\/2"}],"replies":[{"embeddable":true,"href":"https:\/\/gemsgroup.com.vn\/en\/wp-json\/wp\/v2\/comments?post=4247"}],"version-history":[{"count":11,"href":"https:\/\/gemsgroup.com.vn\/en\/wp-json\/wp\/v2\/pages\/4247\/revisions"}],"predecessor-version":[{"id":5623,"href":"https:\/\/gemsgroup.com.vn\/en\/wp-json\/wp\/v2\/pages\/4247\/revisions\/5623"}],"wp:attachment":[{"href":"https:\/\/gemsgroup.com.vn\/en\/wp-json\/wp\/v2\/media?parent=4247"}],"curies":[{"name":"wp","href":"https:\/\/api.w.org\/{rel}","templated":true}]}}