{"id":4256,"date":"2024-05-21T15:30:01","date_gmt":"2024-05-21T08:30:01","guid":{"rendered":"https:\/\/gemswater.vn\/?page_id=4256"},"modified":"2025-05-02T16:24:09","modified_gmt":"2025-05-02T09:24:09","slug":"chung-nhan-thu-nghiem-quatest-3","status":"publish","type":"page","link":"https:\/\/gemsgroup.com.vn\/en\/chung-nhan-thu-nghiem-quatest-3\/","title":{"rendered":"CERTIFIED TEST REPORTS 3"},"content":{"rendered":"<div data-elementor-type=\"wp-page\" data-elementor-id=\"4256\" class=\"elementor elementor-4256\" data-elementor-post-type=\"page\">\n\t\t\t\t<div class=\"elementor-element elementor-element-b425409 e-flex e-con-boxed e-con e-parent\" data-id=\"b425409\" data-element_type=\"container\" data-core-v316-plus=\"true\">\n\t\t\t\t\t<div class=\"e-con-inner\">\n\t\t\t\t<div class=\"elementor-element elementor-element-c8af6b9 elementor-widget elementor-widget-text-editor\" data-id=\"c8af6b9\" data-element_type=\"widget\" data-widget_type=\"text-editor.default\">\n\t\t\t\t<div class=\"elementor-widget-container\">\n\t\t\t<style>\/*! elementor - v3.20.0 - 26-03-2024 *\/\n.elementor-widget-text-editor.elementor-drop-cap-view-stacked .elementor-drop-cap{background-color:#69727d;color:#fff}.elementor-widget-text-editor.elementor-drop-cap-view-framed .elementor-drop-cap{color:#69727d;border:3px solid;background-color:transparent}.elementor-widget-text-editor:not(.elementor-drop-cap-view-default) .elementor-drop-cap{margin-top:8px}.elementor-widget-text-editor:not(.elementor-drop-cap-view-default) .elementor-drop-cap-letter{width:1em;height:1em}.elementor-widget-text-editor .elementor-drop-cap{float:left;text-align:center;line-height:1;font-size:50px}.elementor-widget-text-editor .elementor-drop-cap-letter{display:inline-block}<\/style>\t\t\t\t<h2><strong>K\u1ebft qu\u1ea3 th\u1eed nghi\u1ec7m \u0111\u1ea1t chu\u1ea9n Quatest 3 l\u00e0 g\u00ec?<\/strong><\/h2><p>Chu\u1ea9n Quatest 3 l\u00e0 ti\u00eau chu\u1ea9n \u0111o l\u01b0\u1eddng ch\u1ea5t l\u01b0\u1ee3ng \u0111\u01b0\u1ee3c Trung T\u00e2m K\u1ef9 Thu\u1eadt Ti\u00eau Chu\u1ea9n \u0110o l\u01b0\u1eddng ch\u1ea5t l\u01b0\u1ee3ng 3 (QUATEST 3) x\u00e1c nh\u1eadn cung c\u1ea5p cho c\u00e1c doanh nghi\u1ec7p, c\u00e1 nh\u00e2n c\u1ea7n x\u00e1c nh\u1eadn s\u1ea3n ph\u1ea9m, h\u00e0ng ho\u00e1 \u0111\u1ea1t chu\u1ea9n ch\u1ea5t l\u01b0\u1ee3ng an to\u00e0n, s\u1ea3n ph\u1ea9m s\u1ea1ch,&#8230; \u0111\u00e3 \u0111\u01b0\u1ee3c ki\u1ec3m \u0111\u1ecbnh v\u00e0 \u0111\u01b0\u1ee3c ph\u00e9p cung c\u1ea5p ra th\u1ecb tr\u01b0\u1eddng.<\/p><p><img fetchpriority=\"high\" decoding=\"async\" class=\"aligncenter wp-image-4261 size-full\" src=\"https:\/\/gemsgroup.com.vn\/wp-content\/uploads\/2024\/05\/NUOC-ION-KIEM.jpg\" alt=\"\" width=\"1246\" height=\"1663\" srcset=\"https:\/\/gemsgroup.com.vn\/wp-content\/uploads\/2024\/05\/NUOC-ION-KIEM.jpg 1246w, https:\/\/gemsgroup.com.vn\/wp-content\/uploads\/2024\/05\/NUOC-ION-KIEM-225x300.jpg 225w, https:\/\/gemsgroup.com.vn\/wp-content\/uploads\/2024\/05\/NUOC-ION-KIEM-767x1024.jpg 767w, https:\/\/gemsgroup.com.vn\/wp-content\/uploads\/2024\/05\/NUOC-ION-KIEM-768x1025.jpg 768w, https:\/\/gemsgroup.com.vn\/wp-content\/uploads\/2024\/05\/NUOC-ION-KIEM-1151x1536.jpg 1151w, https:\/\/gemsgroup.com.vn\/wp-content\/uploads\/2024\/05\/NUOC-ION-KIEM-9x12.jpg 9w, https:\/\/gemsgroup.com.vn\/wp-content\/uploads\/2024\/05\/NUOC-ION-KIEM-600x801.jpg 600w\" sizes=\"(max-width: 1246px) 100vw, 1246px\" \/><\/p><p>Khi c\u00e1c b\u1ea1n th\u1ea5y c\u00e1c ti\u00eau chu\u1ea9n n\u00e0y \u1edf c\u00e1c s\u1ea3n ph\u1ea9m \u0111ang s\u1eed d\u1ee5ng th\u00ec y\u00ean t\u00e2m v\u1ec1 ch\u1ea5t l\u01b0\u1ee3ng \u0111\u00e3 \u0111\u01b0\u1ee3c ki\u1ec3m \u0111\u1ecbnh v\u1ec1 \u0111\u1ed9 an to\u00e0n khi s\u1eed d\u1ee5ng, kh\u00f4ng g\u00e2y \u1ea3nh h\u01b0\u1edfng t\u1edbi s\u1ee9c kh\u1ecfe ng\u01b0\u1eddi s\u1eed d\u1ee5ng.<\/p><p><u><a href=\"https:\/\/lovemama.vn\/hoi-dap\/quatest-3-la-gi#toc_container\" target=\"_blank\" rel=\"noopener\">\u2191<\/a><\/u>\u00a0\u00a0\u00a0\u00a0\u00a0\u00a0\u00a0 <strong>Chu\u1ea9n Quatest 3 bao g\u1ed3m?<\/strong><\/p><p>Th\u1eed nghi\u1ec7m ph\u00e2n t\u00edch th\u00e0nh ph\u1ea7n ch\u1ea5t l\u01b0\u1ee3ng s\u1ea3n ph\u1ea9m theo y\u00eau c\u1ea7u c\u1ee7a nh\u00e0 n\u01b0\u1edbc v\u1ec1 t\u1eebng b\u1ed9 ng\u00e0nh.<\/p><p><img decoding=\"async\" class=\"aligncenter wp-image-4262 size-full\" src=\"https:\/\/gemsgroup.com.vn\/wp-content\/uploads\/2024\/05\/NUOC-THUY-CUC.jpg\" alt=\"\" width=\"1244\" height=\"1660\" srcset=\"https:\/\/gemsgroup.com.vn\/wp-content\/uploads\/2024\/05\/NUOC-THUY-CUC.jpg 1244w, https:\/\/gemsgroup.com.vn\/wp-content\/uploads\/2024\/05\/NUOC-THUY-CUC-225x300.jpg 225w, https:\/\/gemsgroup.com.vn\/wp-content\/uploads\/2024\/05\/NUOC-THUY-CUC-767x1024.jpg 767w, https:\/\/gemsgroup.com.vn\/wp-content\/uploads\/2024\/05\/NUOC-THUY-CUC-768x1025.jpg 768w, https:\/\/gemsgroup.com.vn\/wp-content\/uploads\/2024\/05\/NUOC-THUY-CUC-1151x1536.jpg 1151w, https:\/\/gemsgroup.com.vn\/wp-content\/uploads\/2024\/05\/NUOC-THUY-CUC-9x12.jpg 9w, https:\/\/gemsgroup.com.vn\/wp-content\/uploads\/2024\/05\/NUOC-THUY-CUC-600x801.jpg 600w\" sizes=\"(max-width: 1244px) 100vw, 1244px\" \/><\/p><p>Ch\u1ee9ng nh\u1eadn s\u1ea3n ph\u1ea9m \u0111\u1ea1t ti\u00eau chu\u1ea9n ch\u1ea5t l\u01b0\u1ee3ng t\u1ea1i c\u01a1 s\u1edf s\u1ea3n xu\u1ea5t.<\/p><p>Gi\u00e1m \u0111\u1ecbnh, th\u1ea9m \u0111\u1ecbnh k\u1ef9 thu\u1eadt, ch\u1ee9ng nh\u1eadn h\u00e0ng h\u00f3a \u0111\u00f3ng g\u00f3i, ch\u1ea5t l\u01b0\u1ee3ng c\u00f3 \u0111\u1ea1t chu\u1ea9n theo y\u00eau c\u1ea7u c\u01a1 quan qu\u1ea3n l\u00fd chuy\u00ean ng\u00e0nh.<\/p><p>Ch\u1ee9ng nh\u1eadn s\u1ea3n ph\u1ea9m h\u00e0ng h\u00f3a nh\u1eadp kh\u1ea9u c\u00f3 \u0111\u1ea1t chu\u1ea9n c\u1ee7a qu\u1ed1c gia hay kh\u00f4ng.<\/p><p>Ch\u1ee9ng nh\u1eadn qu\u1ea3n l\u00fd h\u1ec7 th\u1ed1ng c\u00f3 ph\u00f9 h\u1ee3p v\u1edbi ti\u00eau chu\u1ea9n Vi\u1ec7t Nam v\u00e0 Qu\u1ed1c T\u1ebf hay, d\u1ef1a tr\u00ean ti\u00eau chu\u1ea9n TCVN ISO\/IEC 17021-1:2015 &amp; ISO\/IEC TS 17021-1:2013 \u201c\u0110\u00e1nh gi\u00e1 s\u1ef1 ph\u00f9 h\u1ee3p \u2013 Y\u00eau c\u1ea7u \u0111\u1ed1i v\u1edbi t\u1ed5 ch\u1ee9c \u0111\u00e1nh gi\u00e1 v\u00e0 ch\u1ee9ng nh\u1eadn h\u1ec7 th\u1ed1ng qu\u1ea3n l\u00fd\u201d.<\/p><p><img decoding=\"async\" class=\"aligncenter wp-image-4263 size-full\" src=\"https:\/\/gemsgroup.com.vn\/wp-content\/uploads\/2024\/05\/NUOC-TINH-KHIET.jpg\" alt=\"\" width=\"1268\" height=\"1673\" srcset=\"https:\/\/gemsgroup.com.vn\/wp-content\/uploads\/2024\/05\/NUOC-TINH-KHIET.jpg 1268w, https:\/\/gemsgroup.com.vn\/wp-content\/uploads\/2024\/05\/NUOC-TINH-KHIET-227x300.jpg 227w, https:\/\/gemsgroup.com.vn\/wp-content\/uploads\/2024\/05\/NUOC-TINH-KHIET-776x1024.jpg 776w, https:\/\/gemsgroup.com.vn\/wp-content\/uploads\/2024\/05\/NUOC-TINH-KHIET-768x1013.jpg 768w, https:\/\/gemsgroup.com.vn\/wp-content\/uploads\/2024\/05\/NUOC-TINH-KHIET-1164x1536.jpg 1164w, https:\/\/gemsgroup.com.vn\/wp-content\/uploads\/2024\/05\/NUOC-TINH-KHIET-9x12.jpg 9w, https:\/\/gemsgroup.com.vn\/wp-content\/uploads\/2024\/05\/NUOC-TINH-KHIET-600x792.jpg 600w\" sizes=\"(max-width: 1268px) 100vw, 1268px\" \/><\/p><p>Ki\u1ec3m \u0111\u1ecbnh kh\u1ed1i l\u01b0\u1ee3ng, \u0111\u1ed9 d\u00e0i, ch\u1ea5t l\u01b0\u1ee3ng, l\u01b0u l\u01b0\u1ee3ng, \u00e1p xu\u1ea5t, \u0111i\u1ec7n l\u1ef1c, thi\u1ebft b\u1ecb,&#8230;c\u00f3 \u0111\u1ea1t y\u00eau c\u1ea7u c\u1ee7a qu\u1ed1c gia v\u00e0 ti\u00eau chu\u1ea9n \u0111o l\u01b0\u1eddng qu\u1ed1c t\u1ebf.<\/p><p>X\u00e1c nh\u1eadn th\u1eed nghi\u1ec7m th\u00e0nh th\u1ea1o c\u1ee7a c\u00e1c ph\u00f2ng th\u00ed nghi\u1ec7m \u0111\u1ea1t \u0111\u1ed9 ch\u00ednh x\u00e1c nh\u01b0 th\u1ebf n\u00e0o so v\u1edbi c\u00e1c k\u1ebft qu\u1ea3 c\u1ee7a ph\u00f2ng th\u00ed nghi\u1ec7m trong n\u01b0\u1edbc v\u00e0 qu\u1ed1c t\u1ebf (ISO\/IEC 17043: 2010, \u0111\u01b0\u1ee3c c\u00f4ng nh\u1eadn b\u1edfi The American Association for Laboratory Accreditation (A2LA \u2013 Hoa k\u1ef3).<\/p>\t\t\t\t\t\t<\/div>\n\t\t\t\t<\/div>\n\t\t\t\t\t<\/div>\n\t\t\t\t<\/div>\n\t\t\t\t<\/div>","protected":false},"excerpt":{"rendered":"<p>K\u1ebft qu\u1ea3 th\u1eed nghi\u1ec7m \u0111\u1ea1t chu\u1ea9n Quatest 3 l\u00e0 g\u00ec? Chu\u1ea9n Quatest 3 l\u00e0 ti\u00eau chu\u1ea9n \u0111o l\u01b0\u1eddng ch\u1ea5t l\u01b0\u1ee3ng \u0111\u01b0\u1ee3c Trung T\u00e2m K\u1ef9 Thu\u1eadt Ti\u00eau Chu\u1ea9n \u0110o l\u01b0\u1eddng ch\u1ea5t l\u01b0\u1ee3ng 3 (QUATEST 3) x\u00e1c nh\u1eadn cung c\u1ea5p cho c\u00e1c doanh nghi\u1ec7p, c\u00e1 nh\u00e2n c\u1ea7n x\u00e1c nh\u1eadn s\u1ea3n ph\u1ea9m, h\u00e0ng ho\u00e1 \u0111\u1ea1t chu\u1ea9n ch\u1ea5t l\u01b0\u1ee3ng [&hellip;]<\/p>","protected":false},"author":2,"featured_media":0,"parent":0,"menu_order":0,"comment_status":"closed","ping_status":"closed","template":"elementor_header_footer","meta":{"footnotes":""},"_links":{"self":[{"href":"https:\/\/gemsgroup.com.vn\/en\/wp-json\/wp\/v2\/pages\/4256"}],"collection":[{"href":"https:\/\/gemsgroup.com.vn\/en\/wp-json\/wp\/v2\/pages"}],"about":[{"href":"https:\/\/gemsgroup.com.vn\/en\/wp-json\/wp\/v2\/types\/page"}],"author":[{"embeddable":true,"href":"https:\/\/gemsgroup.com.vn\/en\/wp-json\/wp\/v2\/users\/2"}],"replies":[{"embeddable":true,"href":"https:\/\/gemsgroup.com.vn\/en\/wp-json\/wp\/v2\/comments?post=4256"}],"version-history":[{"count":8,"href":"https:\/\/gemsgroup.com.vn\/en\/wp-json\/wp\/v2\/pages\/4256\/revisions"}],"predecessor-version":[{"id":5511,"href":"https:\/\/gemsgroup.com.vn\/en\/wp-json\/wp\/v2\/pages\/4256\/revisions\/5511"}],"wp:attachment":[{"href":"https:\/\/gemsgroup.com.vn\/en\/wp-json\/wp\/v2\/media?parent=4256"}],"curies":[{"name":"wp","href":"https:\/\/api.w.org\/{rel}","templated":true}]}}