{"id":4268,"date":"2024-05-21T15:51:14","date_gmt":"2024-05-21T08:51:14","guid":{"rendered":"https:\/\/gemswater.vn\/?page_id=4268"},"modified":"2024-05-21T19:21:23","modified_gmt":"2024-05-21T12:21:23","slug":"chung-nhan-nsf","status":"publish","type":"page","link":"https:\/\/gemsgroup.com.vn\/en\/chung-nhan-nsf\/","title":{"rendered":"CERTIFIED TO NSF"},"content":{"rendered":"<div data-elementor-type=\"wp-page\" data-elementor-id=\"4268\" class=\"elementor elementor-4268\" data-elementor-post-type=\"page\">\n\t\t\t\t<div class=\"elementor-element elementor-element-dc5c382 e-flex e-con-boxed e-con e-parent\" data-id=\"dc5c382\" data-element_type=\"container\" data-core-v316-plus=\"true\">\n\t\t\t\t\t<div class=\"e-con-inner\">\n\t\t\t\t<div class=\"elementor-element elementor-element-c17cebb elementor-widget elementor-widget-text-editor\" data-id=\"c17cebb\" data-element_type=\"widget\" data-widget_type=\"text-editor.default\">\n\t\t\t\t<div class=\"elementor-widget-container\">\n\t\t\t<style>\/*! elementor - v3.20.0 - 26-03-2024 *\/\n.elementor-widget-text-editor.elementor-drop-cap-view-stacked .elementor-drop-cap{background-color:#69727d;color:#fff}.elementor-widget-text-editor.elementor-drop-cap-view-framed .elementor-drop-cap{color:#69727d;border:3px solid;background-color:transparent}.elementor-widget-text-editor:not(.elementor-drop-cap-view-default) .elementor-drop-cap{margin-top:8px}.elementor-widget-text-editor:not(.elementor-drop-cap-view-default) .elementor-drop-cap-letter{width:1em;height:1em}.elementor-widget-text-editor .elementor-drop-cap{float:left;text-align:center;line-height:1;font-size:50px}.elementor-widget-text-editor .elementor-drop-cap-letter{display:inline-block}<\/style>\t\t\t\t<h2><strong>NSF l\u00e0 g\u00ec? NSF l\u00e0 t\u00ean vi\u1ebft t\u1eaft c\u1ee7a c\u1ee5m t\u1eeb n\u00e0o?<\/strong><\/h2><p>NSF l\u00e0 t\u00ean vi\u1ebft t\u1eaft ti\u1ebfng Anh c\u1ee7a c\u1ee5m t\u1eeb National Sanitation Foundation. C\u00f3 ngh\u0129a l\u00e0 t\u1ed5 ch\u1ee9c h\u1ee3p t\u00e1c v\u1ec1 an to\u00e0n th\u1ef1c ph\u1ea9m v\u00e0 n\u01b0\u1edbc u\u1ed1ng c\u1ee7a WHO (T\u1ed5 ch\u1ee9c Y t\u1ebf th\u1ebf gi\u1edbi). NSF l\u00e0 m\u1ed9t t\u1ed5 ch\u1ee9c \u0111\u1ed9c l\u1eadp v\u00e0 phi l\u1ee3i nhu\u1eadn, c\u00f3 kh\u1ea3 n\u0103ng ki\u1ec3m nghi\u1ec7m v\u00e0 c\u1ea5p ch\u1ee9ng ch\u1ec9 \u0111\u1ea1t y\u00eau c\u1ea7u \u0111\u1ed1i v\u1edbi thi\u1ebft b\u1ecb v\u00e0 v\u1eadt t\u01b0.<\/p><p><img fetchpriority=\"high\" decoding=\"async\" class=\"aligncenter wp-image-4274 size-full\" src=\"https:\/\/gemsgroup.com.vn\/wp-content\/uploads\/2024\/05\/NSF4.jpg\" alt=\"\" width=\"1229\" height=\"997\" srcset=\"https:\/\/gemsgroup.com.vn\/wp-content\/uploads\/2024\/05\/NSF4.jpg 1229w, https:\/\/gemsgroup.com.vn\/wp-content\/uploads\/2024\/05\/NSF4-300x243.jpg 300w, https:\/\/gemsgroup.com.vn\/wp-content\/uploads\/2024\/05\/NSF4-1024x831.jpg 1024w, https:\/\/gemsgroup.com.vn\/wp-content\/uploads\/2024\/05\/NSF4-768x623.jpg 768w, https:\/\/gemsgroup.com.vn\/wp-content\/uploads\/2024\/05\/NSF4-15x12.jpg 15w, https:\/\/gemsgroup.com.vn\/wp-content\/uploads\/2024\/05\/NSF4-600x487.jpg 600w\" sizes=\"(max-width: 1229px) 100vw, 1229px\" \/><\/p><p><strong>Ch\u1ee9c n\u0103ng ch\u00ednh c\u1ee7a NSF l\u00e0 g\u00ec? <\/strong><\/p><p>Ch\u1ee9c n\u0103ng ch\u00ednh c\u1ee7a NSF l\u00e0 ki\u1ec3m tra, ch\u1ee9ng nh\u1eadn v\u1ec1 ch\u1ea5t l\u01b0\u1ee3ng v\u00e0 \u0111\u1ed9 an to\u00e0n c\u1ee7a thi\u1ebft b\u1ecb, s\u1ea3n ph\u1ea9m. Vi\u1ec7c n\u00e0y nh\u1eb1m \u0111\u1ea3m b\u1ea3o ng\u01b0\u1eddi ti\u00eau d\u00f9ng \u0111\u01b0\u1ee3c s\u1eed d\u1ee5ng s\u1ea3n ph\u1ea9m theo \u0111\u00fang nh\u01b0 nh\u1eefng g\u00ec m\u00e0 nh\u00e0 s\u1ea3n xu\u1ea5t \u0111\u00e3 qu\u1ea3ng c\u00e1o.<\/p><p><img decoding=\"async\" class=\"aligncenter wp-image-4273 size-full\" src=\"https:\/\/gemsgroup.com.vn\/wp-content\/uploads\/2024\/05\/NSF3.jpg\" alt=\"\" width=\"1250\" height=\"948\" srcset=\"https:\/\/gemsgroup.com.vn\/wp-content\/uploads\/2024\/05\/NSF3.jpg 1250w, https:\/\/gemsgroup.com.vn\/wp-content\/uploads\/2024\/05\/NSF3-300x228.jpg 300w, https:\/\/gemsgroup.com.vn\/wp-content\/uploads\/2024\/05\/NSF3-1024x777.jpg 1024w, https:\/\/gemsgroup.com.vn\/wp-content\/uploads\/2024\/05\/NSF3-768x582.jpg 768w, https:\/\/gemsgroup.com.vn\/wp-content\/uploads\/2024\/05\/NSF3-16x12.jpg 16w, https:\/\/gemsgroup.com.vn\/wp-content\/uploads\/2024\/05\/NSF3-600x455.jpg 600w\" sizes=\"(max-width: 1250px) 100vw, 1250px\" \/><\/p><p><strong>Ti\u00eau chu\u1ea9n NSF l\u00e0 g\u00ec?<\/strong><\/p><p>Ti\u00eau chu\u1ea9n NSF \u0111\u01b0\u1ee3c bi\u1ebft \u0111\u1ebfn l\u00e0 chu\u1ea9n m\u1ef1c \u0111\u00e1nh gi\u00e1 v\u1ec1 \u0111\u1ed9 an to\u00e0n s\u1ea3n ph\u1ea9m \u0111\u1ed1i v\u1edbi ng\u01b0\u1eddi s\u1eed d\u1ee5ng. M\u1eb7c d\u00f9 kh\u00f4ng ph\u1ea3i t\u1ea5t c\u1ea3 c\u00e1c thi\u1ebft b\u1ecb v\u00e0 d\u1ee5ng c\u1ee5 nh\u00e0 b\u1ebfp, \u0103n u\u1ed1ng n\u00e0o c\u0169ng c\u1ea7n c\u00f3 d\u1ea5u ch\u1ee9ng nh\u1eadn c\u1ee7a NSF. Tuy nhi\u00ean, n\u1ebfu c\u00e1c d\u1ee5ng c\u1ee5 \u0111\u00e1p \u1ee9ng \u0111\u01b0\u1ee3c ti\u00eau chu\u1ea9n NSF th\u00ec s\u1ebd \u0111\u1ea1t \u0111\u01b0\u1ee3c y\u00eau c\u1ea7u c\u1ee7a B\u1ed9 Y T\u1ebf.<\/p><p><strong>Nh\u1eefng y\u00eau c\u1ea7u \u0111\u1ec3 m\u1ed9t s\u1ea3n ph\u1ea9m \u0111\u01b0\u1ee3c x\u00e1c nh\u1eadn \u0111\u1ea1t ti\u00eau chu\u1ea9n NSF l\u00e0 g\u00ec?<\/strong><\/p><p>M\u1ed9t s\u1ea3n ph\u1ea9m \u0111\u01b0\u1ee3c x\u00e1c nh\u1eadn r\u1eb1ng \u0111\u00e1p \u1ee9ng \u0111\u1ea7y \u0111\u1ee7 nh\u1eefng ti\u00eau chu\u1ea9n c\u1ee7a NSF ph\u1ea3i \u0111\u00e1p \u1ee9ng \u0111\u1ea7y \u0111\u1ee7 nh\u1eefng y\u00eau c\u1ea7u d\u01b0\u1edbi \u0111\u00e2y. C\u1ee5 th\u1ec3 l\u00e0:<\/p><p>&#8211; Kh\u1ea3 n\u0103ng l\u1ecdc \u0111\u00fang nh\u01b0 nh\u1eefng g\u00ec nh\u00e0 s\u1ea3n xu\u1ea5t cam k\u1ebft.<\/p><p>&#8211; Thi\u1ebft b\u1ecb, d\u1ee5ng c\u1ee5 c\u00f3 c\u1ea5u tr\u00fac b\u1ec1n v\u1eefng, ch\u1eafc ch\u1eafn.<\/p><p>&#8211; Thi\u1ebft b\u1ecb, d\u1ee5ng c\u1ee5 kh\u00f4ng t\u1ea1o th\u00eam c\u00e1c ch\u1ea5t \u0111\u1ed9c h\u1ea1i \u0111\u1ed1i v\u1edbi s\u1ee9c kh\u1ecfe.<\/p><p>&#8211; C\u00e1c ph\u1ea7n qu\u1ea3ng c\u00e1o, t\u00e0i li\u1ec7u \u0111\u00ednh k\u00e8m r\u00f5 r\u00e0ng, chi ti\u1ebft, kh\u00f4ng g\u00e2y hi\u1ec3u nh\u1ea7m.<\/p><p>&#8211; Thi\u1ebft b\u1ecb, s\u1ea3n ph\u1ea9m c\u00f3 ch\u1ea5t l\u01b0\u1ee3ng \u1ed5n \u0111\u1ecbnh v\u00e0 \u0111\u1ed9 tin c\u1eady cao.<\/p><p>&#8211; Nguy\u00ean v\u1eadt li\u1ec7u v\u00e0 quy tr\u00ecnh s\u1ea3n xu\u1ea5t \u0111\u01b0\u1ee3c gi\u1eef nguy\u00ean, kh\u00f4ng c\u00f3 s\u1ef1 thay \u0111\u1ed5i.<\/p><p><img decoding=\"async\" class=\"aligncenter wp-image-4272 size-full\" src=\"https:\/\/gemsgroup.com.vn\/wp-content\/uploads\/2024\/05\/NSF2.jpg\" alt=\"\" width=\"1241\" height=\"996\" srcset=\"https:\/\/gemsgroup.com.vn\/wp-content\/uploads\/2024\/05\/NSF2.jpg 1241w, https:\/\/gemsgroup.com.vn\/wp-content\/uploads\/2024\/05\/NSF2-300x241.jpg 300w, https:\/\/gemsgroup.com.vn\/wp-content\/uploads\/2024\/05\/NSF2-1024x822.jpg 1024w, https:\/\/gemsgroup.com.vn\/wp-content\/uploads\/2024\/05\/NSF2-768x616.jpg 768w, https:\/\/gemsgroup.com.vn\/wp-content\/uploads\/2024\/05\/NSF2-15x12.jpg 15w, https:\/\/gemsgroup.com.vn\/wp-content\/uploads\/2024\/05\/NSF2-600x482.jpg 600w\" sizes=\"(max-width: 1241px) 100vw, 1241px\" \/><\/p><p><strong>Ti\u00eau chu\u1ea9n c\u1ee7a NSF cho \u0111i\u1ec3m c\u00e1c \u0111\u01a1n v\u1ecb x\u1eed l\u00fd n\u01b0\u1edbc v\u00e0 vi\u1ec7c s\u1eed d\u1ee5ng n\u01b0\u1edbc u\u1ed1ng<\/strong><\/p><p>Hi\u1ec7n t\u1ea1i, NSF c\u00f3 t\u1ed5ng c\u1ed9ng 6 ti\u00eau chu\u1ea9n cho \u0111i\u1ec3m c\u1ee7a vi\u1ec7c s\u1eed d\u1ee5ng v\u00e0 \u0111i\u1ec3m c\u1ee7a c\u00e1c \u0111\u01a1n v\u1ecb x\u1eed l\u00fd n\u01b0\u1edbc. C\u1ee5 th\u1ec3 nh\u01b0 sau:<\/p><p>&#8211; Ti\u00eau chu\u1ea9n s\u1ed1 42: Ti\u00eau chu\u1ea9n ch\u1ea5t l\u01b0\u1ee3ng v\u1ec1 h\u01b0\u01a1ng v\u1ecb, m\u00f9i, m\u00e0u c\u1ee7a n\u01b0\u1edbc u\u1ed1ng.<\/p><p>&#8211; Ti\u00eau chu\u1ea9n s\u1ed1 44: Ti\u00eau chu\u1ea9n l\u00e0m m\u1ec1m n\u01b0\u1edbc.<\/p><p>&#8211; Ti\u00eau chu\u1ea9n s\u1ed1 53: Ti\u00eau chu\u1ea9n v\u1ec1 an to\u00e0n v\u1ec7 sinh v\u00e0 an to\u00e0n s\u1ee9c kh\u1ecfe c\u1ee7a c\u00e1c \u0111\u01a1n v\u1ecb x\u1eed l\u00fd n\u01b0\u1edbc.<\/p><p>&#8211; Ti\u00eau chu\u1ea9n s\u1ed1 55: H\u1ec7 th\u1ed1ng s\u1eed d\u1ee5ng tia c\u1ef1c t\u00edm \u0111\u1ec3 v\u1eadn h\u00e0nh ho\u1ea1t \u0111\u1ed9ng.<\/p><p>&#8211; Ti\u00eau chu\u1ea9n s\u1ed1 58: Ti\u00eau chu\u1ea9n c\u1ea5p cao v\u1ec1 an to\u00e0n v\u1ec7 sinh v\u00e0 an to\u00e0n s\u1ee9c kh\u1ecfe c\u1ee7a h\u1ec7 th\u1ed1ng th\u1ea9m th\u1ea5u ng\u01b0\u1ee3c.<\/p><p>&#8211; Ti\u00eau chu\u1ea9n s\u1ed1 62: H\u1ec7 th\u1ed1ng ch\u01b0ng c\u1ea5t n\u01b0\u1edbc u\u1ed1ng.<\/p><p><strong>V\u00ec sao kh\u00e1ch h\u00e0ng l\u1ea1i quan t\u00e2m \u0111\u1ebfn NSF?<\/strong><\/p><p>NSF cung c\u1ea5p gi\u1ea5y ch\u1ee9ng nh\u1eadn \u0111\u1ea1t ti\u00eau chu\u1ea9n qu\u1ed1c t\u1ebf v\u1ec1 ch\u1ea5t l\u01b0\u1ee3ng, k\u00edch th\u01b0\u1edbc\u2026M\u1ed9t s\u1ea3n ph\u1ea9m c\u00f3 gi\u1ea5y ch\u1ee9ng nh\u1eadn b\u1edfi NSF s\u1ebd ph\u1ea3i \u0111\u00e1p \u1ee9ng \u0111\u1ee7 c\u00e1c y\u00eau c\u1ea7u sau:<\/p><p>&#8211; Ki\u1ec3m \u0111\u1ecbnh ch\u1ea5t l\u01b0\u1ee3ng s\u1ea3n ph\u1ea9m \u0111\u1ea1t y\u00eau c\u1ea7u.<\/p><p>&#8211; Ki\u1ec3m \u0111\u1ecbnh ph\u1ee5 ki\u1ec7n \u0111\u1ea1t ti\u00eau chu\u1ea9n qu\u1ed1c t\u1ebf.<\/p><p>&#8211; Ngu\u1ed3n n\u01b0\u1edbc \u0111\u1ea3m b\u1ea3o an to\u00e0n v\u1ec7 sinh.<\/p><p>&#8211; S\u1ea3n ph\u1ea9m th\u00e2n thi\u1ec7n v\u1edbi m\u00f4i tr\u01b0\u1eddng v\u00e0 kh\u00f4ng ch\u1ee9a c\u00e1c ch\u1ea5t \u0111\u1ed9c t\u1ed1, th\u00e0nh ph\u1ea7n g\u00e2y h\u1ea1i cho s\u1ee9c kho\u1ebb c\u1ee7a con ng\u01b0\u1eddi.<\/p><p><img loading=\"lazy\" decoding=\"async\" class=\"aligncenter wp-image-4271 size-full\" src=\"https:\/\/gemsgroup.com.vn\/wp-content\/uploads\/2024\/05\/NSF1.jpg\" alt=\"\" width=\"1256\" height=\"911\" srcset=\"https:\/\/gemsgroup.com.vn\/wp-content\/uploads\/2024\/05\/NSF1.jpg 1256w, https:\/\/gemsgroup.com.vn\/wp-content\/uploads\/2024\/05\/NSF1-300x218.jpg 300w, https:\/\/gemsgroup.com.vn\/wp-content\/uploads\/2024\/05\/NSF1-1024x743.jpg 1024w, https:\/\/gemsgroup.com.vn\/wp-content\/uploads\/2024\/05\/NSF1-768x557.jpg 768w, https:\/\/gemsgroup.com.vn\/wp-content\/uploads\/2024\/05\/NSF1-18x12.jpg 18w, https:\/\/gemsgroup.com.vn\/wp-content\/uploads\/2024\/05\/NSF1-600x435.jpg 600w\" sizes=\"(max-width: 1256px) 100vw, 1256px\" \/><\/p><p><strong>C\u00f3 n\u00ean mua s\u1ea3n ph\u1ea9m c\u00f3 ch\u1ee9ng nh\u1eadn t\u1eeb NSF hay kh\u00f4ng?<\/strong><\/p><p>V\u1edbi nh\u1eefng th\u00f4ng tin m\u00e0 GEMS \u0111\u00e3 \u0111\u1ec1 c\u1eadp \u1edf tr\u00ean, tin r\u1eb1ng b\u1ea1n \u0111\u1ecdc \u0111\u00e3 hi\u1ec3u \u0111\u01b0\u1ee3c NSF l\u00e0 g\u00ec v\u00e0 c\u00e1c ti\u00eau ch\u00ed \u0111\u00e1nh gi\u00e1 c\u1ee7a NSF g\u1ed3m nh\u1eefng y\u00eau c\u1ea7u n\u00e0o. V\u1eady, c\u00e2u h\u1ecfi kh\u00e1c \u0111\u01b0\u1ee3c \u0111\u1eb7t ra l\u00e0: c\u00f3 n\u00ean mua nh\u1eefng s\u1ea3n ph\u1ea9m \u0111\u00e3 \u0111\u01b0\u1ee3c NSF ch\u1ee9ng nh\u1eadn \u0111\u1ec3 s\u1eed d\u1ee5ng hay kh\u00f4ng? C\u00e2u tr\u1ea3 l\u1eddi s\u1ebd l\u00e0 C\u00f3. V\u00ec sao? H\u00e3y c\u00f9ng tham kh\u1ea3o nh\u1eefng l\u00fd do d\u01b0\u1edbi \u0111\u00e2y:<\/p><p>&#8211; Tu\u00e2n th\u1ee7 nghi\u00eam ng\u1eb7t c\u00e1c y\u00eau c\u1ea7u v\u1ec1 s\u1ee9c kh\u1ecfe<\/p><p>&#8211; Nh\u1eefng d\u1ee5ng c\u1ee5, thi\u1ebft b\u1ecb c\u00f3 ch\u1ee9ng nh\u1eadn t\u1eeb NSF c\u00f3 th\u1ec3 \u0111\u00e1p \u1ee9ng \u0111\u01b0\u1ee3c b\u1ea5t k\u1ef3 n\u00e0o c\u1ee7a B\u1ed9 Y T\u1ebf.<\/p><p>&#8211; B\u1ea3o v\u1ec7 kh\u00e1ch h\u00e0ng v\u00e0 ng\u01b0\u1eddi ti\u00eau d\u00f9ng.<\/p>\t\t\t\t\t\t<\/div>\n\t\t\t\t<\/div>\n\t\t\t\t\t<\/div>\n\t\t\t\t<\/div>\n\t\t\t\t<\/div>","protected":false},"excerpt":{"rendered":"<p>NSF l\u00e0 g\u00ec? NSF l\u00e0 t\u00ean vi\u1ebft t\u1eaft c\u1ee7a c\u1ee5m t\u1eeb n\u00e0o? NSF l\u00e0 t\u00ean vi\u1ebft t\u1eaft ti\u1ebfng Anh c\u1ee7a c\u1ee5m t\u1eeb National Sanitation Foundation. C\u00f3 ngh\u0129a l\u00e0 t\u1ed5 ch\u1ee9c h\u1ee3p t\u00e1c v\u1ec1 an to\u00e0n th\u1ef1c ph\u1ea9m v\u00e0 n\u01b0\u1edbc u\u1ed1ng c\u1ee7a WHO (T\u1ed5 ch\u1ee9c Y t\u1ebf th\u1ebf gi\u1edbi). NSF l\u00e0 m\u1ed9t t\u1ed5 ch\u1ee9c \u0111\u1ed9c l\u1eadp [&hellip;]<\/p>","protected":false},"author":2,"featured_media":0,"parent":0,"menu_order":0,"comment_status":"closed","ping_status":"closed","template":"elementor_header_footer","meta":{"footnotes":""},"_links":{"self":[{"href":"https:\/\/gemsgroup.com.vn\/en\/wp-json\/wp\/v2\/pages\/4268"}],"collection":[{"href":"https:\/\/gemsgroup.com.vn\/en\/wp-json\/wp\/v2\/pages"}],"about":[{"href":"https:\/\/gemsgroup.com.vn\/en\/wp-json\/wp\/v2\/types\/page"}],"author":[{"embeddable":true,"href":"https:\/\/gemsgroup.com.vn\/en\/wp-json\/wp\/v2\/users\/2"}],"replies":[{"embeddable":true,"href":"https:\/\/gemsgroup.com.vn\/en\/wp-json\/wp\/v2\/comments?post=4268"}],"version-history":[{"count":7,"href":"https:\/\/gemsgroup.com.vn\/en\/wp-json\/wp\/v2\/pages\/4268\/revisions"}],"predecessor-version":[{"id":4312,"href":"https:\/\/gemsgroup.com.vn\/en\/wp-json\/wp\/v2\/pages\/4268\/revisions\/4312"}],"wp:attachment":[{"href":"https:\/\/gemsgroup.com.vn\/en\/wp-json\/wp\/v2\/media?parent=4268"}],"curies":[{"name":"wp","href":"https:\/\/api.w.org\/{rel}","templated":true}]}}