{"id":4278,"date":"2024-05-21T15:59:04","date_gmt":"2024-05-21T08:59:04","guid":{"rendered":"https:\/\/gemswater.vn\/?page_id=4278"},"modified":"2025-09-10T17:25:59","modified_gmt":"2025-09-10T10:25:59","slug":"chung-nhan-so-huu-tri-tue","status":"publish","type":"page","link":"https:\/\/gemsgroup.com.vn\/en\/chung-nhan-so-huu-tri-tue\/","title":{"rendered":"CERTIFIED INTELLECTUAL PROPERTY"},"content":{"rendered":"<div data-elementor-type=\"wp-page\" data-elementor-id=\"4278\" class=\"elementor elementor-4278\" data-elementor-post-type=\"page\">\n\t\t\t\t<div class=\"elementor-element elementor-element-7ab1277 e-flex e-con-boxed e-con e-parent\" data-id=\"7ab1277\" data-element_type=\"container\" data-core-v316-plus=\"true\">\n\t\t\t\t\t<div class=\"e-con-inner\">\n\t\t\t\t<div class=\"elementor-element elementor-element-07dec59 elementor-widget elementor-widget-text-editor\" data-id=\"07dec59\" data-element_type=\"widget\" data-widget_type=\"text-editor.default\">\n\t\t\t\t<div class=\"elementor-widget-container\">\n\t\t\t<style>\/*! elementor - v3.20.0 - 26-03-2024 *\/\n.elementor-widget-text-editor.elementor-drop-cap-view-stacked .elementor-drop-cap{background-color:#69727d;color:#fff}.elementor-widget-text-editor.elementor-drop-cap-view-framed .elementor-drop-cap{color:#69727d;border:3px solid;background-color:transparent}.elementor-widget-text-editor:not(.elementor-drop-cap-view-default) .elementor-drop-cap{margin-top:8px}.elementor-widget-text-editor:not(.elementor-drop-cap-view-default) .elementor-drop-cap-letter{width:1em;height:1em}.elementor-widget-text-editor .elementor-drop-cap{float:left;text-align:center;line-height:1;font-size:50px}.elementor-widget-text-editor .elementor-drop-cap-letter{display:inline-block}<\/style>\t\t\t\t<h2><strong>S\u1edf h\u1eefu tr\u00ed tu\u1ec7 l\u00e0 g\u00ec?<\/strong><\/h2><p>\u201cTr\u00ed tu\u1ec7\u201d \u0111\u01b0\u1ee3c hi\u1ec3u l\u00e0 nh\u1eadn th\u1ee9c l\u00fd t\u00ednh \u0111\u1ea1t \u0111\u1ebfn m\u1ed9t tr\u00ecnh \u0111\u1ed9 nh\u1ea5t \u0111\u1ecbnh, \u0111\u00e2y l\u00e0 n\u0103ng l\u1ef1c ri\u00eang c\u1ee7a con ng\u01b0\u1eddi.<\/p><figure id=\"attachment_5605\" aria-describedby=\"caption-attachment-5605\" style=\"width: 1213px\" class=\"wp-caption aligncenter\"><img fetchpriority=\"high\" decoding=\"async\" class=\"wp-image-5605 size-full\" src=\"https:\/\/gemsgroup.com.vn\/wp-content\/uploads\/2025\/09\/chung-nhan-so-huu-tri-tue.jpg\" alt=\"\" width=\"1213\" height=\"1662\" srcset=\"https:\/\/gemsgroup.com.vn\/wp-content\/uploads\/2025\/09\/chung-nhan-so-huu-tri-tue.jpg 1213w, https:\/\/gemsgroup.com.vn\/wp-content\/uploads\/2025\/09\/chung-nhan-so-huu-tri-tue-219x300.jpg 219w, https:\/\/gemsgroup.com.vn\/wp-content\/uploads\/2025\/09\/chung-nhan-so-huu-tri-tue-747x1024.jpg 747w, https:\/\/gemsgroup.com.vn\/wp-content\/uploads\/2025\/09\/chung-nhan-so-huu-tri-tue-768x1052.jpg 768w, https:\/\/gemsgroup.com.vn\/wp-content\/uploads\/2025\/09\/chung-nhan-so-huu-tri-tue-1121x1536.jpg 1121w, https:\/\/gemsgroup.com.vn\/wp-content\/uploads\/2025\/09\/chung-nhan-so-huu-tri-tue-9x12.jpg 9w, https:\/\/gemsgroup.com.vn\/wp-content\/uploads\/2025\/09\/chung-nhan-so-huu-tri-tue-600x822.jpg 600w\" sizes=\"(max-width: 1213px) 100vw, 1213px\" \/><figcaption id=\"caption-attachment-5605\" class=\"wp-caption-text\">ch\u1ee9ng nh\u1eadn<\/figcaption><\/figure><p>Nh\u1eefng th\u00e0nh qu\u1ea3 do tr\u00ed tu\u1ec7 con ng\u01b0\u1eddi t\u1ea1o ra th\u00f4ng qua ho\u1ea1t \u0111\u1ed9ng s\u00e1ng t\u1ea1o \u0111\u01b0\u1ee3c th\u1eeba nh\u1eadn l\u00e0 t\u00e0i s\u1ea3n tr\u00ed tu\u1ec7. \u201cS\u1edf h\u1eefu tr\u00ed tu\u1ec7\u201d \u0111\u01b0\u1ee3c hi\u1ec3u l\u00e0\u00a0s\u1ef1 s\u1edf h\u1eefu \u0111\u1ed1i v\u1edbi nh\u1eefng t\u00e0i s\u1ea3n tr\u00ed tu\u1ec7 \u0111\u00f3.<\/p><p>C\u1ee5 th\u1ec3 h\u01a1n, \u0111\u00f3 l\u00e0 c\u00e1c quy\u1ec1n h\u1ee3p ph\u00e1p xu\u1ea5t ph\u00e1t t\u1eeb ho\u1ea1t \u0111\u1ed9ng tr\u00ed tu\u1ec7 trong c\u00e1c l\u0129nh v\u1ef1c c\u00f4ng nghi\u1ec7p, khoa h\u1ecdc, v\u0103n h\u1ecdc v\u00e0 ngh\u1ec7 thu\u1eadt. Theo \u0111\u00f3, quy\u1ec1n s\u1edf h\u1eefu tr\u00ed tu\u1ec7 l\u00e0 quy\u1ec1n c\u1ee7a t\u1ed5 ch\u1ee9c, c\u00e1 nh\u00e2n \u0111\u1ed1i v\u1edbi t\u00e0i s\u1ea3n tr\u00ed tu\u1ec7, bao g\u1ed3m:<\/p><p>&#8211; Quy\u1ec1n t\u00e1c gi\u1ea3 v\u00e0 quy\u1ec1n li\u00ean quan \u0111\u1ebfn quy\u1ec1n t\u00e1c gi\u1ea3;<\/p><p>&#8211; Quy\u1ec1n s\u1edf h\u1eefu c\u00f4ng nghi\u1ec7p;<\/p><p>&#8211; Quy\u1ec1n \u0111\u1ed1i v\u1edbi gi\u1ed1ng c\u00e2y tr\u1ed3ng.<\/p><p><img decoding=\"async\" class=\"aligncenter wp-image-4281 size-full\" src=\"https:\/\/gemsgroup.com.vn\/wp-content\/uploads\/2024\/05\/so-huu-tri-tue.jpg\" alt=\"\" width=\"1284\" height=\"1793\" srcset=\"https:\/\/gemsgroup.com.vn\/wp-content\/uploads\/2024\/05\/so-huu-tri-tue.jpg 1284w, https:\/\/gemsgroup.com.vn\/wp-content\/uploads\/2024\/05\/so-huu-tri-tue-215x300.jpg 215w, https:\/\/gemsgroup.com.vn\/wp-content\/uploads\/2024\/05\/so-huu-tri-tue-733x1024.jpg 733w, https:\/\/gemsgroup.com.vn\/wp-content\/uploads\/2024\/05\/so-huu-tri-tue-768x1072.jpg 768w, https:\/\/gemsgroup.com.vn\/wp-content\/uploads\/2024\/05\/so-huu-tri-tue-1100x1536.jpg 1100w, https:\/\/gemsgroup.com.vn\/wp-content\/uploads\/2024\/05\/so-huu-tri-tue-9x12.jpg 9w, https:\/\/gemsgroup.com.vn\/wp-content\/uploads\/2024\/05\/so-huu-tri-tue-600x838.jpg 600w\" sizes=\"(max-width: 1284px) 100vw, 1284px\" \/><\/p><p><strong>C\u00e1c bi\u1ec7n ph\u00e1p \u0111\u0103ng k\u00fd s\u1edf h\u1eefu tr\u00ed tu\u1ec7<\/strong><\/p><p>T\u00f9y thu\u1ed9c v\u00e0o b\u1ea3n ch\u1ea5t c\u1ee7a t\u00e0i s\u1ea3n tr\u00ed tu\u1ec7, Lu\u1eadt S\u1edf h\u1eefu tr\u00ed tu\u1ec7 quy \u0111\u1ecbnh c\u00e1c bi\u1ec7n ph\u00e1p kh\u00e1c nhau \u0111\u1ec3 \u0111\u0103ng k\u00fd s\u1edf h\u1eefu tr\u00ed tu\u1ec7 nh\u01b0 sau:<\/p><p>&#8211; C\u00e1c s\u1ea3n ph\u1ea9m v\u00e0 quy tr\u00ecnh s\u00e1ng t\u1ea1o c\u00f3 th\u1ec3 \u0111\u01b0\u1ee3c b\u1ea3o h\u1ed9 theo s\u00e1ng ch\u1ebf v\u00e0 gi\u1ea3i ph\u00e1p h\u1eefu \u00edch;<\/p><p>&#8211; C\u00e1c ki\u1ec3u d\u00e1ng s\u00e1ng t\u1ea1o, g\u1ed3m c\u1ea3 ki\u1ec3u d\u00e1ng d\u1ec7t may, \u0111\u01b0\u1ee3c b\u1ea3o h\u1ed9 theo ki\u1ec3u d\u00e1ng c\u00f4ng nghi\u1ec7p;<\/p><p><strong>&#8211; Th\u01b0\u01a1ng hi\u1ec7u \u0111\u01b0\u1ee3c b\u1ea3o h\u1ed9 theo nh\u00e3n hi\u1ec7u;<\/strong><\/p><p>&#8211; M\u1ea1ch b\u00e1n d\u1eabn \u0111\u01b0\u1ee3c b\u1ea3o h\u1ed9\u00a0 theo thi\u1ebft k\u1ebf b\u1ed1 tr\u00ed ho\u1eb7c m\u1ea1ch t\u00edch h\u1ee3p b\u00e1n d\u1eabn;<\/p><p>&#8211; Ch\u1ec9 d\u1eabn h\u00e0ng h\u00f3a c\u00f3 ch\u1ea5t l\u01b0\u1ee3ng hay danh ti\u1ebfng nh\u1ea5t \u0111\u1ecbnh g\u1eafn v\u1edbi xu\u1ea5t x\u1ee9 \u0111\u1ecba l\u00fd \u0111\u01b0\u1ee3c b\u1ea3o h\u1ed9 theo ch\u1ec9 d\u1eabn \u0111\u1ecba l\u00fd;<\/p><p>&#8211; B\u00ed m\u1eadt kinh doanh \u0111\u01b0\u1ee3c b\u1ea3o h\u1ed9 l\u00e0 nh\u1eefng th\u00f4ng tin b\u00ed m\u1eadt c\u00f3 gi\u00e1 tr\u1ecb th\u01b0\u01a1ng m\u1ea1i.<br \/>\u00a0\u00a0\u00a0\u00a0\u00a0\u00a0\u00a0\u00a0\u00a0 <strong>T\u1ea1i sao ph\u1ea3i \u0111\u0103ng k\u00fd s\u1edf h\u1eefu tr\u00ed tu\u1ec7?<\/strong><\/p><p>C\u00f3 th\u1ec3 kh\u1eb3ng \u0111\u1ecbnh, b\u1ea5t c\u1ee9 m\u1ed9t s\u1ea3n ph\u1ea9m n\u00e0o thu h\u00fat kh\u00e1ch h\u00e0ng th\u00e0nh c\u00f4ng c\u0169ng d\u1ec5 b\u1ecb \u0111\u1ed1i th\u1ee7 c\u1ea1nh tranh s\u1ea3n xu\u1ea5t c\u00e1c s\u1ea3n ph\u1ea9m gi\u1ed1ng ho\u1eb7c t\u01b0\u01a1ng t\u1ef1. Do v\u1eady, vi\u1ec7c \u0111\u0103ng k\u00fd s\u1edf h\u1eefu tr\u00ed tu\u1ec7 c\u00f3 vai tr\u00f2 quan tr\u1ecdng \u0111\u1ec3 b\u1ea3o v\u1ec7 s\u1ea3n ph\u1ea9m tr\u00ed tu\u1ec7 \u0111\u1ed3ng th\u1eddi vi\u1ec7c \u0111\u0103ng k\u00fd s\u1edf h\u1eefu tr\u00ed c\u00f2n b\u1edfi nh\u1eefng l\u00fd do sau:<\/p><p><strong>&#8211; Khuy\u1ebfn kh\u00edch s\u1ef1 s\u00e1ng t\u1ea1o<\/strong><\/p><p>\u0110\u1ed1i v\u1edbi ch\u1ee7 th\u1ec3 n\u1eafm quy\u1ec1n s\u1edf h\u1eefu, vi\u1ec7c b\u1ea3o v\u1ec7 quy\u1ec1n s\u1edf h\u1eefu tr\u00ed tu\u1ec7 s\u1ebd khuy\u1ebfn kh\u00edch s\u1ef1 s\u00e1ng t\u1ea1o. Th\u00fac \u0111\u1ea9y nh\u1eefng n\u1ed7 l\u1ef1c, c\u1ed1ng hi\u1ebfn c\u1ee7a h\u1ecd v\u00e0o c\u00e1c ho\u1ea1t \u0111\u1ed9ng nghi\u00ean c\u1ee9u. C\u1ea3i ti\u1ebfn k\u1ef9 thu\u1eadt, t\u1ea1o ra nh\u1eefng s\u1ea3n ph\u1ea9m t\u1ed1t.<\/p><p><strong>&#8211; Th\u00fac \u0111\u1ea9y kinh doanh<\/strong><\/p><p>Vi\u1ec7c b\u1ea3o v\u1ec7 quy\u1ec1n s\u1edf h\u1eefu tr\u00ed tu\u1ec7 g\u00f3p ph\u1ea7n gi\u1ea3m thi\u1ec3u t\u1ed5n th\u1ea5t. V\u00e0 th\u00fac \u0111\u1ea9y ph\u00e1t tri\u1ec3n s\u1ea3n xu\u1ea5t, kinh doanh h\u1ee3p ph\u00e1p. Nh\u1edd v\u00e0o quy\u1ec1n s\u1edf h\u1eefu tr\u00ed tu\u1ec7, c\u00e1c doanh nghi\u1ec7p s\u1ebd kh\u00f4ng ph\u1ea3i \u0111\u1ed1i m\u1eb7t v\u1edbi nh\u1eefng thi\u1ec7t h\u1ea1i v\u1ec1 m\u1eb7t kinh t\u1ebf do h\u00e0nh vi \u201cchi\u1ebfm \u0111o\u1ea1t\u201d c\u1ee7a c\u00e1c \u0111\u1ed1i th\u1ee7 c\u1ea1nh tranh.<\/p><p><strong>&#8211; B\u1ea3o v\u1ec7 l\u1ee3i \u00edch ng\u01b0\u1eddi ti\u00eau d\u00f9ng<\/strong><\/p><p>N\u1ebfu kh\u00f4ng b\u1ea3o v\u1ec7 quy\u1ec1n s\u1edf h\u1eefu tr\u00ed tu\u1ec7 th\u00ec tr\u00ean th\u1ecb tr\u01b0\u1eddng s\u1ebd tr\u00e0n lan nh\u1eefng s\u1ea3n ph\u1ea9m gi\u1ea3, k\u00e9m ch\u1ea5t l\u01b0\u1ee3ng. \u1ea2nh h\u01b0\u1edfng nghi\u00eam tr\u1ecdng v\u1ec1 c\u1ea3 uy t\u00edn v\u00e0 doanh thu cho c\u00e1c ch\u1ee7 th\u1ec3 \u0111ang s\u1ea3n xu\u1ea5t, kinh doanh nh\u1eefng m\u1eb7t h\u00e0ng c\u00f3 ch\u1ea5t l\u01b0\u1ee3ng, c\u00f3 s\u1ef1 \u0111\u1ea7u t\u01b0 tr\u00ed tu\u1ec7 v\u00e0o s\u1ea3n ph\u1ea9m.<\/p><p>B\u00ean c\u1ea1nh \u0111\u00f3, vi\u1ec7c b\u1ea3o v\u1ec7 quy\u1ec1n s\u1edf h\u1eefu tr\u00ed tu\u1ec7 gi\u00fap cho ng\u01b0\u1eddi ti\u00eau d\u00f9ng c\u00f3 c\u01a1 h\u1ed9i l\u1ef1a ch\u1ecdn. V\u00e0 \u0111\u01b0\u1ee3c s\u1eed d\u1ee5ng c\u00e1c h\u00e0ng h\u00f3a, d\u1ecbch v\u1ee5 ch\u1ea5t l\u01b0\u1ee3ng cao, \u0111\u00e1p \u1ee9ng nhu c\u1ea7u c\u1ee7a h\u1ecd.<\/p><p><strong>&#8211; T\u1ea1o m\u00f4i tr\u01b0\u1eddng c\u1ea1nh tranh l\u00e0nh m\u1ea1nh<\/strong><\/p><p>B\u1ea3o v\u1ec7 quy\u1ec1n s\u1edf h\u1eefu tr\u00ed tu\u1ec7 hi\u1ec7u qu\u1ea3 s\u1ebd t\u1ea1o \u0111\u01b0\u1ee3c m\u00f4i tr\u01b0\u1eddng c\u1ea1nh tranh l\u00e0nh m\u1ea1nh. L\u00e0 \u0111\u1ed9ng l\u1ef1c th\u00fac \u0111\u1ea9y t\u0103ng tr\u01b0\u1edfng kinh t\u1ebf. Ph\u00e1p lu\u1eadt s\u1edf h\u1eefu tr\u00ed tu\u1ec7 ch\u1ed1ng m\u1ecdi h\u00e0nh vi s\u1eed d\u1ee5ng c\u00e1c d\u1ea5u hi\u1ec7u tr\u00f9ng ho\u1eb7c t\u01b0\u01a1ng t\u1ef1 v\u1edbi nh\u00e3n hi\u1ec7u \u0111ang \u0111\u01b0\u1ee3c b\u1ea3o h\u1ed9. C\u0169ng nh\u01b0 nh\u1eefng h\u00e0nh vi s\u1eed d\u1ee5ng tr\u00e1i ph\u00e9p th\u00f4ng tin b\u00ed m\u1eadt \u0111\u01b0\u1ee3c b\u1ea3o h\u1ed9.<\/p><p><strong>&#8211; T\u1ea1o uy t\u00edn cho doanh nghi\u1ec7p<\/strong><\/p><p>M\u1ed9t c\u00e1 nh\u00e2n, t\u1ed5 ch\u1ee9c ph\u1ea3i tr\u1ea3i qua th\u1eddi gian d\u00e0i \u0111\u1ec3 c\u00f3 th\u1ec3 cho ra m\u1ed9t s\u1ea3n ph\u1ea9m mang th\u01b0\u01a1ng hi\u1ec7u ri\u00eang c\u1ee7a m\u00ecnh. H\u1ecd ph\u1ea3i \u0111\u1ea7u t\u01b0 trong nhi\u1ec1u n\u0103m. V\u00e0 c\u00f3 th\u1ec3 ph\u1ea3i m\u1ea5t r\u1ea5t nhi\u1ec1u chi ph\u00ed cho ho\u1ea1t \u0111\u1ed9ng nghi\u00ean c\u1ee9u v\u00e0 tri\u1ec3n khai m\u1edbi c\u00f3 th\u1ec3 \u0111\u01b0a m\u1ed9t s\u1ea3n ph\u1ea9m \u0111\u1ebfn tay ng\u01b0\u1eddi ti\u00eau d\u00f9ng. Nh\u1edd v\u00e0o b\u1ea3o v\u1ec7 s\u1edf h\u1eefu tr\u00ed tu\u1ec7, c\u00f4ng ty s\u1ebd x\u00e2y d\u1ef1ng \u0111\u01b0\u1ee3c \u201cuy t\u00edn th\u01b0\u01a1ng hi\u1ec7u\u201d, \u0111\u01b0\u1ee3c nhi\u1ec1u ng\u01b0\u1eddi bi\u1ebft \u0111\u1ebfn v\u00e0 tin d\u00f9ng.<\/p>\t\t\t\t\t\t<\/div>\n\t\t\t\t<\/div>\n\t\t\t\t\t<\/div>\n\t\t\t\t<\/div>\n\t\t\t\t<\/div>","protected":false},"excerpt":{"rendered":"<p>S\u1edf h\u1eefu tr\u00ed tu\u1ec7 l\u00e0 g\u00ec? \u201cTr\u00ed tu\u1ec7\u201d \u0111\u01b0\u1ee3c hi\u1ec3u l\u00e0 nh\u1eadn th\u1ee9c l\u00fd t\u00ednh \u0111\u1ea1t \u0111\u1ebfn m\u1ed9t tr\u00ecnh \u0111\u1ed9 nh\u1ea5t \u0111\u1ecbnh, \u0111\u00e2y l\u00e0 n\u0103ng l\u1ef1c ri\u00eang c\u1ee7a con ng\u01b0\u1eddi. Nh\u1eefng th\u00e0nh qu\u1ea3 do tr\u00ed tu\u1ec7 con ng\u01b0\u1eddi t\u1ea1o ra th\u00f4ng qua ho\u1ea1t \u0111\u1ed9ng s\u00e1ng t\u1ea1o \u0111\u01b0\u1ee3c th\u1eeba nh\u1eadn l\u00e0 t\u00e0i s\u1ea3n tr\u00ed tu\u1ec7. \u201cS\u1edf [&hellip;]<\/p>","protected":false},"author":2,"featured_media":0,"parent":0,"menu_order":0,"comment_status":"closed","ping_status":"closed","template":"elementor_header_footer","meta":{"footnotes":""},"_links":{"self":[{"href":"https:\/\/gemsgroup.com.vn\/en\/wp-json\/wp\/v2\/pages\/4278"}],"collection":[{"href":"https:\/\/gemsgroup.com.vn\/en\/wp-json\/wp\/v2\/pages"}],"about":[{"href":"https:\/\/gemsgroup.com.vn\/en\/wp-json\/wp\/v2\/types\/page"}],"author":[{"embeddable":true,"href":"https:\/\/gemsgroup.com.vn\/en\/wp-json\/wp\/v2\/users\/2"}],"replies":[{"embeddable":true,"href":"https:\/\/gemsgroup.com.vn\/en\/wp-json\/wp\/v2\/comments?post=4278"}],"version-history":[{"count":10,"href":"https:\/\/gemsgroup.com.vn\/en\/wp-json\/wp\/v2\/pages\/4278\/revisions"}],"predecessor-version":[{"id":5609,"href":"https:\/\/gemsgroup.com.vn\/en\/wp-json\/wp\/v2\/pages\/4278\/revisions\/5609"}],"wp:attachment":[{"href":"https:\/\/gemsgroup.com.vn\/en\/wp-json\/wp\/v2\/media?parent=4278"}],"curies":[{"name":"wp","href":"https:\/\/api.w.org\/{rel}","templated":true}]}}