{"id":4320,"date":"2024-05-28T13:58:27","date_gmt":"2024-05-28T06:58:27","guid":{"rendered":"https:\/\/gemswater.vn\/?page_id=4320"},"modified":"2024-05-28T14:01:20","modified_gmt":"2024-05-28T07:01:20","slug":"chinh-sach-bao-mat","status":"publish","type":"page","link":"https:\/\/gemsgroup.com.vn\/en\/chinh-sach-bao-mat\/","title":{"rendered":"Privacy policy"},"content":{"rendered":"<div data-elementor-type=\"wp-page\" data-elementor-id=\"4320\" class=\"elementor elementor-4320\" data-elementor-post-type=\"page\">\n\t\t\t\t<div class=\"elementor-element elementor-element-f25f74b e-flex e-con-boxed e-con e-parent\" data-id=\"f25f74b\" data-element_type=\"container\" data-core-v316-plus=\"true\">\n\t\t\t\t\t<div class=\"e-con-inner\">\n\t\t\t\t<div class=\"elementor-element elementor-element-950919e elementor-widget elementor-widget-text-editor\" data-id=\"950919e\" data-element_type=\"widget\" data-widget_type=\"text-editor.default\">\n\t\t\t\t<div class=\"elementor-widget-container\">\n\t\t\t<style>\/*! elementor - v3.20.0 - 26-03-2024 *\/\n.elementor-widget-text-editor.elementor-drop-cap-view-stacked .elementor-drop-cap{background-color:#69727d;color:#fff}.elementor-widget-text-editor.elementor-drop-cap-view-framed .elementor-drop-cap{color:#69727d;border:3px solid;background-color:transparent}.elementor-widget-text-editor:not(.elementor-drop-cap-view-default) .elementor-drop-cap{margin-top:8px}.elementor-widget-text-editor:not(.elementor-drop-cap-view-default) .elementor-drop-cap-letter{width:1em;height:1em}.elementor-widget-text-editor .elementor-drop-cap{float:left;text-align:center;line-height:1;font-size:50px}.elementor-widget-text-editor .elementor-drop-cap-letter{display:inline-block}<\/style>\t\t\t\t<p><b>Gems\u00a0 cam k\u1ebft s\u1ebd b\u1ea3o m\u1eadt nh\u1eefng th\u00f4ng tin mang t\u00ednh ri\u00eang t\u01b0 c\u1ee7a Kh\u00e1ch h\u00e0ng. Qu\u00fd kh\u00e1ch vui l\u00f2ng \u0111\u1ecdc b\u1ea3n \u201cCh\u00ednh s\u00e1ch b\u1ea3o m\u1eadt\u201d d\u01b0\u1edbi \u0111\u00e2y \u0111\u1ec3 hi\u1ec3u r\u00f5 h\u01a1n nh\u1eefng cam k\u1ebft m\u00e0 ch\u00fang t\u00f4i th\u1ef1c hi\u1ec7n, nh\u1eb1m t\u00f4n tr\u1ecdng v\u00e0 b\u1ea3o v\u1ec7 quy\u1ec1n l\u1ee3i c\u1ee7a Kh\u00e1ch h\u00e0ng:<\/b><\/p><p><b><i>1. Thu th\u1eadp th\u00f4ng tin c\u00e1 nh\u00e2n:<\/i><\/b><span> C\u00e1c th\u00f4ng tin thu th\u1eadp th\u00f4ng qua website <\/span><b>Gems<\/b><span> s\u1ebd gi\u00fap ch\u00fang t\u00f4i<\/span><\/p><p><span style=\"font-weight: 400;\">&#8211; H\u1ed7 tr\u1ee3 Kh\u00e1ch h\u00e0ng khi mua s\u1ea3n ph\u1ea9m\u00a0<\/span><\/p><p><span style=\"font-weight: 400;\">&#8211; Gi\u1ea3i \u0111\u00e1p th\u1eafc m\u1eafc c\u1ee7a Kh\u00e1ch h\u00e0ng<\/span><\/p><p><span style=\"font-weight: 400;\">&#8211; Cung c\u1ea5p cho Kh\u00e1ch h\u00e0ng c\u00e1c th\u00f4ng tin m\u1edbi nh\u1ea5t tr\u00ean Website c\u1ee7a ch\u00fang t\u00f4i<\/span><\/p><p><span style=\"font-weight: 400;\">&#8211; Xem x\u00e9t v\u00e0 n\u00e2ng c\u1ea5p n\u1ed9i dung v\u00e0 giao di\u1ec7n c\u1ee7a Website<\/span><\/p><p><span style=\"font-weight: 400;\">&#8211; Th\u1ef1c hi\u1ec7n c\u00e1c b\u1ea3n kh\u1ea3o s\u00e1t kh\u00e1ch h\u00e0ng<\/span><\/p><p><span style=\"font-weight: 400;\">&#8211; Th\u1ef1c hi\u1ec7n c\u00e1c ho\u1ea1t \u0111\u1ed9ng qu\u1ea3ng b\u00e1 li\u00ean quan \u0111\u1ebfn c\u00e1c s\u1ea3n ph\u1ea9m v\u00e0 d\u1ecbch v\u1ee5 c\u1ee7a Gems.<\/span><\/p><p><span style=\"font-weight: 400;\">\u0110\u1ec3 truy c\u1eadp v\u00e0 s\u1eed d\u1ee5ng m\u1ed9t s\u1ed1 d\u1ecbch v\u1ee5 t\u1ea1i <\/span><b>Gems<\/b><span style=\"font-weight: 400;\"> , Qu\u00fd kh\u00e1ch c\u00f3 th\u1ec3 s\u1ebd \u0111\u01b0\u1ee3c y\u00eau c\u1ea7u \u0111\u0103ng k\u00fd v\u1edbi ch\u00fang t\u00f4i th\u00f4ng tin c\u00e1 nh\u00e2n (Email, H\u1ecd t\u00ean, S\u1ed1 \u0111i\u1ec7n tho\u1ea1i li\u00ean l\u1ea1c\u2026). M\u1ecdi th\u00f4ng tin khai b\u00e1o ph\u1ea3i \u0111\u1ea3m b\u1ea3o t\u00ednh ch\u00ednh x\u00e1c v\u00e0 h\u1ee3p ph\u00e1p. <\/span><b>Gems<\/b><span style=\"font-weight: 400;\"> kh\u00f4ng ch\u1ecbu m\u1ecdi tr\u00e1ch nhi\u1ec7m li\u00ean quan \u0111\u1ebfn ph\u00e1p lu\u1eadt c\u1ee7a th\u00f4ng tin khai b\u00e1o.<\/span><\/p><p><span style=\"font-weight: 400;\">Ch\u00fang t\u00f4i c\u0169ng c\u00f3 th\u1ec3 thu th\u1eadp th\u00f4ng tin v\u1ec1 s\u1ed1 l\u1ea7n vi\u1ebfng th\u0103m, bao g\u1ed3m s\u1ed1 trang Qu\u00fd kh\u00e1ch xem, s\u1ed1 links (li\u00ean k\u1ebft) b\u1ea1n click v\u00e0 nh\u1eefng th\u00f4ng tin kh\u00e1c li\u00ean quan \u0111\u1ebfn vi\u1ec7c k\u1ebft n\u1ed1i \u0111\u1ebfn <\/span><b>Gems<\/b><span style=\"font-weight: 400;\">. Ch\u00fang t\u00f4i c\u0169ng thu th\u1eadp c\u00e1c th\u00f4ng tin m\u00e0 tr\u00ecnh duy\u1ec7t Web (Browser) Qu\u00fd kh\u00e1ch s\u1eed d\u1ee5ng m\u1ed7i khi truy c\u1eadp v\u00e0o website <\/span><b>Gems<\/b><span style=\"font-weight: 400;\">, bao g\u1ed3m: \u0111\u1ecba ch\u1ec9 IP, lo\u1ea1i Browser, ng\u00f4n ng\u1eef s\u1eed d\u1ee5ng, th\u1eddi gian v\u00e0 nh\u1eefng \u0111\u1ecba ch\u1ec9 m\u00e0 Browser truy xu\u1ea5t \u0111\u1ebfn.<\/span><\/p><p><b><i>2. S\u1eed d\u1ee5ng th\u00f4ng tin c\u00e1 nh\u00e2n:<\/i><\/b><\/p><p><span style=\"font-weight: 400;\">&#8211; <\/span><b>Gems<\/b><span style=\"font-weight: 400;\"> thu th\u1eadp v\u00e0 s\u1eed d\u1ee5ng th\u00f4ng tin c\u00e1 nh\u00e2n qu\u00fd kh\u00e1ch v\u1edbi m\u1ee5c \u0111\u00edch ph\u00f9 h\u1ee3p v\u00e0 ho\u00e0n to\u00e0n tu\u00e2n th\u1ee7 n\u1ed9i dung c\u1ee7a \u201cCh\u00ednh s\u00e1ch b\u1ea3o m\u1eadt\u201d n\u00e0y.<\/span><\/p><p><span style=\"font-weight: 400;\">&#8211; Khi c\u1ea7n thi\u1ebft, ch\u00fang t\u00f4i c\u00f3 th\u1ec3 s\u1eed d\u1ee5ng nh\u1eefng th\u00f4ng tin n\u00e0y \u0111\u1ec3 li\u00ean h\u1ec7 tr\u1ef1c ti\u1ebfp v\u1edbi Qu\u00fd kh\u00e1ch d\u01b0\u1edbi c\u00e1c h\u00ecnh th\u1ee9c nh\u01b0: g\u1eedi th\u01b0 ng\u1ecf, th\u01b0 c\u1ea3m \u01a1n, th\u00f4ng tin v\u1ec1 khuy\u1ebfn m\u1ea1i, th\u00f4ng tin v\u1ec1 k\u1ef9 thu\u1eadt v\u00e0 b\u1ea3o m\u1eadt. Qu\u00fd kh\u00e1ch c\u00f3 th\u1ec3 nh\u1eadn \u0111\u01b0\u1ee3c th\u01b0 \u0111\u1ecbnh k\u1ef3 cung c\u1ea5p th\u00f4ng tin s\u1ea3n ph\u1ea9m, d\u1ecbch v\u1ee5 m\u1edbi, th\u00f4ng tin v\u1ec1 c\u00e1c s\u1ef1 ki\u1ec7n s\u1eafp t\u1edbi ho\u1eb7c th\u00f4ng tin tuy\u1ec3n d\u1ee5ng n\u1ebfu qu\u00fd kh\u00e1ch \u0111\u0103ng k\u00ed nh\u1eadn email th\u00f4ng b\u00e1o.<\/span><\/p><p><b><i>3. Chia s\u1ebb th\u00f4ng tin c\u00e1 nh\u00e2n:<\/i><\/b><\/p><p><span style=\"font-weight: 400;\">&#8211; Ngo\u1ea1i tr\u1eeb c\u00e1c tr\u01b0\u1eddng h\u1ee3p v\u1ec1 s\u1eed d\u1ee5ng th\u00f4ng tin c\u00e1 nh\u00e2n nh\u01b0 \u0111\u00e3 n\u00eau trong ch\u00ednh s\u00e1ch n\u00e0y, ch\u00fang t\u00f4i cam k\u1ebft s\u1ebd kh\u00f4ng ti\u1ebft l\u1ed9 th\u00f4ng tin c\u00e1 nh\u00e2n c\u1ee7a Qu\u00fd kh\u00e1ch ra ngo\u00e0i.<\/span><\/p><p><span style=\"font-weight: 400;\">&#8211; Trong m\u1ed9t s\u1ed1 tr\u01b0\u1eddng h\u1ee3p, ch\u00fang t\u00f4i c\u00f3 th\u1ec3 thu\u00ea m\u1ed9t \u0111\u01a1n v\u1ecb \u0111\u1ed9c l\u1eadp \u0111\u1ec3 ti\u1ebfn h\u00e0nh c\u00e1c d\u1ef1 \u00e1n nghi\u00ean c\u1ee9u th\u1ecb tr\u01b0\u1eddng v\u00e0 khi \u0111\u00f3 th\u00f4ng tin c\u1ee7a Qu\u00fd kh\u00e1ch s\u1ebd \u0111\u01b0\u1ee3c cung c\u1ea5p cho \u0111\u01a1n v\u1ecb n\u00e0y \u0111\u1ec3 ti\u1ebfn h\u00e0nh d\u1ef1 \u00e1n. B\u00ean th\u1ee9 ba n\u00e0y s\u1ebd b\u1ecb r\u00e0ng bu\u1ed9c b\u1edfi m\u1ed9t th\u1ecfa thu\u1eadn v\u1ec1 b\u1ea3o m\u1eadt m\u00e0 theo \u0111\u00f3 h\u1ecd ch\u1ec9 \u0111\u01b0\u1ee3c ph\u00e9p s\u1eed d\u1ee5ng nh\u1eefng th\u00f4ng tin \u0111\u01b0\u1ee3c cung c\u1ea5p cho m\u1ee5c \u0111\u00edch ho\u00e0n th\u00e0nh d\u1ef1 \u00e1n.<\/span><\/p><p><span style=\"font-weight: 400;\">&#8211; Ch\u00fang t\u00f4i c\u00f3 th\u1ec3 ti\u1ebft l\u1ed9 ho\u1eb7c cung c\u1ea5p th\u00f4ng tin c\u00e1 nh\u00e2n c\u1ee7a Qu\u00fd kh\u00e1ch trong c\u00e1c tr\u01b0\u1eddng h\u1ee3p th\u1eadt s\u1ef1 c\u1ea7n thi\u1ebft nh\u01b0 sau:<\/span><\/p><p><span style=\"font-weight: 400;\">(a) Khi c\u00f3 y\u00eau c\u1ea7u c\u1ee7a c\u00e1c c\u01a1 quan ph\u00e1p lu\u1eadt;<\/span><\/p><p><span style=\"font-weight: 400;\">(b) Trong tr\u01b0\u1eddng h\u1ee3p m\u00e0 ch\u00fang t\u00f4i tin r\u1eb1ng \u0111i\u1ec1u \u0111\u00f3 s\u1ebd gi\u00fap ch\u00fang t\u00f4i b\u1ea3o v\u1ec7 quy\u1ec1n l\u1ee3i ch\u00ednh \u0111\u00e1ng c\u1ee7a m\u00ecnh tr\u01b0\u1edbc ph\u00e1p lu\u1eadt;<\/span><\/p><p><span style=\"font-weight: 400;\">(c) T\u00ecnh hu\u1ed1ng kh\u1ea9n c\u1ea5p v\u00e0 c\u1ea7n thi\u1ebft \u0111\u1ec3 b\u1ea3o v\u1ec7 quy\u1ec1n an to\u00e0n c\u00e1 nh\u00e2n Kh\u00e1ch h\u00e0ng c\u1ee7a <\/span><b>Gems<\/b><span style=\"font-weight: 400;\">.<\/span><\/p><p><b><i>4. Truy xu\u1ea5t th\u00f4ng tin c\u00e1 nh\u00e2n: <\/i><\/b><span>B\u1ea5t c\u1ee9 th\u1eddi \u0111i\u1ec3m n\u00e0o Qu\u00fd kh\u00e1ch c\u0169ng c\u00f3 th\u1ec3 truy c\u1eadp v\u00e0 ch\u1ec9nh s\u1eeda nh\u1eefng th\u00f4ng tin c\u00e1 nh\u00e2n c\u1ee7a m\u00ecnh theo c\u00e1c li\u00ean k\u1ebft (website links) th\u00edch h\u1ee3p m\u00e0 ch\u00fang t\u00f4i cung c\u1ea5p.<\/span><\/p><p><b><i>5. B\u1ea3o m\u1eadt th\u00f4ng tin c\u00e1 nh\u00e2n:<\/i><\/b><\/p><p><span style=\"font-weight: 400;\">&#8211; Khi Qu\u00fd kh\u00e1ch g\u1eedi th\u00f4ng tin c\u00e1 nh\u00e2n c\u1ee7a Qu\u00fd kh\u00e1ch cho ch\u00fang t\u00f4i, Qu\u00fd kh\u00e1ch \u0111\u00e3 \u0111\u1ed3ng \u00fd v\u1edbi c\u00e1c \u0111i\u1ec1u kho\u1ea3n m\u00e0 ch\u00fang t\u00f4i \u0111\u00e3 n\u00eau \u1edf tr\u00ean, <\/span><b>Gems<\/b><span style=\"font-weight: 400;\"> cam k\u1ebft b\u1ea3o m\u1eadt th\u00f4ng tin c\u00e1 nh\u00e2n c\u1ee7a Qu\u00fd kh\u00e1ch b\u1eb1ng m\u1ecdi c\u00e1ch th\u1ee9c c\u00f3 th\u1ec3. Ch\u00fang t\u00f4i s\u1ebd s\u1eed d\u1ee5ng nhi\u1ec1u c\u00f4ng ngh\u1ec7 b\u1ea3o m\u1eadt th\u00f4ng tin kh\u00e1c nhau nh\u01b0: chu\u1ea9n qu\u1ed1c t\u1ebf PCI, SSL\u2026 nh\u1eb1m b\u1ea3o v\u1ec7 th\u00f4ng tin n\u00e0y kh\u00f4ng b\u1ecb truy l\u1ee5c, s\u1eed d\u1ee5ng, ho\u1eb7c ti\u1ebft l\u1ed9 ngo\u00e0i \u00fd mu\u1ed1n. <\/span><b>Gems<\/b><span style=\"font-weight: 400;\"> s\u1ebd ch\u1ecbu m\u1ecdi tr\u00e1ch nhi\u1ec7m tr\u01b0\u1edbc ph\u00e1p lu\u1eadt n\u1ebfu kh\u00e1ch h\u00e0ng b\u1ecb l\u1ed9 th\u00f4ng tin do <\/span><b>Gems <\/b><span style=\"font-weight: 400;\">g\u00e2y ra.<\/span><\/p><p><span style=\"font-weight: 400;\">&#8211; Tuy nhi\u00ean do h\u1ea1n ch\u1ebf v\u1ec1 m\u1eb7t k\u1ef9 thu\u1eadt, kh\u00f4ng m\u1ed9t d\u1eef li\u1ec7u n\u00e0o c\u00f3 th\u1ec3 \u0111\u01b0\u1ee3c truy\u1ec1n tr\u00ean \u0111\u01b0\u1eddng truy\u1ec1n internet m\u00e0 c\u00f3 th\u1ec3 \u0111\u01b0\u1ee3c b\u1ea3o m\u1eadt 100%. Do v\u1eady, ch\u00fang t\u00f4i kh\u00f4ng th\u1ec3 \u0111\u01b0a ra m\u1ed9t cam k\u1ebft ch\u1eafc ch\u1eafn r\u1eb1ng th\u00f4ng tin Qu\u00fd kh\u00e1ch cung c\u1ea5p cho ch\u00fang t\u00f4i s\u1ebd \u0111\u01b0\u1ee3c b\u1ea3o m\u1eadt m\u1ed9t c\u00e1ch tuy\u1ec7t \u0111\u1ed1i an to\u00e0n, v\u00e0 ch\u00fang t\u00f4i kh\u00f4ng th\u1ec3 ch\u1ecbu tr\u00e1ch nhi\u1ec7m trong tr\u01b0\u1eddng h\u1ee3p c\u00f3 s\u1ef1 truy c\u1eadp tr\u00e1i ph\u00e9p th\u00f4ng tin c\u00e1 nh\u00e2n c\u1ee7a Qu\u00fd kh\u00e1ch nh\u01b0 c\u00e1c tr\u01b0\u1eddng h\u1ee3p Qu\u00fd kh\u00e1ch t\u1ef1 \u00fd chia s\u1ebb th\u00f4ng tin v\u1edbi ng\u01b0\u1eddi kh\u00e1c\u2026. N\u1ebfu Qu\u00fd kh\u00e1ch kh\u00f4ng \u0111\u1ed3ng \u00fd v\u1edbi c\u00e1c \u0111i\u1ec1u kho\u1ea3n nh\u01b0 \u0111\u00e3 m\u00f4 t\u1ea3 \u1edf tr\u00ean, Ch\u00fang t\u00f4i khuy\u00ean Qu\u00fd kh\u00e1ch kh\u00f4ng n\u00ean g\u1eedi th\u00f4ng tin \u0111\u1ebfn cho ch\u00fang t\u00f4i.<\/span><\/p><p><span style=\"font-weight: 400;\">&#8211; V\u00ec v\u1eady, <\/span><b>Gems<\/b><span style=\"font-weight: 400;\"> c\u0169ng khuy\u1ebfn c\u00e1o Qu\u00fd kh\u00e1ch n\u00ean b\u1ea3o m\u1eadt c\u00e1c th\u00f4ng tin li\u00ean quan \u0111\u1ebfn m\u1eadt kh\u1ea9u truy xu\u1ea5t c\u1ee7a Qu\u00fd kh\u00e1ch v\u00e0 kh\u00f4ng n\u00ean chia s\u1ebb v\u1edbi b\u1ea5t k\u1ef3 ng\u01b0\u1eddi n\u00e0o kh\u00e1c.<\/span><\/p><p><span style=\"font-weight: 400;\">&#8211; N\u1ebfu s\u1eed d\u1ee5ng m\u00e1y t\u00ednh chung nhi\u1ec1u ng\u01b0\u1eddi, Qu\u00fd kh\u00e1ch n\u00ean \u0111\u0103ng xu\u1ea5t, ho\u1eb7c tho\u00e1t h\u1ebft t\u1ea5t c\u1ea3 c\u1eeda s\u1ed5 Website \u0111ang m\u1edf.<\/span><\/p><p><b><i>6. S\u1eed d\u1ee5ng \u201cCookie\u201d<\/i><\/b><\/p><p><span style=\"font-weight: 400;\">&#8211; <\/span><b>Gems<\/b><span style=\"font-weight: 400;\"> d\u00f9ng &#8220;Cookie&#8221; \u0111\u1ec3 gi\u00fap c\u00e1 nh\u00e2n h\u00f3a v\u00e0 n\u00e2ng cao t\u1ed1i \u0111a hi\u1ec7u qu\u1ea3 s\u1eed d\u1ee5ng th\u1eddi gian tr\u1ef1c tuy\u1ebfn c\u1ee7a Qu\u00fd kh\u00e1ch.<\/span><\/p><p><span style=\"font-weight: 400;\">&#8211; M\u1ed9t cookie l\u00e0 m\u1ed9t file v\u0103n b\u1ea3n \u0111\u01b0\u1ee3c \u0111\u1eb7t tr\u00ean \u0111\u0129a c\u1ee9ng c\u1ee7a Qu\u00fd kh\u00e1ch b\u1edfi m\u1ed9t m\u00e1y ch\u1ee7 c\u1ee7a trang web. Cookie kh\u00f4ng \u0111\u01b0\u1ee3c d\u00f9ng \u0111\u1ec3 ch\u1ea1y ch\u01b0\u01a1ng tr\u00ecnh hay \u0111\u01b0a virus v\u00e0o m\u00e1y t\u00ednh c\u1ee7a Qu\u00fd kh\u00e1ch. Cookie \u0111\u01b0\u1ee3c ch\u1ec9 \u0111\u1ecbnh v\u00e0o m\u00e1y t\u00ednh c\u1ee7a Qu\u00fd kh\u00e1ch v\u00e0 ch\u1ec9 c\u00f3 th\u1ec3 \u0111\u01b0\u1ee3c \u0111\u1ecdc b\u1edfi m\u1ed9t m\u00e1y ch\u1ee7 trang web tr\u00ean mi\u1ec1n \u0111\u01b0\u1ee3c \u0111\u01b0a ra cookie cho Qu\u00fd kh\u00e1ch.<\/span><\/p><p><span style=\"font-weight: 400;\">&#8211; M\u1ed9t trong nh\u1eefng m\u1ee5c \u0111\u00edch c\u1ee7a Cookie l\u00e0 cung c\u1ea5p nh\u1eefng ti\u1ec7n \u00edch \u0111\u1ec3 ti\u1ebft ki\u1ec7m th\u1eddi gian c\u1ee7a Qu\u00fd kh\u00e1ch khi truy c\u1eadp t\u1ea1i website <\/span><b>Gems<\/b><span style=\"font-weight: 400;\"> ho\u1eb7c vi\u1ebfng th\u0103m website <\/span><b>Gems<\/b><span style=\"font-weight: 400;\"> l\u1ea7n n\u1eefa m\u00e0 kh\u00f4ng c\u1ea7n \u0111\u0103ng k\u00fd l\u1ea1i th\u00f4ng tin s\u1eb5n c\u00f3.<\/span><\/p><p><span style=\"font-weight: 400;\">&#8211; Qu\u00fd kh\u00e1ch c\u00f3 th\u1ec3 ch\u1ea5p nh\u1eadn ho\u1eb7c t\u1eeb ch\u1ed1i d\u00f9ng cookie. H\u1ea7u h\u1ebft nh\u1eefng Browser t\u1ef1 \u0111\u1ed9ng ch\u1ea5p nh\u1eadn cookie, nh\u01b0ng Qu\u00fd kh\u00e1ch c\u00f3 th\u1ec3 thay \u0111\u1ed5i nh\u1eefng c\u00e0i \u0111\u1eb7t \u0111\u1ec3 t\u1eeb ch\u1ed1i t\u1ea5t c\u1ea3 nh\u1eefng cookie n\u1ebfu qu\u00fd kh\u00e1ch th\u00edch. Tuy nhi\u00ean, n\u1ebfu Qu\u00fd kh\u00e1ch ch\u1ecdn t\u1eeb ch\u1ed1i cookie, \u0111i\u1ec1u \u0111\u00f3 c\u00f3 th\u1ec3 g\u00e2y c\u1ea3n tr\u1edf v\u00e0 \u1ea3nh h\u01b0\u1edfng kh\u00f4ng t\u1ed1t \u0111\u1ebfn m\u1ed9t s\u1ed1 d\u1ecbch v\u1ee5 v\u00e0 t\u00ednh n\u0103ng ph\u1ee5 thu\u1ed9c v\u00e0o cookie t\u1ea1i website <\/span><b>Gems<\/b><span style=\"font-weight: 400;\">.<\/span><\/p><p><b><i>7. Quy \u0111\u1ecbnh v\u1ec1 \u201cSpam\u201d:<\/i><\/b><\/p><p><span style=\"font-weight: 400;\">&#8211; <\/span><b>Gems<\/b><span style=\"font-weight: 400;\"> th\u1ef1c s\u1ef1 quan ng\u1ea1i \u0111\u1ebfn v\u1ea5n n\u1ea1n Spam (th\u01b0 r\u00e1c), c\u00e1c Email gi\u1ea3 m\u1ea1o danh t\u00edn ch\u00fang t\u00f4i g\u1eedi \u0111i. Do \u0111\u00f3, <\/span><b>Gems<\/b><span style=\"font-weight: 400;\"> kh\u1eb3ng \u0111\u1ecbnh ch\u1ec9 g\u1eedi Email \u0111\u1ebfn Qu\u00fd kh\u00e1ch khi v\u00e0 ch\u1ec9 khi Qu\u00fd kh\u00e1ch c\u00f3 \u0111\u0103ng k\u00fd ho\u1eb7c s\u1eed d\u1ee5ng d\u1ecbch v\u1ee5 t\u1eeb h\u1ec7 th\u1ed1ng c\u1ee7a ch\u00fang t\u00f4i.<\/span><\/p><p><span style=\"font-weight: 400;\">&#8211; <\/span><b>Gems<\/b><span style=\"font-weight: 400;\"> cam k\u1ebft kh\u00f4ng b\u00e1n, thu\u00ea l\u1ea1i ho\u1eb7c cho thu\u00ea email c\u1ee7a qu\u00fd kh\u00e1ch t\u1eeb b\u00ean th\u1ee9 ba. N\u1ebfu qu\u00fd kh\u00e1ch v\u00f4 t\u00ecnh nh\u1eadn \u0111\u01b0\u1ee3c Email kh\u00f4ng theo y\u00eau c\u1ea7u t\u1eeb h\u1ec7 th\u1ed1ng ch\u00fang t\u00f4i do m\u1ed9t nguy\u00ean nh\u00e2n ngo\u00e0i \u00fd mu\u1ed1n, xin vui l\u00f2ng nh\u1ea5n v\u00e0o link t\u1eeb ch\u1ed1i nh\u1eadn Email n\u00e0y k\u00e8m theo, ho\u1eb7c th\u00f4ng b\u00e1o tr\u1ef1c ti\u1ebfp \u0111\u1ebfn ban qu\u1ea3n tr\u1ecb Website.<\/span><\/p><p><b><i>8. Thay \u0111\u1ed5i v\u1ec1 ch\u00ednh s\u00e1ch:<\/i><\/b><\/p><p><span style=\"font-weight: 400;\">&#8211; Ch\u00fang t\u00f4i ho\u00e0n to\u00e0n c\u00f3 th\u1ec3 thay \u0111\u1ed5i n\u1ed9i dung trong trang n\u00e0y m\u00e0 kh\u00f4ng c\u1ea7n ph\u1ea3i th\u00f4ng b\u00e1o tr\u01b0\u1edbc, \u0111\u1ec3 ph\u00f9 h\u1ee3p v\u1edbi c\u00e1c nhu c\u1ea7u c\u1ee7a <\/span><b>Gems<\/b><span style=\"font-weight: 400;\"> c\u0169ng nh\u01b0 nhu c\u1ea7u v\u00e0 s\u1ef1 ph\u1ea3n h\u1ed3i t\u1eeb kh\u00e1ch h\u00e0ng n\u1ebfu c\u00f3. Khi c\u1eadp nh\u1eadt n\u1ed9i dung ch\u00ednh s\u00e1ch n\u00e0y, ch\u00fang t\u00f4i s\u1ebd ch\u1ec9nh s\u1eeda l\u1ea1i th\u1eddi gian \u201cC\u1eadp nh\u1eadt l\u1ea7n cu\u1ed1i\u201d b\u00ean d\u01b0\u1edbi.<\/span><\/p><p><span style=\"font-weight: 400;\">&#8211; N\u1ed9i dung \u201cCh\u00ednh s\u00e1ch b\u1ea3o m\u1eadt\u201d n\u00e0y ch\u1ec9 \u00e1p d\u1ee5ng t\u1ea1i<\/span><b> Gems<\/b><span style=\"font-weight: 400;\">, kh\u00f4ng bao g\u1ed3m ho\u1eb7c li\u00ean quan \u0111\u1ebfn c\u00e1c b\u00ean th\u1ee9 ba \u0111\u1eb7t qu\u1ea3ng c\u00e1o hay c\u00f3 links t\u1ea1i <\/span><b>Gems<\/b><span style=\"font-weight: 400;\">. Ch\u00fang t\u00f4i khuy\u1ebfn kh\u00edch Qu\u00fd kh\u00e1ch \u0111\u1ecdc k\u1ef9 ch\u00ednh s\u00e1ch An to\u00e0n v\u00e0 B\u1ea3o m\u1eadt c\u1ee7a c\u00e1c trang web c\u1ee7a b\u00ean th\u1ee9 ba tr\u01b0\u1edbc khi cung c\u1ea5p th\u00f4ng tin c\u00e1 nh\u00e2n cho c\u00e1c trang web \u0111\u00f3. Ch\u00fang t\u00f4i kh\u00f4ng ch\u1ecbu tr\u00e1ch nhi\u1ec7m d\u01b0\u1edbi b\u1ea5t k\u1ef3 h\u00ecnh th\u1ee9c n\u00e0o v\u1ec1 n\u1ed9i dung v\u00e0 t\u00ednh ph\u00e1p l\u00fd c\u1ee7a trang web thu\u1ed9c b\u00ean th\u1ee9 ba.<\/span><\/p><p><span style=\"font-weight: 400;\">&#8211; V\u00ec v\u1eady, Qu\u00fd kh\u00e1ch \u0111\u00e3 \u0111\u1ed3ng \u00fd r\u1eb1ng, khi Qu\u00fd kh\u00e1ch s\u1eed d\u1ee5ng website c\u1ee7a ch\u00fang t\u00f4i sau khi ch\u1ec9nh s\u1eeda ngh\u0129a l\u00e0 Qu\u00fd kh\u00e1ch \u0111\u00e3 th\u1eeba nh\u1eadn, \u0111\u1ed3ng \u00fd tu\u00e2n th\u1ee7 c\u0169ng nh\u01b0 tin t\u01b0\u1edfng v\u00e0o s\u1ef1 ch\u1ec9nh s\u1eeda n\u00e0y. Do \u0111\u00f3, ch\u00fang t\u00f4i \u0111\u1ec1 ngh\u1ecb Qu\u00fd kh\u00e1ch n\u00ean xem tr\u01b0\u1edbc n\u1ed9i dung trang n\u00e0y tr\u01b0\u1edbc khi truy c\u1eadp c\u00e1c n\u1ed9i dung kh\u00e1c tr\u00ean website c\u0169ng nh\u01b0 Qu\u00fd kh\u00e1ch n\u00ean \u0111\u1ecdc v\u00e0 tham kh\u1ea3o k\u1ef9 n\u1ed9i dung \u201cCh\u00ednh s\u00e1ch b\u1ea3o m\u1eadt\u201d c\u1ee7a t\u1eebng website m\u00e0 Qu\u00fd kh\u00e1ch \u0111ang truy c\u1eadp.<\/span><\/p><p><b><i>9. Th\u00f4ng tin li\u00ean h\u1ec7: <\/i><\/b><span style=\"font-weight: 400;\">Ch\u00fang t\u00f4i lu\u00f4n hoan ngh\u00eanh c\u00e1c \u00fd ki\u1ebfn \u0111\u00f3ng g\u00f3p, li\u00ean h\u1ec7 v\u00e0 ph\u1ea3n h\u1ed3i th\u00f4ng tin t\u1eeb Qu\u00fd kh\u00e1ch v\u1ec1 \u201cCh\u00ednh s\u00e1ch b\u1ea3o m\u1eadt\u201d n\u00e0y. N\u1ebfu Qu\u00fd kh\u00e1ch c\u00f3 nh\u1eefng th\u1eafc m\u1eafc li\u00ean quan xin vui l\u00f2ng li\u00ean h\u1ec7 theo \u0111\u1ecba ch\u1ec9 Email: info.gemsgroupvn@gmail.com<\/span><\/p>\t\t\t\t\t\t<\/div>\n\t\t\t\t<\/div>\n\t\t\t\t\t<\/div>\n\t\t\t\t<\/div>\n\t\t\t\t<\/div>","protected":false},"excerpt":{"rendered":"<p>Gems\u00a0 cam k\u1ebft s\u1ebd b\u1ea3o m\u1eadt nh\u1eefng th\u00f4ng tin mang t\u00ednh ri\u00eang t\u01b0 c\u1ee7a Kh\u00e1ch h\u00e0ng. Qu\u00fd kh\u00e1ch vui l\u00f2ng \u0111\u1ecdc b\u1ea3n \u201cCh\u00ednh s\u00e1ch b\u1ea3o m\u1eadt\u201d d\u01b0\u1edbi \u0111\u00e2y \u0111\u1ec3 hi\u1ec3u r\u00f5 h\u01a1n nh\u1eefng cam k\u1ebft m\u00e0 ch\u00fang t\u00f4i th\u1ef1c hi\u1ec7n, nh\u1eb1m t\u00f4n tr\u1ecdng v\u00e0 b\u1ea3o v\u1ec7 quy\u1ec1n l\u1ee3i c\u1ee7a Kh\u00e1ch h\u00e0ng: 1. Thu th\u1eadp th\u00f4ng [&hellip;]<\/p>","protected":false},"author":1,"featured_media":0,"parent":0,"menu_order":0,"comment_status":"closed","ping_status":"closed","template":"","meta":{"footnotes":""},"_links":{"self":[{"href":"https:\/\/gemsgroup.com.vn\/en\/wp-json\/wp\/v2\/pages\/4320"}],"collection":[{"href":"https:\/\/gemsgroup.com.vn\/en\/wp-json\/wp\/v2\/pages"}],"about":[{"href":"https:\/\/gemsgroup.com.vn\/en\/wp-json\/wp\/v2\/types\/page"}],"author":[{"embeddable":true,"href":"https:\/\/gemsgroup.com.vn\/en\/wp-json\/wp\/v2\/users\/1"}],"replies":[{"embeddable":true,"href":"https:\/\/gemsgroup.com.vn\/en\/wp-json\/wp\/v2\/comments?post=4320"}],"version-history":[{"count":4,"href":"https:\/\/gemsgroup.com.vn\/en\/wp-json\/wp\/v2\/pages\/4320\/revisions"}],"predecessor-version":[{"id":4324,"href":"https:\/\/gemsgroup.com.vn\/en\/wp-json\/wp\/v2\/pages\/4320\/revisions\/4324"}],"wp:attachment":[{"href":"https:\/\/gemsgroup.com.vn\/en\/wp-json\/wp\/v2\/media?parent=4320"}],"curies":[{"name":"wp","href":"https:\/\/api.w.org\/{rel}","templated":true}]}}