{"id":4325,"date":"2024-05-28T14:02:22","date_gmt":"2024-05-28T07:02:22","guid":{"rendered":"https:\/\/gemswater.vn\/?page_id=4325"},"modified":"2024-05-28T14:03:05","modified_gmt":"2024-05-28T07:03:05","slug":"chinh-sach-kiem-hang","status":"publish","type":"page","link":"https:\/\/gemsgroup.com.vn\/en\/chinh-sach-kiem-hang\/","title":{"rendered":"Policy store"},"content":{"rendered":"<div data-elementor-type=\"wp-page\" data-elementor-id=\"4325\" class=\"elementor elementor-4325\" data-elementor-post-type=\"page\">\n\t\t\t\t<div class=\"elementor-element elementor-element-91b1575 e-flex e-con-boxed e-con e-parent\" data-id=\"91b1575\" data-element_type=\"container\" data-core-v316-plus=\"true\">\n\t\t\t\t\t<div class=\"e-con-inner\">\n\t\t\t\t<div class=\"elementor-element elementor-element-71c7e32 elementor-widget elementor-widget-text-editor\" data-id=\"71c7e32\" data-element_type=\"widget\" data-widget_type=\"text-editor.default\">\n\t\t\t\t<div class=\"elementor-widget-container\">\n\t\t\t<style>\/*! elementor - v3.20.0 - 26-03-2024 *\/\n.elementor-widget-text-editor.elementor-drop-cap-view-stacked .elementor-drop-cap{background-color:#69727d;color:#fff}.elementor-widget-text-editor.elementor-drop-cap-view-framed .elementor-drop-cap{color:#69727d;border:3px solid;background-color:transparent}.elementor-widget-text-editor:not(.elementor-drop-cap-view-default) .elementor-drop-cap{margin-top:8px}.elementor-widget-text-editor:not(.elementor-drop-cap-view-default) .elementor-drop-cap-letter{width:1em;height:1em}.elementor-widget-text-editor .elementor-drop-cap{float:left;text-align:center;line-height:1;font-size:50px}.elementor-widget-text-editor .elementor-drop-cap-letter{display:inline-block}<\/style>\t\t\t\t<p><span style=\"font-weight: 400;\">Nh\u1eb1m \u0111\u00e1p \u1ee9ng nhu c\u1ea7u v\u00e0 b\u1ea3o v\u1ec7 t\u1ed1i \u0111a quy\u1ec1n l\u1ee3i kh\u00e1ch h\u00e0ng khi mua s\u1ea3n ph\u1ea9m c\u1ee7a <\/span><b>Gems<\/b><span style=\"font-weight: 400;\">. Ch\u00fang t\u00f4i \u0111\u00e3 tri\u1ec3n khai ch\u00ednh s\u00e1ch h\u1ed7 tr\u1ee3 vi\u1ec7c xem v\u00e0 ki\u1ec3m tra h\u00e0ng h\u00f3a khi giao h\u00e0ng. Kh\u00e1ch h\u00e0ng khi nh\u1eadn \u0111\u01b0\u1ee3c h\u00e0ng t\u1eeb nh\u00e2n vi\u00ean v\u1eadn chuy\u1ec3n c\u00f3 th\u1ec3 m\u1edf ni\u00eam phong g\u00f3i h\u00e0ng c\u1ee7a ch\u00fang t\u00f4i \u0111\u1ec3 \u0111\u1ed3ng ki\u1ec3m tra h\u00e0ng h\u00f3a v\u1edbi nh\u00e2n vi\u00ean v\u1eadn chuy\u1ec3n.<\/span><\/p><p><span style=\"font-weight: 400;\">Note:\u00a0 <\/span><b>Gems<\/b><span style=\"font-weight: 400;\"> h\u1ed7 tr\u1ee3 cho kh\u00e1ch h\u00e0ng xem h\u00e0ng nh\u01b0ng vui l\u00f2ng kh\u00f4ng th\u1eed.<\/span><\/p><p><span style=\"font-weight: 400;\">Trong tr\u01b0\u1eddng h\u1ee3p nh\u00e2n vi\u00ean v\u1eadn chuy\u1ec3n y\u00eau c\u1ea7u qu\u00fd kh\u00e1ch k\u00fd v\u00e0o bi\u00ean b\u1ea3n x\u00e1c nh\u1eadn kh\u00e1ch h\u00e0ng \u0111\u00e3 nh\u1eadn \u0111\u1ee7 v\u00e0 nguy\u00ean v\u1eb9n t\u1ea5t c\u1ea3 s\u1ea3n ph\u1ea9m (bi\u00ean b\u1ea3n \u0111\u1ed3ng ki\u1ec3m). <\/span><b>Gems<\/b><span style=\"font-weight: 400;\">\u00a0 khuy\u1ebfn kh\u00edch qu\u00fd kh\u00e1ch s\u1eed d\u1ee5ng t\u1ed1i \u0111a quy\u1ec1n l\u1ee3i tr\u00ean tr\u01b0\u1edbc khi k\u00fd x\u00e1c nh\u1eadn \u0111\u1ec3 \u0111\u01b0\u1ee3c h\u1ed7 tr\u1ee3 t\u1ed1t nh\u1ea5t trong m\u1ecdi t\u00ecnh hu\u1ed1ng. N\u1ebfu ph\u00e1t sinh y\u00eau c\u1ea7u \u0111\u1ed5i tr\u1ea3 qu\u00fd kh\u00e1ch vui l\u00f2ng li\u00ean h\u1ec7 hotline: 1900888812 \u0111\u1ec3 \u0111\u01b0\u1ee3c h\u1ed7 tr\u1ee3 nhanh nh\u1ea5t.<\/span><\/p>\t\t\t\t\t\t<\/div>\n\t\t\t\t<\/div>\n\t\t\t\t\t<\/div>\n\t\t\t\t<\/div>\n\t\t\t\t<\/div>","protected":false},"excerpt":{"rendered":"<p>Nh\u1eb1m \u0111\u00e1p \u1ee9ng nhu c\u1ea7u v\u00e0 b\u1ea3o v\u1ec7 t\u1ed1i \u0111a quy\u1ec1n l\u1ee3i kh\u00e1ch h\u00e0ng khi mua s\u1ea3n ph\u1ea9m c\u1ee7a Gems. Ch\u00fang t\u00f4i \u0111\u00e3 tri\u1ec3n khai ch\u00ednh s\u00e1ch h\u1ed7 tr\u1ee3 vi\u1ec7c xem v\u00e0 ki\u1ec3m tra h\u00e0ng h\u00f3a khi giao h\u00e0ng. Kh\u00e1ch h\u00e0ng khi nh\u1eadn \u0111\u01b0\u1ee3c h\u00e0ng t\u1eeb nh\u00e2n vi\u00ean v\u1eadn chuy\u1ec3n c\u00f3 th\u1ec3 m\u1edf ni\u00eam phong [&hellip;]<\/p>","protected":false},"author":1,"featured_media":0,"parent":0,"menu_order":0,"comment_status":"closed","ping_status":"closed","template":"","meta":{"footnotes":""},"_links":{"self":[{"href":"https:\/\/gemsgroup.com.vn\/en\/wp-json\/wp\/v2\/pages\/4325"}],"collection":[{"href":"https:\/\/gemsgroup.com.vn\/en\/wp-json\/wp\/v2\/pages"}],"about":[{"href":"https:\/\/gemsgroup.com.vn\/en\/wp-json\/wp\/v2\/types\/page"}],"author":[{"embeddable":true,"href":"https:\/\/gemsgroup.com.vn\/en\/wp-json\/wp\/v2\/users\/1"}],"replies":[{"embeddable":true,"href":"https:\/\/gemsgroup.com.vn\/en\/wp-json\/wp\/v2\/comments?post=4325"}],"version-history":[{"count":4,"href":"https:\/\/gemsgroup.com.vn\/en\/wp-json\/wp\/v2\/pages\/4325\/revisions"}],"predecessor-version":[{"id":4330,"href":"https:\/\/gemsgroup.com.vn\/en\/wp-json\/wp\/v2\/pages\/4325\/revisions\/4330"}],"wp:attachment":[{"href":"https:\/\/gemsgroup.com.vn\/en\/wp-json\/wp\/v2\/media?parent=4325"}],"curies":[{"name":"wp","href":"https:\/\/api.w.org\/{rel}","templated":true}]}}