{"id":4336,"date":"2024-05-28T14:06:50","date_gmt":"2024-05-28T07:06:50","guid":{"rendered":"https:\/\/gemswater.vn\/?page_id=4336"},"modified":"2024-11-04T16:49:21","modified_gmt":"2024-11-04T09:49:21","slug":"chinh-sach-bao-hanh-va-doi-tra","status":"publish","type":"page","link":"https:\/\/gemsgroup.com.vn\/en\/chinh-sach-bao-hanh-va-doi-tra\/","title":{"rendered":"Warranty policy and return"},"content":{"rendered":"<div data-elementor-type=\"wp-page\" data-elementor-id=\"4336\" class=\"elementor elementor-4336\" data-elementor-post-type=\"page\">\n\t\t\t\t<div class=\"elementor-element elementor-element-96020f5 e-flex e-con-boxed e-con e-parent\" data-id=\"96020f5\" data-element_type=\"container\" data-core-v316-plus=\"true\">\n\t\t\t\t\t<div class=\"e-con-inner\">\n\t\t\t\t<div class=\"elementor-element elementor-element-419c37c elementor-widget elementor-widget-text-editor\" data-id=\"419c37c\" data-element_type=\"widget\" data-widget_type=\"text-editor.default\">\n\t\t\t\t<div class=\"elementor-widget-container\">\n\t\t\t<style>\/*! elementor - v3.20.0 - 26-03-2024 *\/\n.elementor-widget-text-editor.elementor-drop-cap-view-stacked .elementor-drop-cap{background-color:#69727d;color:#fff}.elementor-widget-text-editor.elementor-drop-cap-view-framed .elementor-drop-cap{color:#69727d;border:3px solid;background-color:transparent}.elementor-widget-text-editor:not(.elementor-drop-cap-view-default) .elementor-drop-cap{margin-top:8px}.elementor-widget-text-editor:not(.elementor-drop-cap-view-default) .elementor-drop-cap-letter{width:1em;height:1em}.elementor-widget-text-editor .elementor-drop-cap{float:left;text-align:center;line-height:1;font-size:50px}.elementor-widget-text-editor .elementor-drop-cap-letter{display:inline-block}<\/style>\t\t\t\t<p><strong>C<\/strong><strong>H\u00cdNH S\u00c1CH B\u1ea2O H\u00c0NH<\/strong><\/p>\n<p>T\u1ea1i GEMS, ch\u00fang t\u00f4i cam k\u1ebft ch\u00ednh s\u00e1ch b\u1ea3o h\u00e0nh \u2013 b\u1ea3o tr\u00ec m\u00e1y l\u1ecdc n\u01b0\u1edbc ion ki\u1ec1m uy t\u00edn v\u00e0 chuy\u00ean nghi\u1ec7p nh\u1ea5t, \u0111\u1ea3m b\u1ea3o kh\u00e1ch h\u00e0ng ho\u00e0n to\u00e0n y\u00ean t\u00e2m.<\/p>\n<p>To\u00e0n b\u1ed9 th\u00f4ng tin c\u1ea7n bi\u1ebft v\u1ec1 ch\u00ednh s\u00e1ch b\u1ea3o h\u00e0nh d\u01b0\u1edbi \u0111\u00e2y s\u1ebd gi\u00fap b\u1ea1n hi\u1ec3u h\u01a1n v\u1ec1 nh\u1eefng quy\u1ec1n l\u1ee3i khi s\u1eed d\u1ee5ng s\u1ea3n ph\u1ea9m.<\/p>\n<ol>\n<li><strong> C\u00e1c h\u00ecnh th\u1ee9c k\u00edch ho\u1ea1t b\u1ea3o h\u00e0nh m\u00e1y l\u1ecdc n\u01b0\u1edbc Gems<\/strong><\/li>\n<\/ol>\n<p>Gems hi\u1ec7n t\u00edch h\u1ee3p 3 h\u00ecnh th\u1ee9c k\u00edch ho\u1ea1t b\u1ea3o h\u00e0nh, t\u00f9y tr\u01b0\u1eddng h\u1ee3p c\u1ee5 th\u1ec3 \u0111\u1ec3 \u00e1p d\u1ee5ng nh\u01b0 sau:<\/p>\n<p>H\u00ecnh th\u1ee9c 1: B\u1ed9 ph\u1eadn k\u1ef9 thu\u1eadt vi\u00ean khi l\u1eafp \u0111\u1eb7t s\u1ebd tr\u1ef1c ti\u1ebfp t\u01b0 v\u1ea5n, k\u00edch ho\u1ea1t b\u1ea3o h\u00e0nh s\u1ea3n ph\u1ea9m cho qu\u00fd kh\u00e1ch tr\u00ean phi\u1ebfu b\u1ea3o h\u00e0nh.<\/p>\n<p>H\u00ecnh th\u1ee9c 2: \u0110\u1ea1i s\u1ee9, S\u1ee9 gi\u1ea3 ch\u1ee7 \u0111\u1ed9ng k\u00edch ho\u1ea1t b\u1ea3o h\u00e0nh \u0111i\u1ec7n t\u1eed, theo d\u00f5i s\u1ea3n ph\u1ea9m cho kh\u00e1ch h\u00e0ng trong qu\u00e1 tr\u00ecnh s\u1eed d\u1ee5ng.<\/p>\n<p>H\u00ecnh th\u1ee9c 3: B\u1ed9 ph\u1eadn Ch\u0103m s\u00f3c Kh\u00e1ch h\u00e0ng k\u00edch ho\u1ea1t b\u1ea3o h\u00e0nh \u0111i\u1ec7n t\u1eed khi ti\u1ebfp nh\u1eadn th\u00f4ng tin t\u1eeb \u0110\u1ea1i s\u1ee9, S\u1ee9 gi\u1ea3.<\/p>\n<p>To\u00e0n b\u1ed9 c\u00e1c h\u00ecnh th\u1ee9c b\u1ea3o h\u00e0nh \u0111\u1ec1u h\u01b0\u1edbng t\u1edbi ph\u1ee5c v\u1ee5 l\u1ee3i \u00edch cho kh\u00e1ch h\u00e0ng khi s\u1eed d\u1ee5ng s\u1ea3n ph\u1ea9m t\u1ea1i Gems.<\/p>\n<ol>\n<li><strong> Th\u1eddi gian b\u1ea3o h\u00e0nh s\u1ea3n ph\u1ea9m<\/strong><\/li>\n<\/ol>\n<p>Th\u1eddi gian b\u1ea3o h\u00e0nh \u0111\u01b0\u1ee3c t\u00ednh k\u1ec3 t\u1eeb khi k\u00edch ho\u1ea1t b\u1ea3o h\u00e0nh. C\u1ee5 th\u1ec3, v\u1edbi t\u1eebng lo\u1ea1i s\u1ea3n ph\u1ea9m, kh\u00e1ch h\u00e0ng \u0111\u01b0\u1ee3c h\u01b0\u1edfng th\u1eddi gian b\u1ea3o h\u00e0nh:&nbsp; 24 th\u00e1ng (\u0111\u01b0\u1ee3c x\u00e1c \u0111\u1ecbnh l\u1ed7i k\u1ef9 thu\u1eadt c\u1ee7a nh\u00e0 s\u1ea3n xu\u1ea5t)<\/p>\n<p><strong><em>Note:<\/em><\/strong><\/p>\n<p>Trong qu\u00e1 tr\u00ecnh s\u1eed d\u1ee5ng v\u00e0 k\u00edch ho\u1ea1t b\u1ea3o h\u00e0nh \u0111i\u1ec7n t\u1eed c\u00f3 th\u1ec3 x\u1ea3y ra c\u00e1c tr\u1ee5c tr\u1eb7c d\u1eabn \u0111\u1ebfn vi\u1ec7c k\u00edch ho\u1ea1t b\u1ea3o h\u00e0nh ch\u1eadm tr\u1ec5. V\u1edbi c\u00e1c tr\u01b0\u1eddng h\u1ee3p n\u00e0y, qu\u00fd kh\u00e1ch \u0111\u01b0\u1ee3c k\u00edch ho\u1ea1t th\u1eddi gian b\u1ea3o h\u00e0nh theo th\u1eddi gian in tr\u00ean phi\u1ebfu xu\u1ea5t kho ho\u1eb7c phi\u1ebfu b\u1ea3o h\u00e0nh \u0111i k\u00e8m v\u1edbi m\u00e1y.<\/p>\n<p><strong>III. Ph\u1ea1m vi b\u1ea3o h\u00e0nh<\/strong><\/p>\n<p><strong><u>\u0110\u1ecba \u0111i\u1ec3m b\u1ea3o h\u00e0nh:<\/u><\/strong><\/p>\n<p>&#8211; \u0110\u1ed1i v\u1edbi s\u1ea3n ph\u1ea9m m\u00e1y l\u1ecdc n\u01b0\u1edbc Hydrogen Ion Ki\u1ec1m: B\u1ea3o h\u00e0nh t\u1ea1i nh\u00e0 tr\u00ean to\u00e0n qu\u1ed1c<br><strong><u>Ph\u1ea1m vi s\u1ea3n ph\u1ea9m b\u1ea3o h\u00e0nh:<\/u><\/strong><\/p>\n<p>\u00c1p d\u1ee5ng cho to\u00e0n b\u1ed9 s\u1ea3n ph\u1ea9m m\u00e1y l\u1ecdc n\u01b0\u1edbc Hydrogen Ion Ki\u1ec1m c\u1ee7a C\u00f4ng ty C\u1ed5 ph\u1ea7n T\u1eadp \u0111o\u00e0n Gems t\u1ea1i Vi\u1ec7t Nam<\/p>\n<ol>\n<li><strong> \u0110i\u1ec1u ki\u1ec7n b\u1ea3o h\u00e0nh<\/strong><\/li>\n<li>C\u00e1c tr\u01b0\u1eddng h\u1ee3p \u0111\u01b0\u1ee3c b\u1ea3o h\u00e0nh mi\u1ec5n ph\u00ed<\/li>\n<\/ol>\n<p>Trong c\u00e1c tr\u01b0\u1eddng h\u1ee3p sau \u0111\u00e2y, kh\u00e1ch h\u00e0ng s\u1ebd \u0111\u01b0\u1ee3c \u0111\u1eb7c quy\u1ec1n b\u1ea3o h\u00e0nh mi\u1ec5n ph\u00ed t\u1eeb Gems:<\/p>\n<ul>\n<li>S\u1ea3n ph\u1ea9m l\u00e0 h\u00e0ng ch\u00ednh h\u00e3ng t\u1eeb Gems, c\u00e1c tr\u01b0\u1eddng h\u1ee3p h\u00e0ng gi\u1ea3, h\u00e0ng nh\u00e1i s\u1ebd kh\u00f4ng \u0111\u01b0\u1ee3c ch\u1ecbu tr\u00e1ch nhi\u1ec7m<\/li>\n<li>Th\u1eddi gian b\u1ea3o h\u00e0nh t\u1eebng chi ti\u1ebft m\u00e1y theo b\u1ea3ng b\u1ea3o h\u00e0nh quy \u0111\u1ecbnh nh\u01b0 tr\u00ean, \u0111\u01b0\u1ee3c k\u00edch ho\u1ea1t b\u1ea3o h\u00e0nh \u0111i\u1ec7n t\u1eed ho\u1eb7c ho\u00e1 \u0111\u01a1n x\u00e1c nh\u1eadn ph\u01b0\u01a1ng th\u1ee9c s\u1eed d\u1ee5ng h\u00e0ng h\u1ee3p l\u1ec7..<\/li>\n<li>V\u1ec1 t\u00ecnh tr\u1ea1ng m\u00e1y ph\u1ea3i c\u00f2n nguy\u00ean tem, kh\u00f4ng \u0111\u01b0\u1ee3c l\u00e0m m\u1edd ho\u1eb7c x\u00e9 r\u00e1ch. Thi\u1ebft b\u1ecb kh\u00f4ng \u0111\u01b0\u1ee3c b\u00f3p m\u00e9o ho\u1eb7c ch\u1ecbu t\u00e1c \u0111\u1ed9ng c\u1ee7a ngo\u1ea1i l\u1ef1c.<\/li>\n<li>S\u1ea3n ph\u1ea9m ph\u1ea3i \u0111\u01b0\u1ee3c s\u1eed d\u1ee5ng theo \u0111\u00fang h\u01b0\u1edbng d\u1eabn v\u00e0 quy \u0111\u1ecbnh c\u1ee7a nh\u00e0 s\u1ea3n xu\u1ea5t.<\/li>\n<li>Linh ki\u1ec7n \u0111\u01b0\u1ee3c b\u1ea3o h\u00e0nh thu\u1ed9c c\u00e1c tr\u01b0\u1eddng h\u1ee3p quy \u0111\u1ecbnh trong m\u1ee5c I.<\/li>\n<\/ul>\n<ol start=\"2\">\n<li>C\u00e1c tr\u01b0\u1eddng h\u1ee3p kh\u00f4ng \u0111\u01b0\u1ee3c b\u1ea3o h\u00e0nh<\/li>\n<\/ol>\n<p>Ngo\u00e0i vi\u1ec7c n\u1eafm \u0111\u01b0\u1ee3c c\u00e1c tr\u01b0\u1eddng h\u1ee3p \u00e1p d\u1ee5ng b\u1ea3o h\u00e0nh, kh\u00e1ch h\u00e0ng c\u1ea7n bi\u1ebft nh\u1eefng ngo\u1ea1i l\u1ec7, tr\u01b0\u1eddng h\u1ee3p kh\u00f4ng \u0111\u01b0\u1ee3c b\u1ea3o h\u00e0nh nh\u01b0:<\/p>\n<ul>\n<li>S\u1ea3n ph\u1ea9m h\u1ebft th\u1eddi h\u1ea1n b\u1ea3o h\u00e0nh.<\/li>\n<li>C\u00e1c linh ki\u1ec7n ti\u00eau hao nh\u01b0 m\u00e0ng l\u1ecdc, l\u00f5i l\u1ecdc, linh ki\u1ec7n kh\u00e1c\u2026<\/li>\n<li>S\u1ea3n ph\u1ea9m h\u1ecfng do l\u1eafp \u0111\u1eb7t, b\u1ea3o qu\u1ea3n, s\u1eed d\u1ee5ng sai m\u1ee5c \u0111\u00edch ho\u1eb7c kh\u00f4ng tu\u00e2n theo c\u00e1c h\u01b0\u1edbng d\u1eabn s\u1eed d\u1ee5ng.<\/li>\n<li>S\u1ea3n ph\u1ea9m h\u1ecfng do thi\u00ean t\u1ea1i, h\u1ecfa ho\u1ea1n, l\u1ee5t l\u1ed9i, s\u00e9t \u0111\u00e1nh, hao m\u00f2n do m\u00f4i tr\u01b0\u1eddng g\u00e2y ra\u2026<\/li>\n<li>S\u1ea3n ph\u1ea9m b\u1ecb h\u1ecfng do c\u00f4n tr\u00f9ng x\u00e2m nh\u1eadp (chu\u1ed9t, gi\u00e1n, ki\u1ebfn, m\u1ed1i\u2026).<\/li>\n<li>S\u1ea3n ph\u1ea9m b\u1ecb cong v\u00eanh, r\u1ea1n n\u1ee9t, b\u1ec3 v\u1ee1, h\u1ecfng do r\u01a1i, \u0111\u1ed5 trong qu\u00e1 tr\u00ecnh v\u1eadn chuy\u1ec3n, s\u1eed d\u1ee5ng.<\/li>\n<li>S\u1ea3n ph\u1ea9m h\u1ecfng do ngu\u1ed3n \u0111i\u1ec7n kh\u00f4ng \u1ed5n \u0111\u1ecbnh, dao \u0111\u1ed9ng qu\u00e1 kh\u1ea3 n\u0103ng cho ph\u00e9p: 220V \u00b1 10V, ho\u1eb7c t\u1ef1 \u00fd thay th\u1ebf\/thi\u1ebft k\u1ebf d\u00e2y ngu\u1ed3n kh\u00f4ng ph\u00f9 h\u1ee3p.<\/li>\n<li>S\u1ea3n ph\u1ea9m h\u1ecfng do t\u1ef1 \u00fd s\u1eeda ch\u1eefa, thay \u0111\u1ed5i c\u1ea5u tr\u00fac s\u1ea3n ph\u1ea9m m\u00e0 kh\u00f4ng c\u00f3 s\u1ef1 cho ph\u00e9p ho\u1eb7c gi\u00e1m s\u00e1t b\u1edfi k\u0129 thu\u1eadt vi\u00ean c\u1ee7a c\u00f4ng ty.<\/li>\n<li>S\u1ea3n ph\u1ea9m kh\u00f4ng c\u00f3 tem ni\u00eam phong ho\u1eb7c b\u1ecb t\u1ea9y x\u00f3a, c\u00f3 d\u1ea5u hi\u1ec7u \u0111\u00e3 m\u1edf s\u1ea3n ph\u1ea9m trong l\u1ea7n b\u1ea3o h\u00e0nh \u0111\u1ea7u ti\u00ean.<\/li>\n<li>B\u1ea5t c\u1ee9 h\u01b0 h\u1ecfng n\u00e0o li\u00ean quan \u0111\u1ebfn vi\u1ec7c s\u1eed d\u1ee5ng linh ph\u1ee5 ki\u1ec7n kh\u00f4ng ph\u1ea3i c\u1ee7a Gems cung c\u1ea5p nh\u01b0 l\u00f5i l\u1ecdc, m\u00e0ng l\u1ecdc\u2026<\/li>\n<li>R\u1ec9 s\u00e9t, b\u1ea1c m\u00e0u t\u1ef1 nhi\u00ean, hao m\u00f2n t\u1ef1 nhi\u00ean c\u1ee7a c\u00e1c linh ki\u1ec7n theo th\u1eddi gian s\u1eed d\u1ee5ng.<\/li>\n<\/ul>\n<ol>\n<li><strong> Quy \u0111\u1ecbnh \u0111\u1ed5i m\u1edbi s\u1ea3n ph\u1ea9m<\/strong><\/li>\n<\/ol>\n<p><u>1 V\u1edbi s\u1ea3n ph\u1ea9m \u0111\u00e3 qua s\u1eed d\u1ee5ng:<\/u><\/p>\n<p>S\u1ea3n ph\u1ea9m \u0111\u01b0\u1ee3c \u00e1p d\u1ee5ng \u0111\u1ed5i tr\u1ea3 khi l\u00e0 h\u00e0ng ch\u00ednh h\u00e3ng t\u1eeb Gems, do l\u1ed7i k\u1ef9 thu\u1eadt t\u1eeb nh\u00e0 s\u1ea3n xu\u1ea5t. S\u1ea3n ph\u1ea9m \u0111\u01b0\u1ee3c \u00e1p d\u1ee5ng \u0111\u1ed5i tr\u1ea3 sau khi \u0111\u00e3 c\u00f3 x\u00e1c nh\u1eadn t\u1eeb k\u1ef9 thu\u1eadt vi\u00ean c\u1ee7a Gems, \u0111\u1ea3m b\u1ea3o c\u00e1c \u0111i\u1ec1u ki\u1ec7n:<\/p>\n<ul>\n<li>L\u00e0 h\u00e0ng ch\u00ednh h\u00e3ng t\u1eeb C\u00f4ng ty C\u1ed5 ph\u1ea7n T\u1eadp \u0111o\u00e0n Gems (\u0111\u1ea7y \u0111\u1ee7 tem nh\u00e3n, ho\u00e1 \u0111\u01a1n mua h\u00e0ng, \u0111\u00e3 \u0111\u0103ng k\u00fd b\u1ea3o h\u00e0nh\u2026)<\/li>\n<li>S\u1ea3n ph\u1ea9m c\u00f2n nguy\u00ean tem b\u1ea3o h\u00e0nh, tem ni\u00eam phong, \u0111\u1ea7y \u0111\u1ee7 linh ki\u1ec7n ph\u1ee5 ki\u1ec7n n\u1ebfu c\u00f3&nbsp;<\/li>\n<li>S\u1ea3n ph\u1ea9m kh\u00f4ng m\u1eafc c\u00e1c l\u1ed7i v\u1ec1 m\u1eb7t h\u00ecnh th\u1ee9c nh\u01b0 l\u00f5i l\u1ecdc, m\u00e0ng l\u1ecdc,&#8230; kh\u00f4ng \u0111\u01b0\u1ee3c \u0111\u1ed5i m\u1edbi.<\/li>\n<\/ul>\n<p>Th\u1eddi gian \u00e1p d\u1ee5ng<\/p>\n<ul>\n<li>Trong v\u00f2ng 15 ng\u00e0y k\u1ec3 t\u1eeb ng\u00e0y s\u1eed d\u1ee5ng s\u1ea3n ph\u1ea9m<\/li>\n<\/ul>\n<ol start=\"2\">\n<li><u> Tr\u01b0\u1eddng h\u1ee3p kh\u00f4ng \u0111\u01b0\u1ee3c h\u1ed7 tr\u1ee3 \u0111\u1ed5i tr\u1ea3<\/u><\/li>\n<\/ol>\n<p>Kh\u00e1ch h\u00e0ng c\u1ea7n l\u01b0u \u00fd nh\u1eefng tr\u01b0\u1eddng h\u1ee3p kh\u00f4ng \u0111\u01b0\u1ee3c \u0111\u1ed5i tr\u1ea3 nh\u01b0 sau<\/p>\n<ul>\n<li>S\u1ea3n ph\u1ea9m \u0111\u01b0\u1ee3c s\u1eed d\u1ee5ng v\u00e0 v\u1eadn h\u00e0nh kh\u00f4ng theo h\u01b0\u1edbng d\u1eabn Nh\u00e0 s\u1ea3n xu\u1ea5t, t\u1eeb \u0111\u00f3 g\u00e2y h\u01b0 h\u1ea1i s\u1ea3n ph\u1ea9m<\/li>\n<li>Kh\u00e1ch h\u00e0ng kh\u00f4ng \u0111\u0103ng k\u00fd b\u1ea3o h\u00e0nh theo \u0111\u00fang th\u1eddi gian quy \u0111\u1ecbnh, kh\u00f4ng \u0111\u0103ng k\u00fd, kh\u00f4ng c\u00f3 phi\u1ebfu b\u1ea3o h\u00e0nh<\/li>\n<li>S\u1ea3n ph\u1ea9m \u0111\u00e3 \u0111\u01b0\u1ee3c kh\u00e1ch h\u00e0ng s\u1eed d\u1ee5ng tr\u00ean 15 ng\u00e0y nh\u01b0ng sau \u0111\u00f3 l\u1ea1i y\u00eau c\u1ea7u \u0111\u1ed5i tr\u1ea3 v\u1edbi l\u00fd do: M\u00f3p m\u00e9o, tr\u1ea7y x\u01b0\u1edbc,&#8230;<\/li>\n<\/ul>\n<ol>\n<li><strong> Quy \u0111\u1ecbnh \u0111\u1ed5i tr\u1ea3 s\u1ea3n ph\u1ea9m<\/strong><\/li>\n<\/ol>\n<ul>\n<li>S\u1ea3n ph\u1ea9m n\u1eb1m trong th\u1eddi gian b\u1ea3o h\u00e0nh v\u00e0 ph\u00f9 h\u1ee3p v\u1edbi \u0111i\u1ec1u ki\u1ec7n b\u1ea3o h\u00e0nh mi\u1ec5n ph\u00ed.<\/li>\n<li>Qu\u00e1 th\u1eddi gian \u0111\u1ed5i m\u1edbi s\u1ea3n ph\u1ea9m theo quy \u0111\u1ecbnh t\u1ea1i m\u1ee5c V.<\/li>\n<li>S\u1ea3n ph\u1ea9m trong th\u1eddi h\u1ea1n b\u1ea3o h\u00e0nh nh\u01b0ng b\u1ecb h\u1ecfng t\u1edbi 3 l\u1ea7n tr\u1edf l\u00ean trong v\u00f2ng 1 th\u00e1ng m\u00e0 v\u1eabn kh\u00f4ng kh\u1eafc ph\u1ee5c \u0111\u01b0\u1ee3c l\u1ed7i.<\/li>\n<li>C\u0103n c\u1ee9 v\u00e0o t\u00ecnh h\u00ecnh th\u1ef1c t\u1ebf, c\u00e1c b\u00ean s\u1ebd th\u1ecfa thu\u1eadn \u0111\u1ec3 l\u00e0m c\u0103n c\u1ee9 \u0111\u1ed5i sang s\u1ea3n ph\u1ea9m m\u1edbi.<\/li>\n<li>T\u1ea5t c\u1ea3 ph\u1ee5 t\u00f9ng, linh ki\u1ec7n ho\u1eb7c s\u1ea3n ph\u1ea9m b\u1ecb l\u1ed7i \u0111\u1ec1u s\u1ebd tr\u1edf th\u00e0nh t\u00e0i s\u1ea3n c\u1ee7a h\u00e3ng.<\/li>\n<\/ul>\n<p><strong>VII. \u0110i\u1ec1u kho\u1ea3n thi h\u00e0nh<\/strong><\/p>\n<p>Quy \u0111\u1ecbnh c\u00f3 hi\u1ec7u l\u1ef1c k\u1ec3 t\u1eeb ng\u00e0y ban h\u00e0nh, thay th\u1ebf cho c\u00e1c v\u0103n b\u1ea3n c\u00f3 hi\u1ec7u l\u1ef1c tr\u01b0\u1edbc \u0111\u00f3.<br>Quy \u0111\u1ecbnh \u00e1p d\u1ee5ng v\u1edbi C\u00f4ng ty C\u1ed5 ph\u1ea7n T\u1eadp \u0111o\u00e0n Gems \u2013 B\u1ed9 ph\u1eadn ch\u1eafm s\u00f3c kh\u00e1ch h\u00e0ng, \u0110\u1ea1i s\u1ee9, S\u1ee9 gi\u1ea3, \u0111\u1ed1i t\u00e1c, c\u00f9ng c\u00e1c t\u1ed5 ch\u1ee9c, c\u00e1 nh\u00e2n c\u00f3 li\u00ean quan \u0111\u1ebfn c\u00f4ng t\u00e1c b\u1ea3o h\u00e0nh \u0111\u1ed5i tr\u1ea3 s\u1ea3n ph\u1ea9m.<\/p>\n<h2><strong>CH\u00cdNH S\u00c1CH B\u1ea2O TR\u00cc<\/strong><\/h2>\n<p>Gems s\u1ebd th\u1ef1c hi\u1ec7n b\u1ea3o tr\u00ec \u0111\u1ecbnh k\u1ef3 cho qu\u00fd kh\u00e1ch sau s\u1eed d\u1ee5ng.<\/p>\t\t\t\t\t\t<\/div>\n\t\t\t\t<\/div>\n\t\t\t\t<div class=\"elementor-element elementor-element-03bd095 elementor-widget elementor-widget-spacer\" data-id=\"03bd095\" data-element_type=\"widget\" data-widget_type=\"spacer.default\">\n\t\t\t\t<div class=\"elementor-widget-container\">\n\t\t\t<style>\/*! elementor - v3.20.0 - 26-03-2024 *\/\n.elementor-column .elementor-spacer-inner{height:var(--spacer-size)}.e-con{--container-widget-width:100%}.e-con-inner>.elementor-widget-spacer,.e-con>.elementor-widget-spacer{width:var(--container-widget-width,var(--spacer-size));--align-self:var(--container-widget-align-self,initial);--flex-shrink:0}.e-con-inner>.elementor-widget-spacer>.elementor-widget-container,.e-con>.elementor-widget-spacer>.elementor-widget-container{height:100%;width:100%}.e-con-inner>.elementor-widget-spacer>.elementor-widget-container>.elementor-spacer,.e-con>.elementor-widget-spacer>.elementor-widget-container>.elementor-spacer{height:100%}.e-con-inner>.elementor-widget-spacer>.elementor-widget-container>.elementor-spacer>.elementor-spacer-inner,.e-con>.elementor-widget-spacer>.elementor-widget-container>.elementor-spacer>.elementor-spacer-inner{height:var(--container-widget-height,var(--spacer-size))}.e-con-inner>.elementor-widget-spacer.elementor-widget-empty,.e-con>.elementor-widget-spacer.elementor-widget-empty{position:relative;min-height:22px;min-width:22px}.e-con-inner>.elementor-widget-spacer.elementor-widget-empty .elementor-widget-empty-icon,.e-con>.elementor-widget-spacer.elementor-widget-empty .elementor-widget-empty-icon{position:absolute;top:0;bottom:0;left:0;right:0;margin:auto;padding:0;width:22px;height:22px}<\/style>\t\t<div class=\"elementor-spacer\">\n\t\t\t<div class=\"elementor-spacer-inner\"><\/div>\n\t\t<\/div>\n\t\t\t\t<\/div>\n\t\t\t\t<\/div>\n\t\t\t\t<div class=\"elementor-element elementor-element-3f20db0 elementor-widget elementor-widget-heading\" data-id=\"3f20db0\" data-element_type=\"widget\" data-widget_type=\"heading.default\">\n\t\t\t\t<div class=\"elementor-widget-container\">\n\t\t\t<style>\/*! elementor - v3.20.0 - 26-03-2024 *\/\n.elementor-heading-title{padding:0;margin:0;line-height:1}.elementor-widget-heading .elementor-heading-title[class*=elementor-size-]>a{color:inherit;font-size:inherit;line-height:inherit}.elementor-widget-heading .elementor-heading-title.elementor-size-small{font-size:15px}.elementor-widget-heading .elementor-heading-title.elementor-size-medium{font-size:19px}.elementor-widget-heading .elementor-heading-title.elementor-size-large{font-size:29px}.elementor-widget-heading .elementor-heading-title.elementor-size-xl{font-size:39px}.elementor-widget-heading .elementor-heading-title.elementor-size-xxl{font-size:59px}<\/style><h2 class=\"elementor-heading-title elementor-size-default\">TRA C\u1ee8U TH\u00d4NG TIN B\u1ea2O H\u00c0NH<\/h2>\t\t<\/div>\n\t\t\t\t<\/div>\n\t\t\t\t\t<\/div>\n\t\t\t\t<\/div>\n\t\t<div class=\"elementor-element elementor-element-885173f e-flex e-con-boxed e-con e-parent\" data-id=\"885173f\" data-element_type=\"container\" data-core-v316-plus=\"true\">\n\t\t\t\t\t<div class=\"e-con-inner\">\n\t\t\t\t<div class=\"elementor-element elementor-element-7390835 elementor-widget elementor-widget-html\" data-id=\"7390835\" data-element_type=\"widget\" data-widget_type=\"html.default\">\n\t\t\t\t<div class=\"elementor-widget-container\">\n\t\t\t<!DOCTYPE html>\r\n<html lang=\"vi\">\r\n<head>\r\n    <meta charset=\"UTF-8\">\r\n    <meta name=\"viewport\" content=\"width=device-width, initial-scale=1.0\">\r\n    <title>Tra c\u1ee9u b\u1ea3o h\u00e0nh<\/title>\r\n    <style>\r\n        body {\r\n            font-family: Arial, sans-serif;\r\n            text-align: center;\r\n            padding: 20px;\r\n        }\r\n        input {\r\n            padding: 8px;\r\n            width: 200px;\r\n        }\r\n        button {\r\n            padding: 8px 16px;\r\n            margin-left: 8px;\r\n        }\r\n        #result {\r\n            margin-top: 20px;\r\n        }\r\n    <\/style>\r\n<\/head>\r\n<body>\r\n    <h2>KI\u1ec2M TRA M\u00c3 B\u1ea2O H\u00c0NH B\u1eb0NG S\u1ed0 \u0110I\u1ec6N THO\u1ea0I<\/h2>\r\n    <input type=\"text\" id=\"phoneInput\" placeholder=\"Nh\u1eadp s\u1ed1 \u0111i\u1ec7n tho\u1ea1i\" maxlength=\"10\">\r\n    <button onclick=\"checkWarranty()\">T\u00ecm ki\u1ebfm<\/button>\r\n    <div id=\"result\"><\/div>\r\n\r\n    <script>\r\n        function checkWarranty() {\r\n            const phoneInput = document.getElementById('phoneInput').value;\r\n            const resultDiv = document.getElementById('result');\r\n\r\n            if (phoneInput.length < 9 || phoneInput.length > 10 || isNaN(phoneInput)) {\r\n                resultDiv.innerHTML = \"<p style='color: red;'>Vui l\u00f2ng nh\u1eadp s\u1ed1 \u0111i\u1ec7n tho\u1ea1i h\u1ee3p l\u1ec7 (9 ho\u1eb7c 10 ch\u1eef s\u1ed1).<\/p>\";\r\n                return;\r\n            }\r\n\r\n            const scriptUrl = \"https:\/\/script.google.com\/macros\/s\/AKfycbw_TW9ptKl-CCFgq-1JeUAGztjTKK7d2U5jCqb6SemBI3k8at36xn55X34pS8Aq4CM-Jg\/exec?phone=\" + encodeURIComponent(phoneInput);\r\n\r\n            fetch(scriptUrl)\r\n                .then(response => response.text())\r\n                .then(html => {\r\n                    resultDiv.innerHTML = html;\r\n                })\r\n                .catch(error => {\r\n                    resultDiv.innerHTML = \"<p style='color: red;'>C\u00f3 l\u1ed7i x\u1ea3y ra, vui l\u00f2ng th\u1eed l\u1ea1i sau.<\/p>\";\r\n                    console.error(\"Error:\", error);\r\n                });\r\n        }\r\n    <\/script>\r\n<\/body>\r\n<\/html>\r\n\t\t<\/div>\n\t\t\t\t<\/div>\n\t\t\t\t\t<\/div>\n\t\t\t\t<\/div>\n\t\t\t\t<\/div>","protected":false},"excerpt":{"rendered":"<p>CH\u00cdNH S\u00c1CH B\u1ea2O H\u00c0NH T\u1ea1i GEMS, ch\u00fang t\u00f4i cam k\u1ebft ch\u00ednh s\u00e1ch b\u1ea3o h\u00e0nh \u2013 b\u1ea3o tr\u00ec m\u00e1y l\u1ecdc n\u01b0\u1edbc ion ki\u1ec1m uy t\u00edn v\u00e0 chuy\u00ean nghi\u1ec7p nh\u1ea5t, \u0111\u1ea3m b\u1ea3o kh\u00e1ch h\u00e0ng ho\u00e0n to\u00e0n y\u00ean t\u00e2m. To\u00e0n b\u1ed9 th\u00f4ng tin c\u1ea7n bi\u1ebft v\u1ec1 ch\u00ednh s\u00e1ch b\u1ea3o h\u00e0nh d\u01b0\u1edbi \u0111\u00e2y s\u1ebd gi\u00fap b\u1ea1n hi\u1ec3u h\u01a1n v\u1ec1 [&hellip;]<\/p>","protected":false},"author":1,"featured_media":0,"parent":0,"menu_order":0,"comment_status":"closed","ping_status":"closed","template":"","meta":{"footnotes":""},"_links":{"self":[{"href":"https:\/\/gemsgroup.com.vn\/en\/wp-json\/wp\/v2\/pages\/4336"}],"collection":[{"href":"https:\/\/gemsgroup.com.vn\/en\/wp-json\/wp\/v2\/pages"}],"about":[{"href":"https:\/\/gemsgroup.com.vn\/en\/wp-json\/wp\/v2\/types\/page"}],"author":[{"embeddable":true,"href":"https:\/\/gemsgroup.com.vn\/en\/wp-json\/wp\/v2\/users\/1"}],"replies":[{"embeddable":true,"href":"https:\/\/gemsgroup.com.vn\/en\/wp-json\/wp\/v2\/comments?post=4336"}],"version-history":[{"count":25,"href":"https:\/\/gemsgroup.com.vn\/en\/wp-json\/wp\/v2\/pages\/4336\/revisions"}],"predecessor-version":[{"id":4770,"href":"https:\/\/gemsgroup.com.vn\/en\/wp-json\/wp\/v2\/pages\/4336\/revisions\/4770"}],"wp:attachment":[{"href":"https:\/\/gemsgroup.com.vn\/en\/wp-json\/wp\/v2\/media?parent=4336"}],"curies":[{"name":"wp","href":"https:\/\/api.w.org\/{rel}","templated":true}]}}