{"id":5435,"date":"2025-04-14T10:20:23","date_gmt":"2025-04-14T03:20:23","guid":{"rendered":"https:\/\/gemsgroup.com.vn\/?page_id=5435"},"modified":"2025-04-16T08:55:12","modified_gmt":"2025-04-16T01:55:12","slug":"vao-app-gems-danh-cho-chien-binh-gieo-trong-su-song","status":"publish","type":"page","link":"https:\/\/gemsgroup.com.vn\/en\/vao-app-gems-danh-cho-chien-binh-gieo-trong-su-song\/","title":{"rendered":"V\u00e0o App GEMS &#8211; D\u00e0nh cho Chi\u1ebfn Binh Gieo Tr\u1ed3ng S\u1ef1 S\u1ed1ng"},"content":{"rendered":"<div data-elementor-type=\"wp-page\" data-elementor-id=\"5435\" class=\"elementor elementor-5435\" data-elementor-post-type=\"page\">\n\t\t\t\t<div class=\"elementor-element elementor-element-0bb97e4 e-flex e-con-boxed e-con e-parent\" data-id=\"0bb97e4\" data-element_type=\"container\" data-core-v316-plus=\"true\">\n\t\t\t\t\t<div class=\"e-con-inner\">\n\t\t\t\t<div class=\"elementor-element elementor-element-8e0f09a elementor-widget elementor-widget-heading\" data-id=\"8e0f09a\" data-element_type=\"widget\" data-widget_type=\"heading.default\">\n\t\t\t\t<div class=\"elementor-widget-container\">\n\t\t\t<style>\/*! elementor - v3.20.0 - 26-03-2024 *\/\n.elementor-heading-title{padding:0;margin:0;line-height:1}.elementor-widget-heading .elementor-heading-title[class*=elementor-size-]>a{color:inherit;font-size:inherit;line-height:inherit}.elementor-widget-heading .elementor-heading-title.elementor-size-small{font-size:15px}.elementor-widget-heading .elementor-heading-title.elementor-size-medium{font-size:19px}.elementor-widget-heading .elementor-heading-title.elementor-size-large{font-size:29px}.elementor-widget-heading .elementor-heading-title.elementor-size-xl{font-size:39px}.elementor-widget-heading .elementor-heading-title.elementor-size-xxl{font-size:59px}<\/style><h2 class=\"elementor-heading-title elementor-size-default\">H\u01af\u1edaNG D\u1eaaN V\u00c0O APP GEMS<\/h2>\t\t<\/div>\n\t\t\t\t<\/div>\n\t\t\t\t\t<\/div>\n\t\t\t\t<\/div>\n\t\t<div class=\"elementor-element elementor-element-2da2317 e-flex e-con-boxed e-con e-parent\" data-id=\"2da2317\" data-element_type=\"container\" data-core-v316-plus=\"true\">\n\t\t\t\t\t<div class=\"e-con-inner\">\n\t\t<div class=\"elementor-element elementor-element-50b1fcd e-con-full e-flex e-con e-child\" data-id=\"50b1fcd\" data-element_type=\"container\">\n\t\t\t\t<div class=\"elementor-element elementor-element-6d75ee3 elementor-widget elementor-widget-image\" data-id=\"6d75ee3\" data-element_type=\"widget\" data-widget_type=\"image.default\">\n\t\t\t\t<div class=\"elementor-widget-container\">\n\t\t\t<style>\/*! elementor - v3.20.0 - 26-03-2024 *\/\n.elementor-widget-image{text-align:center}.elementor-widget-image a{display:inline-block}.elementor-widget-image a img[src$=\".svg\"]{width:48px}.elementor-widget-image img{vertical-align:middle;display:inline-block}<\/style>\t\t\t\t\t\t\t\t\t\t<img fetchpriority=\"high\" decoding=\"async\" width=\"225\" height=\"225\" src=\"https:\/\/gemsgroup.com.vn\/wp-content\/uploads\/2025\/04\/images.png\" class=\"attachment-large size-large wp-image-5438\" alt=\"\" srcset=\"https:\/\/gemsgroup.com.vn\/wp-content\/uploads\/2025\/04\/images.png 225w, https:\/\/gemsgroup.com.vn\/wp-content\/uploads\/2025\/04\/images-150x150.png 150w, https:\/\/gemsgroup.com.vn\/wp-content\/uploads\/2025\/04\/images-12x12.png 12w, https:\/\/gemsgroup.com.vn\/wp-content\/uploads\/2025\/04\/images-100x100.png 100w, https:\/\/gemsgroup.com.vn\/wp-content\/uploads\/2025\/04\/images-50x50.png 50w\" sizes=\"(max-width: 225px) 100vw, 225px\" \/>\t\t\t\t\t\t\t\t\t\t\t\t\t<\/div>\n\t\t\t\t<\/div>\n\t\t\t\t<div class=\"elementor-element elementor-element-51d982b elementor-widget elementor-widget-text-editor\" data-id=\"51d982b\" data-element_type=\"widget\" data-widget_type=\"text-editor.default\">\n\t\t\t\t<div class=\"elementor-widget-container\">\n\t\t\t<style>\/*! elementor - v3.20.0 - 26-03-2024 *\/\n.elementor-widget-text-editor.elementor-drop-cap-view-stacked .elementor-drop-cap{background-color:#69727d;color:#fff}.elementor-widget-text-editor.elementor-drop-cap-view-framed .elementor-drop-cap{color:#69727d;border:3px solid;background-color:transparent}.elementor-widget-text-editor:not(.elementor-drop-cap-view-default) .elementor-drop-cap{margin-top:8px}.elementor-widget-text-editor:not(.elementor-drop-cap-view-default) .elementor-drop-cap-letter{width:1em;height:1em}.elementor-widget-text-editor .elementor-drop-cap{float:left;text-align:center;line-height:1;font-size:50px}.elementor-widget-text-editor .elementor-drop-cap-letter{display:inline-block}<\/style>\t\t\t\t<p style=\"text-align: center;\"><strong>D\u00c0NH CHO H\u1ec6 \u0110I\u1ec0U H\u00c0NH ANDROID (Samsung, Oppo, Xiaomi,&#8230;)<\/strong><\/p><p><span style=\"text-decoration: underline;\"><a href=\"https:\/\/play.google.com\/store\/apps\/details?id=com.appsheet.whitelabel.guid_de98728d_e5dd_4b37_bc0d_63f8ebd910f2&amp;pcampaignid=web_share\" target=\"_blank\" rel=\"noopener\">Link t\u1ea3i \u1ee9ng d\u1ee5ng t\u1ea1i \u0111\u00e2y<\/a><\/span><\/p><p>1. T\u1ea3i app v\u1ec1 thi\u1ebft b\u1ecb (t\u00ean \u1ee9ng d\u1ee5ng: Gemsgroup)<br \/>2. \u0110\u0103ng nh\u1eadp user v\u00e0 password<\/p>\t\t\t\t\t\t<\/div>\n\t\t\t\t<\/div>\n\t\t\t\t<\/div>\n\t\t<div class=\"elementor-element elementor-element-dcfde0f e-con-full e-flex e-con e-child\" data-id=\"dcfde0f\" data-element_type=\"container\">\n\t\t\t\t<div class=\"elementor-element elementor-element-a90d657 elementor-widget elementor-widget-image\" data-id=\"a90d657\" data-element_type=\"widget\" data-widget_type=\"image.default\">\n\t\t\t\t<div class=\"elementor-widget-container\">\n\t\t\t\t\t\t\t\t\t\t\t\t\t<img decoding=\"async\" width=\"225\" height=\"225\" src=\"https:\/\/gemsgroup.com.vn\/wp-content\/uploads\/2025\/04\/images-1.png\" class=\"attachment-large size-large wp-image-5439\" alt=\"\" srcset=\"https:\/\/gemsgroup.com.vn\/wp-content\/uploads\/2025\/04\/images-1.png 225w, https:\/\/gemsgroup.com.vn\/wp-content\/uploads\/2025\/04\/images-1-150x150.png 150w, https:\/\/gemsgroup.com.vn\/wp-content\/uploads\/2025\/04\/images-1-12x12.png 12w, https:\/\/gemsgroup.com.vn\/wp-content\/uploads\/2025\/04\/images-1-100x100.png 100w, https:\/\/gemsgroup.com.vn\/wp-content\/uploads\/2025\/04\/images-1-50x50.png 50w\" sizes=\"(max-width: 225px) 100vw, 225px\" \/>\t\t\t\t\t\t\t\t\t\t\t\t\t<\/div>\n\t\t\t\t<\/div>\n\t\t\t\t<div class=\"elementor-element elementor-element-960a89f elementor-widget elementor-widget-text-editor\" data-id=\"960a89f\" data-element_type=\"widget\" data-widget_type=\"text-editor.default\">\n\t\t\t\t<div class=\"elementor-widget-container\">\n\t\t\t\t\t\t\t<p style=\"text-align: center;\"><strong>D\u00c0NH CHO H\u1ec6 \u0110I\u1ec0U H\u00c0NH IOS (Iphone, Ipad)<\/strong><\/p><p>1. Nh\u1ea5p v\u00e0o Link n\u00e0y: <span style=\"text-decoration-line: underline;\"><a href=\"https:\/\/www.appsheet.com\/start\/de98728d-e5dd-4b37-bc0d-63f8ebd910f2?platform=desktop#vss=H4sIAAAAAAAAA52OvQ7CMBCD38VzniArYkCoLCAWwhCaqxTRJlWTAFWUd-fCj1iB8Xz-bGdcLF23UbdnyEP-XGuaIZEVdvNIClJh4V2cfK8gFDZ6eIoNuaRQUI7izUYKkPl7VP7fKmANuWg7S1PNqRTzL4bflWCh-lEEhhT1qafHSPaXwlrn2xTI7HnCj9Vh5Za3UTvTeMNxne4DlTudAZXRUQEAAA==&amp;view=Menu&amp;appName=GEMS-288786136\" target=\"_blank\" rel=\"noopener\">\u0110\u0102NG NH\u1eacP APP GEMSGROUP<\/a><\/span><\/p><p>2. \u0110\u0103ng nh\u1eadp user v\u00e0 password<\/p>\t\t\t\t\t\t<\/div>\n\t\t\t\t<\/div>\n\t\t\t\t<\/div>\n\t\t\t\t\t<\/div>\n\t\t\t\t<\/div>\n\t\t<div class=\"elementor-element elementor-element-d63e863 e-flex e-con-boxed e-con e-parent\" data-id=\"d63e863\" data-element_type=\"container\" data-core-v316-plus=\"true\">\n\t\t\t\t\t<div class=\"e-con-inner\">\n\t\t\t\t<div class=\"elementor-element elementor-element-ba6eac0 elementor-widget elementor-widget-text-editor\" data-id=\"ba6eac0\" data-element_type=\"widget\" data-widget_type=\"text-editor.default\">\n\t\t\t\t<div class=\"elementor-widget-container\">\n\t\t\t\t\t\t\t<p><strong>S\u1eec D\u1ee4NG TR\u00caN LAPTOP: click v\u00e0o icon b\u00ean d\u01b0\u1edbi<\/strong><\/p>\t\t\t\t\t\t<\/div>\n\t\t\t\t<\/div>\n\t\t\t\t<div class=\"elementor-element elementor-element-6509429 elementor-widget elementor-widget-image\" data-id=\"6509429\" data-element_type=\"widget\" data-widget_type=\"image.default\">\n\t\t\t\t<div class=\"elementor-widget-container\">\n\t\t\t\t\t\t\t\t\t\t\t\t\t\t<a href=\"https:\/\/www.appsheet.com\/start\/de98728d-e5dd-4b37-bc0d-63f8ebd910f2?platform=desktop#vss=H4sIAAAAAAAAA52OvQ7CMBCD38VzniArYkCoLCAWwhCaqxTRJlWTAFWUd-fCj1iB8Xz-bGdcLF23UbdnyEP-XGuaIZEVdvNIClJh4V2cfK8gFDZ6eIoNuaRQUI7izUYKkPl7VP7fKmANuWg7S1PNqRTzL4bflWCh-lEEhhT1qafHSPaXwlrn2xTI7HnCj9Vh5Za3UTvTeMNxne4DlTudAZXRUQEAAA==&#038;view=Menu&#038;appName=GEMS-288786136\" target=\"_blank\" rel=\"noopener\">\n\t\t\t\t\t\t\t<img decoding=\"async\" width=\"300\" height=\"300\" src=\"https:\/\/gemsgroup.com.vn\/wp-content\/uploads\/2025\/04\/logo-GEMS-300x300.png\" class=\"attachment-medium size-medium wp-image-5440\" alt=\"\" srcset=\"https:\/\/gemsgroup.com.vn\/wp-content\/uploads\/2025\/04\/logo-GEMS-300x300.png 300w, https:\/\/gemsgroup.com.vn\/wp-content\/uploads\/2025\/04\/logo-GEMS-150x150.png 150w, https:\/\/gemsgroup.com.vn\/wp-content\/uploads\/2025\/04\/logo-GEMS-768x768.png 768w, https:\/\/gemsgroup.com.vn\/wp-content\/uploads\/2025\/04\/logo-GEMS-12x12.png 12w, https:\/\/gemsgroup.com.vn\/wp-content\/uploads\/2025\/04\/logo-GEMS-600x600.png 600w, https:\/\/gemsgroup.com.vn\/wp-content\/uploads\/2025\/04\/logo-GEMS-100x100.png 100w, https:\/\/gemsgroup.com.vn\/wp-content\/uploads\/2025\/04\/logo-GEMS-50x50.png 50w, https:\/\/gemsgroup.com.vn\/wp-content\/uploads\/2025\/04\/logo-GEMS.png 968w\" sizes=\"(max-width: 300px) 100vw, 300px\" \/>\t\t\t\t\t\t\t\t<\/a>\n\t\t\t\t\t\t\t\t\t\t\t\t\t<\/div>\n\t\t\t\t<\/div>\n\t\t\t\t\t<\/div>\n\t\t\t\t<\/div>\n\t\t\t\t<\/div>","protected":false},"excerpt":{"rendered":"<p>H\u01af\u1edaNG D\u1eaaN V\u00c0O APP GEMS D\u00c0NH CHO H\u1ec6 \u0110I\u1ec0U H\u00c0NH ANDROID (Samsung, Oppo, Xiaomi,&#8230;) Link t\u1ea3i \u1ee9ng d\u1ee5ng t\u1ea1i \u0111\u00e2y 1. T\u1ea3i app v\u1ec1 thi\u1ebft b\u1ecb (t\u00ean \u1ee9ng d\u1ee5ng: Gemsgroup)2. \u0110\u0103ng nh\u1eadp user v\u00e0 password D\u00c0NH CHO H\u1ec6 \u0110I\u1ec0U H\u00c0NH IOS (Iphone, Ipad) 1. Nh\u1ea5p v\u00e0o Link n\u00e0y: \u0110\u0102NG NH\u1eacP APP GEMSGROUP 2. \u0110\u0103ng nh\u1eadp [&hellip;]<\/p>","protected":false},"author":2,"featured_media":0,"parent":0,"menu_order":0,"comment_status":"closed","ping_status":"closed","template":"","meta":{"footnotes":""},"_links":{"self":[{"href":"https:\/\/gemsgroup.com.vn\/en\/wp-json\/wp\/v2\/pages\/5435"}],"collection":[{"href":"https:\/\/gemsgroup.com.vn\/en\/wp-json\/wp\/v2\/pages"}],"about":[{"href":"https:\/\/gemsgroup.com.vn\/en\/wp-json\/wp\/v2\/types\/page"}],"author":[{"embeddable":true,"href":"https:\/\/gemsgroup.com.vn\/en\/wp-json\/wp\/v2\/users\/2"}],"replies":[{"embeddable":true,"href":"https:\/\/gemsgroup.com.vn\/en\/wp-json\/wp\/v2\/comments?post=5435"}],"version-history":[{"count":22,"href":"https:\/\/gemsgroup.com.vn\/en\/wp-json\/wp\/v2\/pages\/5435\/revisions"}],"predecessor-version":[{"id":5485,"href":"https:\/\/gemsgroup.com.vn\/en\/wp-json\/wp\/v2\/pages\/5435\/revisions\/5485"}],"wp:attachment":[{"href":"https:\/\/gemsgroup.com.vn\/en\/wp-json\/wp\/v2\/media?parent=5435"}],"curies":[{"name":"wp","href":"https:\/\/api.w.org\/{rel}","templated":true}]}}