{"id":3858,"date":"2024-04-08T20:29:50","date_gmt":"2024-04-08T13:29:50","guid":{"rendered":"https:\/\/gemswater.vn\/?post_type=product&#038;p=3858"},"modified":"2025-12-18T09:03:15","modified_gmt":"2025-12-18T02:03:15","slug":"may-loc-tao-nuoc-hydrogen-gems","status":"publish","type":"product","link":"https:\/\/gemsgroup.com.vn\/en\/may-loc-tao-nuoc-hydrogen-gems\/","title":{"rendered":"M\u00e1y l\u1ecdc n\u01b0\u1edbc Hydrogen Ion Ki\u1ec1m GEMS 01 (S\u1ea3n ph\u1ea9m ng\u1eebng s\u1ea3n xu\u1ea5t)"},"content":{"rendered":"<h5>Water, clean water, good is always considered hot topics, global, promote a sense of tectonic source of green living for people, to help improve quality of life and core values to every Vietnamese family.<\/h5>\n<p><img fetchpriority=\"high\" decoding=\"async\" class=\"aligncenter wp-image-3548\" src=\"https:\/\/gemsgroup.com.vn\/wp-content\/uploads\/2024\/03\/z5302860750966_e88581ca3ee577a254ce22dc965fe5f0-300x169.jpg\" alt=\"\" width=\"900\" height=\"506\" srcset=\"https:\/\/gemsgroup.com.vn\/wp-content\/uploads\/2024\/03\/z5302860750966_e88581ca3ee577a254ce22dc965fe5f0-300x169.jpg 300w, https:\/\/gemsgroup.com.vn\/wp-content\/uploads\/2024\/03\/z5302860750966_e88581ca3ee577a254ce22dc965fe5f0-1024x576.jpg 1024w, https:\/\/gemsgroup.com.vn\/wp-content\/uploads\/2024\/03\/z5302860750966_e88581ca3ee577a254ce22dc965fe5f0-768x432.jpg 768w, https:\/\/gemsgroup.com.vn\/wp-content\/uploads\/2024\/03\/z5302860750966_e88581ca3ee577a254ce22dc965fe5f0.jpg 1198w\" sizes=\"(max-width: 900px) 100vw, 900px\" \/><\/p>\n<p>To understand this, with the desire to change the habit of using water corporation corporations GEMS had for advent purifier and Hydrogen Ion alkaline clean.<\/p>\n<p><img decoding=\"async\" class=\"wp-image-4652 alignnone\" src=\"https:\/\/gemsgroup.com.vn\/wp-content\/uploads\/2024\/11\/Thiet-ke-chua-co-ten-2-300x150.png\" alt=\"\" width=\"710\" height=\"355\" srcset=\"https:\/\/gemsgroup.com.vn\/wp-content\/uploads\/2024\/11\/Thiet-ke-chua-co-ten-2-300x150.png 300w, https:\/\/gemsgroup.com.vn\/wp-content\/uploads\/2024\/11\/Thiet-ke-chua-co-ten-2-1024x512.png 1024w, https:\/\/gemsgroup.com.vn\/wp-content\/uploads\/2024\/11\/Thiet-ke-chua-co-ten-2-768x384.png 768w, https:\/\/gemsgroup.com.vn\/wp-content\/uploads\/2024\/11\/Thiet-ke-chua-co-ten-2-1536x768.png 1536w, https:\/\/gemsgroup.com.vn\/wp-content\/uploads\/2024\/11\/Thiet-ke-chua-co-ten-2-2048x1024.png 2048w, https:\/\/gemsgroup.com.vn\/wp-content\/uploads\/2024\/11\/Thiet-ke-chua-co-ten-2-18x9.png 18w, https:\/\/gemsgroup.com.vn\/wp-content\/uploads\/2024\/11\/Thiet-ke-chua-co-ten-2-600x300.png 600w\" sizes=\"(max-width: 710px) 100vw, 710px\" \/><\/p>\n<p><strong>T\u00ean s\u1ea3n ph\u1ea9m: <\/strong>M\u00e1y l\u1ecdc n\u01b0\u1edbc Hydrogen Ion ki\u1ec1m<\/p>\n<p><strong>Model: <\/strong>Gems 01<\/p>\n<p><strong>Nh\u00e3n hi\u1ec7u: <\/strong>Gems Eco System<\/p>\n<p><strong>Th\u00f4ng S\u1ed1 K\u1ef9 Thu\u1eadt:<\/strong><\/p>\n<p><strong>Ngu\u1ed3n \u0111i\u1ec7n:<\/strong> \u0110i\u1ec7n \u00e1p 220V\/50Hz<\/p>\n<p><strong>C\u00f4ng su\u1ea5t: <\/strong>C\u00f4ng su\u1ea5t l\u00e0m n\u00f3ng: 430W, C\u00f4ng su\u1ea5t ngu\u1ed9i: 26W (+- 5%)<\/p>\n<p><strong>L\u01b0u l\u01b0\u1ee3ng l\u1ecdc: <\/strong>15L\/H<\/p>\n<p><strong>Hi\u1ec7u su\u1ea5t l\u1ecdc: <\/strong>40%<\/p>\n<p><strong>Dung t\u00edch b\u00ecnh: <\/strong>Dung t\u00edch b\u00ecnh n\u00f3ng: 1 l\u00edt, Dung t\u00edch b\u00ecnh ngu\u1ed9i: 4 l\u00edt<\/p>\n<p><strong>Ngu\u1ed3n n\u01b0\u1edbc \u0111\u1ea7u v\u00e0o:<\/strong> N\u01b0\u1edbc sinh ho\u1ea1t theo ti\u00eau chu\u1ea9n c\u1ee7a BYT QCVN 01-1:2018\/BYT<\/p>\n<p><strong>Nhi\u1ec7t \u0111\u1ed9 n\u01b0\u1edbc \u0111\u1ea7u v\u00e0o: <\/strong>\u2264 40\u00baC<\/p>\n<p><strong>S\u1ed1 lo\u1ea1i n\u01b0\u1edbc: 5 lo\u1ea1i n\u01b0\u1edbc: <\/strong>N\u01b0\u1edbc n\u00f3ng, n\u01b0\u1edbc tinh khi\u1ebft, n\u01b0\u1edbc th\u1ef1c ph\u1ea9m, n\u01b0\u1edbc tr\u1ebb em, n\u01b0\u1edbc Hydrogen ion ki\u1ec1m.<\/p>\n<p><strong>Ng\u00f4n ng\u1eef: <\/strong>English<\/p>\n<p><strong>Thi\u1ebft k\u1ebf: <\/strong>\u0110\u1ec3 b\u00e0n, Nh\u1ecf g\u1ecdn<\/p>\n<p><strong>K\u00edch th\u01b0\u1edbc m\u00e1y: <\/strong>470 x 400 x 230mm<\/p>\n<p><strong>Tr\u1ecdng l\u01b0\u1ee3ng: <\/strong>15 kg<\/p>\n<p><strong>L\u1eafp r\u00e1p: <\/strong>Vietnam<\/p>\n<p><strong>B\u1ea3o h\u00e0nh: <\/strong>24 th\u00e1ng<\/p>\n<p><strong>Ch\u1ec9 s\u1ed1 pH:<\/strong> 2.5 \u2013 11.5 (ch\u1ec9 s\u1ed1 pH c\u1ee7a t\u1eebng lo\u1ea1i n\u01b0\u1edbc c\u00f3 th\u1ec3 dao \u0111\u1ed9ng t\u00f9y v\u00e0o ch\u1ea5t l\u01b0\u1ee3ng n\u01b0\u1edbc \u0111\u1ea7u v\u00e0o)<\/p>\n<p>Ch\u1ec9 s\u1ed1 Hydrogen: 200 \u2013 \u2265 1500 ppb<\/p>\n<p><strong>Ch\u1ec9 s\u1ed1 ORP: <\/strong>-200 \u0111\u1ebfn &#8211; 800 mV<\/p>\n<p><strong>CH\u1ee8C N\u0102NG C\u1ee6A M\u00c1Y<\/strong><\/p>\n<div>\n<div class=\"DF_utQ _682gpw _0xkaeQ\">\n<div class=\"aF9o6Q _0yZ6Qg\">\n<div class=\"nmQ_KA\">\n<div>\n<div class=\"AdBbhQ hGbcYA rLWGlw _7rUwsA\" lang=\"vi-VN\">\n<p class=\"cgHgbA nxe3IQ Xp24Nw PanoWQ\"><strong><span class=\"OYPEnA\">N\u01af\u1edaC TINH KHI\u1ebeT: <\/span><\/strong>L\u00e0 n\u01b0\u1edbc s\u1ea1ch, \u0111\u01b0\u1ee3c t\u00edch h\u1ee3p l\u1ecdc RO v\u00e0 Nano \u0111\u1ed9c quy\u1ec1n, \u0111\u1ea3m b\u1ea3o \u0111\u1ed9 tinh khi\u1ebft, u\u1ed1ng tr\u1ef1c ti\u1ebfp cho tr\u1ebb em d\u01b0\u1edbi 6 tu\u1ed5i, d\u00f9ng \u0111\u1ec3 n\u1ea5u c\u00e1c lo\u1ea1i th\u1ee9c \u0103n, pha s\u1eefa, u\u1ed1ng thu\u1ed1c&#8230;<\/p>\n<p><strong><span class=\"OYPEnA\">HYDROGEN ION KI\u1ec0M: <\/span><\/strong><span class=\"OYPEnA\">L\u00e0 n\u01b0\u1edbc\u00a0 c\u00f3 ch\u1ec9 s\u1ed1 pH ph\u00f9 h\u1ee3p u\u1ed1ng tr\u1ef1c ti\u1ebfp cho m\u1ecdi \u0111\u1ed1i t\u01b0\u1ee3ng t\u1eeb 12 tu\u1ed5i tr\u1edf l\u00ean. \u0110\u1eb7c bi\u1ec7t h\u1ed7 tr\u1ee3 r\u1ea5t t\u1ed1t cho ng\u01b0\u1eddi b\u1ecb d\u1ea1 d\u00e0y, th\u1eadn, gout, ung th\u01b0..<\/span>.<\/p>\n<\/div>\n<\/div>\n<\/div>\n<\/div>\n<\/div>\n<\/div>\n<div>\n<div class=\"DF_utQ _682gpw _0xkaeQ\">\n<div class=\"aF9o6Q _0yZ6Qg\">\n<div class=\"nmQ_KA\">\n<div>\n<div class=\"AdBbhQ hGbcYA rLWGlw _7rUwsA\" lang=\"vi-VN\">\n<p class=\"cgHgbA nxe3IQ Xp24Nw PanoWQ\"><strong><span class=\"OYPEnA\">N\u01af\u1edaC TH\u1ef0C PH\u1ea8M: <\/span><\/strong>pH t\u1eeb 10 \u0111\u1ebfn 11 c\u00f3 ch\u1ec9 s\u1ed1 Hydrogen Ion Ki\u1ec1m cao d\u00f9ng h\u1ed7 tr\u1ee3 \u0111\u00e0o th\u1ea3i \u0111\u1ed9c t\u1ed1 nhanh cho c\u01a1 th\u1ec3.<\/p>\n<\/div>\n<\/div>\n<\/div>\n<\/div>\n<\/div>\n<\/div>\n<div>\n<div class=\"DF_utQ _682gpw _0xkaeQ\">\n<div class=\"aF9o6Q _0yZ6Qg\">\n<div class=\"nmQ_KA\">\n<div class=\"gY5IIA _5kZSsQ\">\n<div class=\"AdBbhQ hGbcYA rLWGlw\" lang=\"vi-VN\">\n<p class=\"cgHgbA WvQL9w Xp24Nw\"><span class=\"OYPEnA\">Ng\u00e2m v\u00e0 x\u1eed l\u00fd c\u00e1c ch\u1ea5t c\u00f3 h\u1ea1i c\u00f3 trong th\u1ef1c ph\u1ea9m: th\u1ecbt, c\u00e1, rau, c\u1ee7, qu\u1ea3&#8230;<\/span><\/p>\n<p class=\"cgHgbA WvQL9w Xp24Nw\"><span class=\"OYPEnA\">Sau khi ng\u00e2m 5 &#8211; 10 ph\u00fat, r\u1eeda l\u1ea1i b\u1eb1ng n\u01b0\u1edbc tinh khi\u1ebft.<\/span><\/p>\n<p class=\"cgHgbA WvQL9w Xp24Nw\"><span class=\"OYPEnA\">(C\u00f3 th\u1ec3 u\u1ed1ng 1 &#8211; 3 ly (300ml) khi \u0111au d\u1ea1 d\u00e0y n\u1eb7ng ho\u1eb7c khi say r\u01b0\u1ee3u, nhi\u1ec5m \u0111\u1ed9c&#8230;).<\/span><\/p>\n<\/div>\n<\/div>\n<\/div>\n<\/div>\n<\/div>\n<\/div>\n<div>\n<div class=\"DF_utQ _682gpw _0xkaeQ\">\n<div class=\"aF9o6Q _0yZ6Qg\">\n<div class=\"nmQ_KA\">\n<div class=\"AdBbhQ hGbcYA rLWGlw _7rUwsA\" lang=\"vi-VN\">\n<p class=\"cgHgbA nxe3IQ Xp24Nw PanoWQ\"><strong><span class=\"OYPEnA\">N\u01af\u1edaC TR\u1eba EM: <\/span><\/strong>L\u00e0 n\u01b0\u1edbc Hydrogen Ion Ki\u1ec1m\u00a0 c\u00f3 ch\u1ec9 s\u1ed1 ph\u00f9 h\u1ee3p v\u1edbi tr\u1ebb em t\u1eeb 6 &#8211; 11 tu\u1ed5i.<\/p>\n<p><strong><span class=\"OYPEnA\">N\u01af\u1edaC N\u00d3NG: <\/span><\/strong>L\u00e0 n\u01b0\u1edbc tinh khi\u1ebft \u0111un l\u00ean kho\u1ea3ng t\u1eeb 65 \u0111\u1ed9 C \u0111\u1ebfn 95 \u0111\u1ed9 C, d\u00f9ng pha tr\u00e0, c\u00e0 ph\u00ea, pha s\u1eefa, ng\u0169 c\u1ed1c, m\u00ec \u0103n li\u1ec1n&#8230;<\/p>\n<\/div>\n<\/div>\n<\/div>\n<\/div>\n<\/div>","protected":false},"excerpt":{"rendered":"<p>V\u1edbi t\u00ecnh tr\u1ea1ng \u00f4 nhi\u1ec5m ngu\u1ed3n n\u01b0\u1edbc nh\u01b0 hi\u1ec7n nay, m\u00e1y l\u1ecdc n\u01b0\u1edbc hydrogen ion ki\u1ec1m GEMS kh\u00f4ng ch\u1ec9 \u0111\u01a1n gi\u1ea3n l\u00e0 m\u1ed9t m\u00e1y l\u1ecdc n\u01b0\u1edbc th\u00f4ng th\u01b0\u1eddng. \u0110\u00e2y l\u00e0 gi\u1ea3i ph\u00e1p to\u00e0n di\u1ec7n gi\u00fap b\u1ea1n v\u00e0 gia \u0111\u00ecnh n\u00e2ng cao s\u1ee9c kh\u1ecfe to\u00e0n th\u00e2n, m\u1ed9t c\u00e1ch t\u1ef1 nhi\u00ean v\u00e0 hi\u1ec7u qu\u1ea3.<\/p>\n<p>V\u1edbi thi\u1ebft k\u1ebf tinh t\u1ebf, ki\u1ec3u d\u00e1ng nh\u1ecf g\u1ecdn v\u00e0 m\u00e0u s\u1eafc trang nh\u00e3, m\u00e1y l\u1ecdc n\u01b0\u1edbc Hydrogen Ion Ki\u1ec1m GEMS\u00a0 l\u00e0 \u0111i\u1ec3m nh\u1ea5n trong c\u0103n b\u1ebfp hay ph\u00f2ng kh\u00e1ch, ph\u00f9 h\u1ee3p v\u1edbi m\u1ecdi phong c\u00e1ch n\u1ed9i th\u1ea5t. Vi\u1ec7c s\u1edf h\u1eefu m\u1ed9t chi\u1ebfc m\u00e1y l\u1ecdc n\u01b0\u1edbc c\u0169ng th\u1ec3 hi\u1ec7n l\u1ed1i s\u1ed1ng hi\u1ec7n \u0111\u1ea1i, quan t\u00e2m \u0111\u1ebfn ch\u1ea5t l\u01b0\u1ee3ng cu\u1ed9c s\u1ed1ng v\u00e0 s\u1ee9c kh\u1ecfe c\u1ee7a gia \u0111\u00ecnh.<\/p>\n<p>M\u00e1y l\u1ecdc n\u01b0\u1edbc kh\u00f4ng ch\u1ec9 \u0111\u00e1p \u1ee9ng nhu c\u1ea7u thi\u1ebft y\u1ebfu m\u00e0 c\u00f2n mang \u0111\u1ebfn n\u00e9t \u0111\u1eb3ng c\u1ea5p cho kh\u00f4ng gian s\u1ed1ng, n\u00e2ng t\u1ea7m s\u1ef1 thanh l\u1ecbch v\u00e0 hi\u1ec7n \u0111\u1ea1i.<\/p>","protected":false},"featured_media":5056,"comment_status":"closed","ping_status":"closed","template":"","meta":[],"product_cat":[40],"product_tag":[],"_links":{"self":[{"href":"https:\/\/gemsgroup.com.vn\/en\/wp-json\/wp\/v2\/product\/3858"}],"collection":[{"href":"https:\/\/gemsgroup.com.vn\/en\/wp-json\/wp\/v2\/product"}],"about":[{"href":"https:\/\/gemsgroup.com.vn\/en\/wp-json\/wp\/v2\/types\/product"}],"replies":[{"embeddable":true,"href":"https:\/\/gemsgroup.com.vn\/en\/wp-json\/wp\/v2\/comments?post=3858"}],"wp:featuredmedia":[{"embeddable":true,"href":"https:\/\/gemsgroup.com.vn\/en\/wp-json\/wp\/v2\/media\/5056"}],"wp:attachment":[{"href":"https:\/\/gemsgroup.com.vn\/en\/wp-json\/wp\/v2\/media?parent=3858"}],"wp:term":[{"taxonomy":"product_cat","embeddable":true,"href":"https:\/\/gemsgroup.com.vn\/en\/wp-json\/wp\/v2\/product_cat?post=3858"},{"taxonomy":"product_tag","embeddable":true,"href":"https:\/\/gemsgroup.com.vn\/en\/wp-json\/wp\/v2\/product_tag?post=3858"}],"curies":[{"name":"wp","href":"https:\/\/api.w.org\/{rel}","templated":true}]}}