{"id":4663,"date":"2024-11-04T10:03:42","date_gmt":"2024-11-04T03:03:42","guid":{"rendered":"https:\/\/gemsgroup.com.vn\/?post_type=product&#038;p=4663"},"modified":"2026-04-09T14:18:13","modified_gmt":"2026-04-09T07:18:13","slug":"may-loc-nuoc-gems-promax","status":"publish","type":"product","link":"https:\/\/gemsgroup.com.vn\/en\/may-loc-nuoc-gems-promax\/","title":{"rendered":"M\u00e1y L\u1ecdc N\u01b0\u1edbc Hydrogen Ion Ki\u1ec1m GEMS PROMAX"},"content":{"rendered":"<p>Trong th\u1eddi \u0111\u1ea1i ng\u00e0y nay, vi\u1ec7c s\u1eed d\u1ee5ng m\u00e1y l\u1ecdc n\u01b0\u1edbc gia \u0111\u00ecnh kh\u00f4ng ch\u1ec9 l\u00e0 m\u1ed9t xu h\u01b0\u1edbng m\u00e0 c\u00f2n l\u00e0 m\u1ed9t s\u1ef1 c\u1ea7n thi\u1ebft \u0111\u1ed1i v\u1edbi s\u1ee9c kh\u1ecfe v\u00e0 an to\u00e0n c\u1ee7a gia \u0111\u00ecnh Vi\u1ec7t. Gi\u1eefa nhi\u1ec1u s\u1ea3n ph\u1ea9m tr\u00ean th\u1ecb tr\u01b0\u1eddng, m\u00e1y l\u1ecdc n\u01b0\u1edbc GEMS PROMAX n\u1ed5i b\u1eadt nh\u01b0 m\u1ed9t l\u1ef1a ch\u1ecdn ho\u00e0n h\u1ea3o cho m\u1ecdi gia \u0111\u00ecnh.<\/p>\n<p>GEMS PROMAX l\u00e0 m\u1ed9t m\u00e1y l\u1ecdc n\u01b0\u1edbc gia \u0111\u00ecnh hi\u1ec7u qu\u1ea3 v\u1edbi thi\u1ebft k\u1ebf nh\u1ecf g\u1ecdn v\u00e0 ti\u1ec7n l\u1ee3i, ph\u00f9 h\u1ee3p v\u1edbi m\u1ecdi kh\u00f4ng gian b\u1ebfp, ph\u00f2ng kh\u00e1ch. S\u1eed d\u1ee5ng c\u00f4ng ngh\u1ec7 l\u1ecdc n\u01b0\u1edbc ti\u00ean ti\u1ebfn. GEMS PROMAX mang t\u1edbi ch\u1ea5t l\u01b0\u1ee3ng n\u01b0\u1edbc kh\u00f4ng ch\u1ec9 tinh khi\u1ebft m\u00e0 c\u00f2n l\u00e0 n\u01b0\u1edbc t\u1ed1t t\u1eeb Hydrogen Ion Ki\u1ec1m. M\u00e1y c\u00f3 kh\u1ea3 n\u0103ng lo\u1ea1i b\u1ecf c\u00e1c ch\u1ea5t c\u00f3 h\u1ea1i v\u00e0 t\u1ea1p ch\u1ea5t c\u00f3 th\u1ec3 c\u00f3 trong n\u01b0\u1edbc. \u0110\u1ea3m b\u1ea3o n\u01b0\u1edbc s\u1ea1ch tinh khi\u1ebft v\u00e0 an to\u00e0n cho vi\u1ec7c s\u1eed d\u1ee5ng tr\u1ef1c ti\u1ebfp h\u00e0ng ng\u00e0y.<\/p>\n<p><img fetchpriority=\"high\" decoding=\"async\" class=\"alignnone size-full wp-image-5724\" src=\"https:\/\/gemsgroup.com.vn\/wp-content\/uploads\/2024\/11\/Thiet-ke-chua-co1.png\" alt=\"\" width=\"300\" height=\"300\" srcset=\"https:\/\/gemsgroup.com.vn\/wp-content\/uploads\/2024\/11\/Thiet-ke-chua-co1.png 300w, https:\/\/gemsgroup.com.vn\/wp-content\/uploads\/2024\/11\/Thiet-ke-chua-co1-150x150.png 150w, https:\/\/gemsgroup.com.vn\/wp-content\/uploads\/2024\/11\/Thiet-ke-chua-co1-12x12.png 12w, https:\/\/gemsgroup.com.vn\/wp-content\/uploads\/2024\/11\/Thiet-ke-chua-co1-100x100.png 100w, https:\/\/gemsgroup.com.vn\/wp-content\/uploads\/2024\/11\/Thiet-ke-chua-co1-50x50.png 50w\" sizes=\"(max-width: 300px) 100vw, 300px\" \/><\/p>\n<p><strong>S\u1ef1 v\u01b0\u1ee3t tr\u1ed9i m\u00e1y l\u1ecdc n\u01b0\u1edbc GEMS PROMAX:<\/strong><\/p>\n<p>C\u00f4ng su\u1ea5t ph\u00f9 h\u1ee3p cho c\u1ea3 h\u1ed9 gia \u0111\u00ecnh v\u1eeba n\u1ea5u \u0103n v\u1eeba u\u1ed1ng tr\u1ef1c ti\u1ebfp.<\/p>\n<p>C\u00f4ng ngh\u1ec7 t\u1ea1o \u0111a kho\u00e1ng t\u1ef1 nhi\u00ean t\u1eeb l\u00f5i l\u1ecdc.<\/p>\n<p>Di\u1ec7t c\u00e1c vi sinh g\u00e2y b\u1ec7nh trong n\u01b0\u1edbc t\u1eeb c\u00f4ng ngh\u1ec7 nano.<\/p>\n<p>Lo\u1ea1i b\u1ecf 99,9% c\u00e1c ch\u1ea5t \u0111\u1ed9c h\u1ea1i, kim lo\u1ea1i n\u1eb7ng\u2026<\/p>\n<p><strong>GEMS PROMAX \u0111a d\u1ea1ng m\u1ee5c \u0111\u00edch s\u1eed d\u1ee5ng<\/strong><\/p>\n<p>Ngo\u00e0i m\u1ee5c \u0111\u00edch ph\u1ed5 bi\u1ebfn d\u00f9ng \u0111\u1ec3 u\u1ed1ng tr\u1ef1c ti\u1ebfp th\u00ec m\u00e1y l\u1ecdc GEMS PROMAX h\u01b0\u1edbng t\u1edbi ngu\u1ed3n n\u01b0\u1edbc s\u1eed d\u1ee5ng trong n\u1ea5u \u0103n v\u00e0 ch\u1ebf bi\u1ebfn th\u1ef1c ph\u1ea9m. \u0110\u1ea3m b\u1ea3o t\u1ed1i \u0111a ngu\u1ed3n n\u01b0\u1edbc \u0111\u01b0a v\u00e0o c\u01a1 th\u1ec3 \u0111\u1ec1u \u0111\u00e3 \u0111\u01b0\u1ee3c l\u1ecdc s\u1ea1ch v\u00e0 b\u1ed5 sung th\u00eam m\u1ed9t l\u01b0\u1ee3ng \u0111a kho\u00e1ng t\u1ef1 nhi\u00ean: Natri, Kali, Canxi, Magie\u2026<\/p>\n<p>Model: GEMS PROMAX<\/p>\n<p>Nh\u00e3n hi\u1ec7u: Gem Eco System<\/p>\n<p><img decoding=\"async\" class=\"alignnone size-medium wp-image-4666\" src=\"https:\/\/gemsgroup.com.vn\/wp-content\/uploads\/2024\/11\/Thiet-ke-chua-co-ten-1-300x300.png\" alt=\"\" width=\"300\" height=\"300\" srcset=\"https:\/\/gemsgroup.com.vn\/wp-content\/uploads\/2024\/11\/Thiet-ke-chua-co-ten-1-300x300.png 300w, https:\/\/gemsgroup.com.vn\/wp-content\/uploads\/2024\/11\/Thiet-ke-chua-co-ten-1-1024x1024.png 1024w, https:\/\/gemsgroup.com.vn\/wp-content\/uploads\/2024\/11\/Thiet-ke-chua-co-ten-1-150x150.png 150w, https:\/\/gemsgroup.com.vn\/wp-content\/uploads\/2024\/11\/Thiet-ke-chua-co-ten-1-768x768.png 768w, https:\/\/gemsgroup.com.vn\/wp-content\/uploads\/2024\/11\/Thiet-ke-chua-co-ten-1-12x12.png 12w, https:\/\/gemsgroup.com.vn\/wp-content\/uploads\/2024\/11\/Thiet-ke-chua-co-ten-1-600x600.png 600w, https:\/\/gemsgroup.com.vn\/wp-content\/uploads\/2024\/11\/Thiet-ke-chua-co-ten-1-100x100.png 100w, https:\/\/gemsgroup.com.vn\/wp-content\/uploads\/2024\/11\/Thiet-ke-chua-co-ten-1-50x50.png 50w, https:\/\/gemsgroup.com.vn\/wp-content\/uploads\/2024\/11\/Thiet-ke-chua-co-ten-1.png 1080w\" sizes=\"(max-width: 300px) 100vw, 300px\" \/><\/p>\n<p><strong>Th\u00f4ng S\u1ed1 K\u1ef9 Thu\u1eadt:<\/strong><\/p>\n<p>Ngu\u1ed3n \u0111i\u1ec7n: \u0110i\u1ec7n \u00e1p 220V\/50Hz<\/p>\n<p>C\u00f4ng su\u1ea5t: C\u00f4ng su\u1ea5t l\u00e0m n\u00f3ng: 430W,\u00a0C\u00f4ng su\u1ea5t ngu\u1ed9i: 26W (+-5%)<\/p>\n<p>L\u01b0u l\u01b0\u1ee3ng l\u1ecdc: 15L\/1H<\/p>\n<p>Hi\u1ec7u su\u1ea5t l\u1ecdc: 40%<\/p>\n<p><strong>Ch\u1ec9 s\u1ed1 pH:<\/strong>\u00a02.5 \u2013 11.5 (ch\u1ec9 s\u1ed1 pH c\u1ee7a t\u1eebng lo\u1ea1i n\u01b0\u1edbc c\u00f3 th\u1ec3 dao \u0111\u1ed9ng t\u00f9y v\u00e0o ch\u1ea5t l\u01b0\u1ee3ng n\u01b0\u1edbc \u0111\u1ea7u v\u00e0o)<\/p>\n<p><strong>Ch\u1ec9 s\u1ed1 Hydrogen:<\/strong>\u00a0200 \u2013 \u2265 1500 ppb<\/p>\n<p><strong>Ch\u1ec9 s\u1ed1 ORP:<\/strong>\u00a0-200 \u0111\u1ebfn \u2013 800 mV<\/p>\n<p><strong>Dung t\u00edch b\u00ecnh<\/strong><\/p>\n<p>Dung t\u00edch b\u00ecnh n\u00f3ng: 2 l\u00edt<\/p>\n<p>Dung t\u00edch b\u00ecnh ngu\u1ed9i: 10 l\u00edt<\/p>\n<p><strong>Ngu\u1ed3n n\u01b0\u1edbc \u0111\u1ea7u v\u00e0o<\/strong><\/p>\n<p>N\u01b0\u1edbc sinh ho\u1ea1t theo ti\u00eau chu\u1ea9n c\u1ee7a BYT QCVN 01-1:2018\/BYT<\/p>\n<p>Nhi\u1ec7t \u0111\u1ed9 n\u01b0\u1edbc \u0111\u1ea7u v\u00e0o \u2264 40\u00baC<\/p>\n<p>6 lo\u1ea1i n\u01b0\u1edbc: N\u01b0\u1edbc Hydrogen Ion Ki\u1ec1m, N\u01b0\u1edbc th\u1ef1c ph\u1ea9m, N\u01b0\u1edbc tr\u1ebb em, N\u01b0\u1edbc n\u1ea5u \u0103n, N\u01b0\u1edbc n\u00f3ng, N\u01b0\u1edbc Nano tinh khi\u1ebft.<\/p>\n<p><strong>Ng\u00f4n ng\u1eef:\u00a0<\/strong>English<\/p>\n<p><strong>Thi\u1ebft k\u1ebf:\u00a0<\/strong>M\u00e1y \u0111\u1ee9ng Nh\u1ecf g\u1ecdn<\/p>\n<p><strong>K\u00edch th\u01b0\u1edbc: <\/strong>1.050mm x 400mm x 320mm<\/p>\n<p><strong>Tr\u1ecdng l\u01b0\u1ee3ng:\u00a0<\/strong>20 kg<\/p>\n<p><strong>L\u1eafp r\u00e1p:<\/strong>\u00a0Vietnam<\/p>\n<p><strong>B\u1ea3o h\u00e0nh:\u00a0 24 th\u00e1ng<\/strong><\/p>\n<p><strong>CH\u1ee8C N\u0102NG C\u1ee6A M\u00c1Y<\/strong><\/p>\n<div>\n<div class=\"DF_utQ _682gpw _0xkaeQ\">\n<div class=\"aF9o6Q _0yZ6Qg\">\n<div class=\"nmQ_KA\">\n<div>\n<div class=\"AdBbhQ hGbcYA rLWGlw _7rUwsA\" lang=\"vi-VN\">\n<p class=\"cgHgbA nxe3IQ Xp24Nw PanoWQ\"><strong><span class=\"OYPEnA\">N\u01af\u1edaC NANO TINH KHI\u1ebeT: <\/span><\/strong>L\u00e0 n\u01b0\u1edbc s\u1ea1ch, \u0111\u01b0\u1ee3c n\u00e2ng c\u1ea5p l\u00ean b\u1ed9 l\u1ecdc NANO \u0111\u1ed9c quy\u1ec1n, \u0111\u1ea3m b\u1ea3o \u0111\u1ed9 tinh khi\u1ebft, u\u1ed1ng tr\u1ef1c ti\u1ebfp cho tr\u1ebb em d\u01b0\u1edbi 6 tu\u1ed5i, d\u00f9ng \u0111\u1ec3 n\u1ea5u c\u00e1c lo\u1ea1i th\u1ee9c \u0103n, pha s\u1eefa, u\u1ed1ng thu\u1ed1c&#8230;<\/p>\n<p><strong><span class=\"OYPEnA\">HYDROGEN ION KI\u1ec0M: <\/span><\/strong><span class=\"OYPEnA\">L\u00e0 n\u01b0\u1edbc c\u00f3 ch\u1ec9 s\u1ed1 ph\u00f9 h\u1ee3p u\u1ed1ng tr\u1ef1c ti\u1ebfp cho m\u1ecdi \u0111\u1ed1i t\u01b0\u1ee3ng t\u1eeb 12 tu\u1ed5i tr\u1edf l\u00ean. \u0110\u1eb7c bi\u1ec7t h\u1ed7 tr\u1ee3 r\u1ea5t t\u1ed1t cho ng\u01b0\u1eddi b\u1ecb d\u1ea1 d\u00e0y, th\u1eadn, gout, ung th\u01b0..<\/span>.<\/p>\n<\/div>\n<\/div>\n<\/div>\n<\/div>\n<\/div>\n<\/div>\n<div>\n<div class=\"DF_utQ _682gpw _0xkaeQ\">\n<div class=\"aF9o6Q _0yZ6Qg\">\n<div class=\"nmQ_KA\">\n<div>\n<div class=\"AdBbhQ hGbcYA rLWGlw _7rUwsA\" lang=\"vi-VN\">\n<p class=\"cgHgbA nxe3IQ Xp24Nw PanoWQ\"><strong><span class=\"OYPEnA\">N\u01af\u1edaC TH\u1ef0C PH\u1ea8M: <\/span><\/strong>pH t\u1eeb 10 \u0111\u1ebfn 11 c\u00f3 ch\u1ec9 s\u1ed1 Hydrogen Ion Ki\u1ec1m cao d\u00f9ng h\u1ed7 tr\u1ee3 \u0111\u00e0o th\u1ea3i \u0111\u1ed9c t\u1ed1 nhanh cho c\u01a1 th\u1ec3.<\/p>\n<\/div>\n<\/div>\n<\/div>\n<\/div>\n<\/div>\n<\/div>\n<div>\n<div class=\"DF_utQ _682gpw _0xkaeQ\">\n<div class=\"aF9o6Q _0yZ6Qg\">\n<div class=\"nmQ_KA\">\n<div class=\"gY5IIA _5kZSsQ\">\n<div class=\"AdBbhQ hGbcYA rLWGlw\" lang=\"vi-VN\">\n<p class=\"cgHgbA WvQL9w Xp24Nw\"><span class=\"OYPEnA\">Ng\u00e2m v\u00e0 x\u1eed l\u00fd c\u00e1c ch\u1ea5t c\u00f3 h\u1ea1i c\u00f3 trong th\u1ef1c ph\u1ea9m: th\u1ecbt, c\u00e1, rau, c\u1ee7, qu\u1ea3&#8230;<\/span><\/p>\n<p class=\"cgHgbA WvQL9w Xp24Nw\"><span class=\"OYPEnA\">Sau khi ng\u00e2m 5 &#8211; 10 ph\u00fat, r\u1eeda l\u1ea1i b\u1eb1ng n\u01b0\u1edbc tinh khi\u1ebft.<\/span><\/p>\n<p class=\"cgHgbA WvQL9w Xp24Nw\"><span class=\"OYPEnA\">(C\u00f3 th\u1ec3 u\u1ed1ng 1 &#8211; 3 ly (300ml) khi \u0111au d\u1ea1 d\u00e0y n\u1eb7ng ho\u1eb7c khi say r\u01b0\u1ee3u, nhi\u1ec5m \u0111\u1ed9c&#8230;).<\/span><\/p>\n<\/div>\n<\/div>\n<\/div>\n<\/div>\n<\/div>\n<\/div>\n<div>\n<div class=\"DF_utQ _682gpw _0xkaeQ\">\n<div class=\"aF9o6Q _0yZ6Qg\">\n<div class=\"nmQ_KA\">\n<div class=\"AdBbhQ hGbcYA rLWGlw _7rUwsA\" lang=\"vi-VN\">\n<p class=\"cgHgbA nxe3IQ Xp24Nw PanoWQ\"><strong><span class=\"OYPEnA\">N\u01af\u1edaC TR\u1eba EM: <\/span><\/strong>L\u00e0 n\u01b0\u1edbc Hydrogen Ion Ki\u1ec1m c\u00f3 ch\u1ec9 s\u1ed1 ph\u00f9 h\u1ee3p v\u1edbi tr\u1ebb em t\u1eeb 6 &#8211; 11 tu\u1ed5i.<\/p>\n<p><strong><span class=\"OYPEnA\">N\u01af\u1edaC N\u00d3NG: <\/span><\/strong>L\u00e0 n\u01b0\u1edbc tinh khi\u1ebft \u0111un l\u00ean kho\u1ea3ng 65 \u0111\u1ed9 C \u0111\u1ebfn 95 \u0111\u1ed9 C, d\u00f9ng pha tr\u00e0, c\u00e0 ph\u00ea, pha s\u1eefa, ng\u0169 c\u1ed1c, m\u00ec \u0103n li\u1ec1n&#8230;<\/p>\n<div>\n<div class=\"DF_utQ _682gpw _0xkaeQ\">\n<div class=\"aF9o6Q _0yZ6Qg\">\n<div class=\"nmQ_KA\">\n<div>\n<div class=\"AdBbhQ hGbcYA rLWGlw _7rUwsA\" lang=\"vi-VN\">\n<p class=\"cgHgbA nxe3IQ Xp24Nw PanoWQ\"><strong><span class=\"OYPEnA\">N\u01af\u1edaC N\u1ea4U \u0102N: <\/span><\/strong>N\u01b0\u1edbc tinh khi\u1ebft chuy\u00ean s\u1eed d\u1ee5ng cho n\u1ea5u \u0103n.<\/p>\n<\/div>\n<\/div>\n<\/div>\n<\/div>\n<\/div>\n<\/div>\n<\/div>\n<\/div>\n<\/div>\n<\/div>\n<\/div>","protected":false},"excerpt":{"rendered":"<p>Trong th\u1eddi \u0111\u1ea1i ng\u00e0y nay, vi\u1ec7c s\u1eed d\u1ee5ng m\u00e1y l\u1ecdc n\u01b0\u1edbc gia \u0111\u00ecnh kh\u00f4ng ch\u1ec9 l\u00e0 m\u1ed9t xu h\u01b0\u1edbng m\u00e0 c\u00f2n l\u00e0 m\u1ed9t s\u1ef1 c\u1ea7n thi\u1ebft \u0111\u1ed1i v\u1edbi s\u1ee9c kh\u1ecfe v\u00e0 an to\u00e0n c\u1ee7a gia \u0111\u00ecnh Vi\u1ec7t. Gi\u1eefa nhi\u1ec1u s\u1ea3n ph\u1ea9m tr\u00ean th\u1ecb tr\u01b0\u1eddng, m\u00e1y l\u1ecdc n\u01b0\u1edbc GEMS PROMAX n\u1ed5i b\u1eadt nh\u01b0 m\u1ed9t l\u1ef1a ch\u1ecdn ho\u00e0n h\u1ea3o cho m\u1ecdi gia \u0111\u00ecnh.<\/p>\n<p>GEMS PROMAX l\u00e0 m\u1ed9t m\u00e1y l\u1ecdc n\u01b0\u1edbc gia \u0111\u00ecnh hi\u1ec7u qu\u1ea3 v\u1edbi thi\u1ebft k\u1ebf nh\u1ecf g\u1ecdn v\u00e0 ti\u1ec7n l\u1ee3i, ph\u00f9 h\u1ee3p v\u1edbi m\u1ecdi kh\u00f4ng gian b\u1ebfp, ph\u00f2ng kh\u00e1ch&#8230;<\/p>","protected":false},"featured_media":5060,"comment_status":"closed","ping_status":"closed","template":"","meta":[],"product_cat":[40],"product_tag":[],"_links":{"self":[{"href":"https:\/\/gemsgroup.com.vn\/en\/wp-json\/wp\/v2\/product\/4663"}],"collection":[{"href":"https:\/\/gemsgroup.com.vn\/en\/wp-json\/wp\/v2\/product"}],"about":[{"href":"https:\/\/gemsgroup.com.vn\/en\/wp-json\/wp\/v2\/types\/product"}],"replies":[{"embeddable":true,"href":"https:\/\/gemsgroup.com.vn\/en\/wp-json\/wp\/v2\/comments?post=4663"}],"wp:featuredmedia":[{"embeddable":true,"href":"https:\/\/gemsgroup.com.vn\/en\/wp-json\/wp\/v2\/media\/5060"}],"wp:attachment":[{"href":"https:\/\/gemsgroup.com.vn\/en\/wp-json\/wp\/v2\/media?parent=4663"}],"wp:term":[{"taxonomy":"product_cat","embeddable":true,"href":"https:\/\/gemsgroup.com.vn\/en\/wp-json\/wp\/v2\/product_cat?post=4663"},{"taxonomy":"product_tag","embeddable":true,"href":"https:\/\/gemsgroup.com.vn\/en\/wp-json\/wp\/v2\/product_tag?post=4663"}],"curies":[{"name":"wp","href":"https:\/\/api.w.org\/{rel}","templated":true}]}}