{"id":4669,"date":"2024-11-04T10:07:22","date_gmt":"2024-11-04T03:07:22","guid":{"rendered":"https:\/\/gemsgroup.com.vn\/?post_type=product&#038;p=4669"},"modified":"2025-02-26T13:00:48","modified_gmt":"2025-02-26T06:00:48","slug":"phu-kien-loi-loc-so-1","status":"publish","type":"product","link":"https:\/\/gemsgroup.com.vn\/en\/phu-kien-loi-loc-so-1\/","title":{"rendered":"L\u00f5i l\u1ecdc S\u1ed1 1"},"content":{"rendered":"<p>L\u00f5i l\u1ecdc PP 5 micron, hay l\u00f5i l\u1ecdc s\u1ed1 1, l\u00e0 lo\u1ea1i l\u00f5i l\u1ecdc \u0111\u01b0\u1ee3c l\u00e0m b\u1eb1ng ch\u1ea5t li\u1ec7u s\u1ee3i PP n\u00e9n ch\u1eb7t v\u00e0 c\u00f3 k\u00edch th\u01b0\u1edbc c\u00e1c khe nh\u1ecf 5 micron. \u0110\u00e2y l\u00e0 m\u1ed9t trong 3 l\u00f5i l\u1ecdc th\u00f4 x\u1eed l\u00fd ngu\u1ed3n n\u01b0\u1edbc \u0111\u1ea7u v\u00e0o tr\u01b0\u1edbc khi n\u01b0\u1edbc \u0111\u01b0\u1ee3c \u0111\u01b0a qua l\u1ecdc RO<\/p>\n<p>L\u00f5i l\u1ecdc PP 5 micron \u0111\u01b0\u1ee3c thi\u1ebft k\u1ebf \u0111\u1ec3 lo\u1ea1i b\u1ecf c\u00e1c ch\u1ea5t c\u1eb7n nh\u01b0 b\u1ee5i b\u1ea9n, r\u1ec9 s\u00e9t, c\u00e1t v\u00e0 c\u00e1c h\u1ea1t nh\u1ecf kh\u00e1c c\u00f3 k\u00edch th\u01b0\u1edbc l\u1edbn h\u01a1n 5 micron th\u01b0\u1eddng \u0111\u01b0\u1ee3c t\u00ecm th\u1ea5y trong ngu\u1ed3n n\u01b0\u1edbc.<\/p>\n<p>L\u00f5i l\u1ecdc n\u00e0y \u0111\u00f3ng vai tr\u00f2 l\u00e0 m\u00e0ng l\u1ecdc \u0111\u1ea7u ti\u00ean n\u00ean th\u01b0\u1eddng c\u00f3 th\u1eddi gian s\u1eed d\u1ee5ng t\u1eeb 3 &#8211; 6 th\u00e1ng t\u00f9y theo ch\u1ea5t l\u01b0\u1ee3ng ngu\u1ed3n n\u01b0\u1edbc \u0111\u1ea7u v\u00e0o v\u00e0 m\u1ee9c s\u1eed d\u1ee5ng h\u00e0ng ng\u00e0y. V\u00ec v\u1eady, \u0111\u1ec3 \u0111\u1ea3m b\u1ea3o hi\u1ec7u su\u1ea5t x\u1eed l\u00fd n\u01b0\u1edbc v\u00e0 ch\u1ea5t l\u01b0\u1ee3ng c\u1ee7a c\u00e1c l\u00f5i l\u1ecdc c\u00f2n l\u1ea1i th\u00ec b\u1ea1n c\u1ea7n ph\u1ea3i th\u01b0\u1eddng ki\u1ec3m tra v\u00e0 thay th\u1ebf l\u00f5i l\u1ecdc PP 5 micron \u0111\u1ecbnh k\u1ef3.<\/p>\n<p>&nbsp;<\/p>","protected":false},"excerpt":{"rendered":"<h3>L\u00f5i l\u1ecdc th\u00f4 5micron<\/h3>\n<p>L\u00f5i l\u1ecdc th\u00f4 5micron b\u1eb1ng s\u1ee3i PP (Sediment) c\u00f3 ch\u1ee9c n\u0103ng gi\u1eef l\u1ea1i c\u00e1c t\u1ea1p ch\u1ea5t c\u1eb7n b\u1ea9n, r\u1ec9 s\u00e9t\u2026 l\u00e0m cho n\u01b0\u1edbc trong h\u01a1n&#8230;..<\/p>","protected":false},"featured_media":4671,"comment_status":"closed","ping_status":"closed","template":"","meta":[],"product_cat":[72],"product_tag":[],"_links":{"self":[{"href":"https:\/\/gemsgroup.com.vn\/en\/wp-json\/wp\/v2\/product\/4669"}],"collection":[{"href":"https:\/\/gemsgroup.com.vn\/en\/wp-json\/wp\/v2\/product"}],"about":[{"href":"https:\/\/gemsgroup.com.vn\/en\/wp-json\/wp\/v2\/types\/product"}],"replies":[{"embeddable":true,"href":"https:\/\/gemsgroup.com.vn\/en\/wp-json\/wp\/v2\/comments?post=4669"}],"wp:featuredmedia":[{"embeddable":true,"href":"https:\/\/gemsgroup.com.vn\/en\/wp-json\/wp\/v2\/media\/4671"}],"wp:attachment":[{"href":"https:\/\/gemsgroup.com.vn\/en\/wp-json\/wp\/v2\/media?parent=4669"}],"wp:term":[{"taxonomy":"product_cat","embeddable":true,"href":"https:\/\/gemsgroup.com.vn\/en\/wp-json\/wp\/v2\/product_cat?post=4669"},{"taxonomy":"product_tag","embeddable":true,"href":"https:\/\/gemsgroup.com.vn\/en\/wp-json\/wp\/v2\/product_tag?post=4669"}],"curies":[{"name":"wp","href":"https:\/\/api.w.org\/{rel}","templated":true}]}}