{"id":4673,"date":"2024-11-04T10:08:49","date_gmt":"2024-11-04T03:08:49","guid":{"rendered":"https:\/\/gemsgroup.com.vn\/?post_type=product&#038;p=4673"},"modified":"2025-02-26T13:08:20","modified_gmt":"2025-02-26T06:08:20","slug":"phu-kien-loi-loc-so-2","status":"publish","type":"product","link":"https:\/\/gemsgroup.com.vn\/en\/phu-kien-loi-loc-so-2\/","title":{"rendered":"L\u00f5i L\u1ecdc S\u1ed1 2"},"content":{"rendered":"<p>L\u00f5i l\u1ecdc G.A.C b\u1eb1ng than ho\u1ea1t t\u00ednh d\u1ea1ng h\u1ea1t (Pre-Carbon) c\u00f3 kh\u1ea3 n\u0103ng h\u1ea5p th\u1ee5 m\u1ea1nh c\u00e1c lo\u1ea1i ch\u1ea5t nh\u1eddn c\u00f3 trong n\u01b0\u1edbc, m\u00f9i v\u00e0 h\u1eefu c\u01a1 h\u00f2a tan kh\u00f3 ch\u1ecbu, c\u00e1c ch\u1ea5t b\u1ea3o v\u1ec7 th\u1ef1c v\u1eadt, c\u00e1c ch\u1ea5t \u0111\u1ed9c c\u00f3 trong n\u01b0\u1edbc, ch\u1ea5t t\u1ea9y r\u1eeda, kh\u1eed clo d\u01b0, kh\u1eed m\u00f9i <i>..<\/i>. than ho\u1ea1t t\u00ednh c\u00f2n ch\u1ee9ng t\u1ecf \u0111\u01b0\u1ee3c hi\u1ec7u qu\u1ea3 trong vi\u1ec7c x\u1eed l\u00fd ch\u1ea5t ph\u00f3ng x\u1ea1, asen v\u00e0 amoni.<\/p>\n<p>L\u00f5i l\u1ecdc s\u1ed1 2 G.A.C l\u00e0 m\u1ed9t trong ba l\u00f5i l\u1ecdc th\u00f4 quan tr\u1ecdng trong h\u1ec7 th\u1ed1ng m\u00e0ng v\u00e0 l\u00f5i l\u1ecdc n\u01b0\u1edbc c\u00f3 kh\u1ea3 n\u0103ng lo\u1ea1i b\u1ecf ho\u00e0n to\u00e0n c\u00e1c t\u1ea1p ch\u1ea5t c\u00f3 k\u00edch th\u01b0\u1edbc l\u1edbn tr\u01b0\u1edbc khi n\u01b0\u1edbc \u0111i qua l\u00f5i l\u1ecdc s\u1ed1 3 nh\u1edd c\u00e1c l\u1ed7 nh\u1ecf li ti trong c\u1ea5u tr\u00fac than hoa\u0323t ti\u0301nh. Ngo\u00e0i ra, n\u00f3 c\u00f3 th\u1ec3 h\u1ea5p th\u1ee5 \u0111\u00e1ng k\u1ec3 l\u01b0\u1ee3ng h\u00f3a ch\u1ea5t ho\u1eb7c kim lo\u1ea1i l\u00e0m n\u01b0\u1edbc tr\u1edf n\u00ean trong s\u1ea1ch h\u01a1n.<\/p>\n<p>L\u01b0u \u00fd: L\u00f5i l\u1ecdc s\u1ed1 2 G.A.C l\u00e0 th\u1eddi gian thay th\u1ebf l\u00f5i \u0111\u1ecbnh k\u1ef3 t\u1eeb 3 \u2013 6 th\u00e1ng m\u1ed9t l\u1ea7n n\u00ean \u0111a s\u1ed1 c\u00e1c gia \u0111\u00ecnh do kh\u00f4ng \u0111\u1ec3 \u00fd n\u00ean r\u1ea5t d\u1ec5 qu\u00ean v\u00e0 \u0111\u1ec3 qu\u00e1 h\u1ea1n. \u0110i\u1ec1u n\u00e0y d\u1eabn \u0111\u1ebfn t\u00ecnh tr\u1ea1ng l\u01b0\u1ee3ng ch\u1ea5t b\u1ea9n b\u1ecb gi\u1eef l\u1ea1i trong c\u00e1c khe l\u00f5i qu\u00e1 nhi\u1ec1u, c\u1ea3n tr\u1edf qu\u00e1 tr\u00ecnh l\u1ecdc v\u00e0 l\u00e0m gi\u1ea3m hi\u1ec7u su\u1ea5t l\u00e0m vi\u1ec7c c\u1ee7a c\u1ee7a c\u00e1c l\u00f5i l\u1ecdc ph\u00eda sau c\u0169ng nh\u01b0 hi\u1ec7u n\u0103ng l\u00e0m vi\u1ec7c c\u1ee7a m\u00e1y l\u1ecdc n\u01b0\u1edbc Gems.<\/p>","protected":false},"excerpt":{"rendered":"<h3>L\u00f5i l\u1ecdc G.A.C<\/h3>\n<p>L\u00f5i l\u1ecdc G.A.C b\u1eb1ng than ho\u1ea1t t\u00ednh d\u1ea1ng h\u1ea1t (Pre-Carbon) c\u00f3 ch\u1ee9c n\u0103ng h\u1ea5p ph\u1ee5 c\u00e1c ch\u1ea5t h\u1eefu c\u01a1, kh\u1eed m\u00e0u, kh\u1eed m\u00f9i, c\u00e1c ch\u1ea5t b\u1ea3o v\u1ec7 th\u1ef1c v\u1eadt v\u00e0 c\u00e1c ch\u1ea5t \u0111\u1ed9c c\u00f3 trong n\u01b0\u1edbc&#8230;<\/p>","protected":false},"featured_media":4675,"comment_status":"closed","ping_status":"closed","template":"","meta":[],"product_cat":[72],"product_tag":[],"_links":{"self":[{"href":"https:\/\/gemsgroup.com.vn\/en\/wp-json\/wp\/v2\/product\/4673"}],"collection":[{"href":"https:\/\/gemsgroup.com.vn\/en\/wp-json\/wp\/v2\/product"}],"about":[{"href":"https:\/\/gemsgroup.com.vn\/en\/wp-json\/wp\/v2\/types\/product"}],"replies":[{"embeddable":true,"href":"https:\/\/gemsgroup.com.vn\/en\/wp-json\/wp\/v2\/comments?post=4673"}],"wp:featuredmedia":[{"embeddable":true,"href":"https:\/\/gemsgroup.com.vn\/en\/wp-json\/wp\/v2\/media\/4675"}],"wp:attachment":[{"href":"https:\/\/gemsgroup.com.vn\/en\/wp-json\/wp\/v2\/media?parent=4673"}],"wp:term":[{"taxonomy":"product_cat","embeddable":true,"href":"https:\/\/gemsgroup.com.vn\/en\/wp-json\/wp\/v2\/product_cat?post=4673"},{"taxonomy":"product_tag","embeddable":true,"href":"https:\/\/gemsgroup.com.vn\/en\/wp-json\/wp\/v2\/product_tag?post=4673"}],"curies":[{"name":"wp","href":"https:\/\/api.w.org\/{rel}","templated":true}]}}