{"id":4676,"date":"2024-11-04T10:10:42","date_gmt":"2024-11-04T03:10:42","guid":{"rendered":"https:\/\/gemsgroup.com.vn\/?post_type=product&#038;p=4676"},"modified":"2025-02-26T13:09:00","modified_gmt":"2025-02-26T06:09:00","slug":"phu-kien-loi-loc-so-3","status":"publish","type":"product","link":"https:\/\/gemsgroup.com.vn\/en\/phu-kien-loi-loc-so-3\/","title":{"rendered":"L\u00f5i L\u1ecdc S\u1ed1 3"},"content":{"rendered":"<p>L\u00f5i l\u1ecdc th\u00f4 1micron b\u1eb1ng s\u1ee3i PP (Sediment) c\u00f3 ch\u1ee9c n\u0103ng lo\u1ea1i b\u1ecf c\u00e1c ch\u1ea5y c\u1eb7n, b\u1ea9n, r\u1ec9 s\u00e9t, b\u1ecd g\u1eady, rong r\u00eau\u2026 k\u00edch th\u01b0\u1edbc l\u1edbn h\u01a1n 1micron<\/p>\n<p>Thay th\u1ebf l\u00f5i l\u1ecdc th\u00f4 1micron theo \u0111\u00fang \u0111\u1ecbnh k\u1ef3 s\u1ebd gi\u00fap m\u00e1y ho\u1ea1t \u0111\u1ed9ng t\u1ed1t, gi\u1ea3m t\u1ea3i cho b\u01a1m v\u00e0 c\u00e1c l\u00f5i ph\u00eda tr\u01b0\u1edbc. N\u1ebfu kh\u00f4ng thay th\u1ebf \u1ed1ng d\u1eabn n\u01b0\u1edbc d\u1ec5 b\u1ecb t\u1eafc, b\u01a1m qu\u00e1 t\u1ea3i v\u00e0 gi\u1ea3m tu\u1ed5i th\u1ecd c\u1ee7a b\u01a1m. \u0110\u1eb7c bi\u1ec7t, \u1ea3nh h\u01b0\u1edfng \u0111\u1ebfn s\u1ee9c kh\u1ecfe ng\u01b0\u1eddi s\u1eed d\u1ee5ng b\u1edfi n\u01b0\u1edbc kh\u00f4ng \u0111\u01b0\u1ee3c l\u1ecdc s\u1ea1ch.<\/p>","protected":false},"excerpt":{"rendered":"<h3>L\u00f5i l\u1ecdc th\u00f4 1micron<\/h3>\n<p>L\u00f5i l\u1ecdc th\u00f4 1micron b\u1eb1ng s\u1ee3i PP (Sediment) c\u00f3 ch\u1ee9c n\u0103ng lo\u1ea1i b\u1ecf c\u00e1c ch\u1ea5y c\u1eb7n, b\u1ea9n, r\u1ec9 s\u00e9t, b\u1ecd g\u1eady, rong r\u00eau\u2026 k\u00edch th\u01b0\u1edbc l\u1edbn h\u01a1n 1micron<\/p>","protected":false},"featured_media":4678,"comment_status":"closed","ping_status":"closed","template":"","meta":[],"product_cat":[72],"product_tag":[],"_links":{"self":[{"href":"https:\/\/gemsgroup.com.vn\/en\/wp-json\/wp\/v2\/product\/4676"}],"collection":[{"href":"https:\/\/gemsgroup.com.vn\/en\/wp-json\/wp\/v2\/product"}],"about":[{"href":"https:\/\/gemsgroup.com.vn\/en\/wp-json\/wp\/v2\/types\/product"}],"replies":[{"embeddable":true,"href":"https:\/\/gemsgroup.com.vn\/en\/wp-json\/wp\/v2\/comments?post=4676"}],"wp:featuredmedia":[{"embeddable":true,"href":"https:\/\/gemsgroup.com.vn\/en\/wp-json\/wp\/v2\/media\/4678"}],"wp:attachment":[{"href":"https:\/\/gemsgroup.com.vn\/en\/wp-json\/wp\/v2\/media?parent=4676"}],"wp:term":[{"taxonomy":"product_cat","embeddable":true,"href":"https:\/\/gemsgroup.com.vn\/en\/wp-json\/wp\/v2\/product_cat?post=4676"},{"taxonomy":"product_tag","embeddable":true,"href":"https:\/\/gemsgroup.com.vn\/en\/wp-json\/wp\/v2\/product_tag?post=4676"}],"curies":[{"name":"wp","href":"https:\/\/api.w.org\/{rel}","templated":true}]}}