{"id":4679,"date":"2024-11-04T10:13:00","date_gmt":"2024-11-04T03:13:00","guid":{"rendered":"https:\/\/gemsgroup.com.vn\/?post_type=product&#038;p=4679"},"modified":"2025-02-26T13:07:31","modified_gmt":"2025-02-26T06:07:31","slug":"phu-kien-binh-ap","status":"publish","type":"product","link":"https:\/\/gemsgroup.com.vn\/en\/phu-kien-binh-ap\/","title":{"rendered":"B\u00ecnh \u00c1p"},"content":{"rendered":"<p>B\u00ecnh \u00e1p m\u00e1y l\u1ecdc n\u01b0\u1edbc \u0111\u01b0\u1ee3c l\u00e0m b\u1eb1ng nh\u1ef1a ho\u1eb7c th\u00e9p b\u1ec1n b\u1ec9, an to\u00e0n v\u1edbi dung t\u00edch t\u01b0\u01a1ng \u1ee9ng 4L ho\u1eb7c 10L c\u00f3 ch\u1ee9c n\u0103ng ch\u1ee9a n\u01b0\u1edbc s\u1ea1ch trong h\u1ec7 th\u1ed1ng m\u00e1y l\u1ecdc n\u01b0\u1edbc Gems. B\u00ecnh \u00e1p c\u00f3 thi\u1ebft k\u1ebf nh\u1ecf gon, th\u00edch h\u1ee3p l\u1eafp \u0111\u1eb7t trong g\u1ea7m b\u1ebfp hay t\u00edch h\u1ee3p trong t\u1ee7 m\u00e1y l\u1ecdc n\u01b0\u1edbc.<\/p>\n<p>C\u1ea5u t\u1ea1o b\u00ecnh \u00e1p m\u00e1y l\u1ecdc n\u01b0\u1edbc g\u1ed3m khoang ch\u1ee9a kh\u00ed v\u00e0 khoang ch\u1ee9a n\u01b0\u1edbc. N\u01b0\u1edbc tinh khi\u1ebft sau khi l\u1ecdc qua m\u00e1y Gems t\u00edch v\u00e0o b\u00ecnh \u00e1p (khoang ch\u1ee9a n\u01b0\u1edbc) l\u00e0m khoang ch\u1ee9a kh\u00ed b\u1ecb n\u00e9n l\u1ea1i v\u00e0 \u00e9p l\u00ean khoang ch\u1ee9a n\u01b0\u1edbc t\u1ea1o \u00e1p l\u1ef1c \u0111\u1ea9y n\u01b0\u1edbc tinh khi\u1ebft qua c\u00e1c l\u00f5i ch\u1ee9c n\u0103ng ra v\u00f2i. \u0110\u1ed3ng th\u1eddi khi \u00e1p \u0111\u1ee7 l\u1edbn (n\u01b0\u1edbc \u0111\u1ea7y b\u00ecnh \u00e1p v\u00e0 m\u1ea1ch n\u01b0\u1edbc k\u00edn) s\u1ebd \u0111\u00f3ng van \u00e1p cao ng\u1eaft b\u01a1m.<\/p>","protected":false},"excerpt":{"rendered":"<h3>B\u00ecnh \u00e1p<\/h3>\n<p>B\u00ecnh \u00e1p m\u00e1y l\u1ecdc n\u01b0\u1edbc \u0111\u01b0\u1ee3c l\u00e0m b\u1eb1ng nh\u1ef1a ho\u1eb7c th\u00e9p b\u1ec1n b\u1ec9, an to\u00e0n v\u1edbi dung t\u00edch t\u01b0\u01a1ng \u1ee9ng 4L ho\u1eb7c 10L c\u00f3 ch\u1ee9c n\u0103ng ch\u1ee9a n\u01b0\u1edbc s\u1ea1ch trong h\u1ec7 th\u1ed1ng m\u00e1y l\u1ecdc n\u01b0\u1edbc Gems. B\u00ecnh \u00e1p c\u00f3 thi\u1ebft k\u1ebf nh\u1ecf gon, th\u00edch h\u1ee3p l\u1eafp \u0111\u1eb7t trong g\u1ea7m b\u1ebfp hay t\u00edch h\u1ee3p trong t\u1ee7 m\u00e1y l\u1ecdc n\u01b0\u1edbc.<\/p>","protected":false},"featured_media":4681,"comment_status":"closed","ping_status":"closed","template":"","meta":[],"product_cat":[72],"product_tag":[],"_links":{"self":[{"href":"https:\/\/gemsgroup.com.vn\/en\/wp-json\/wp\/v2\/product\/4679"}],"collection":[{"href":"https:\/\/gemsgroup.com.vn\/en\/wp-json\/wp\/v2\/product"}],"about":[{"href":"https:\/\/gemsgroup.com.vn\/en\/wp-json\/wp\/v2\/types\/product"}],"replies":[{"embeddable":true,"href":"https:\/\/gemsgroup.com.vn\/en\/wp-json\/wp\/v2\/comments?post=4679"}],"wp:featuredmedia":[{"embeddable":true,"href":"https:\/\/gemsgroup.com.vn\/en\/wp-json\/wp\/v2\/media\/4681"}],"wp:attachment":[{"href":"https:\/\/gemsgroup.com.vn\/en\/wp-json\/wp\/v2\/media?parent=4679"}],"wp:term":[{"taxonomy":"product_cat","embeddable":true,"href":"https:\/\/gemsgroup.com.vn\/en\/wp-json\/wp\/v2\/product_cat?post=4679"},{"taxonomy":"product_tag","embeddable":true,"href":"https:\/\/gemsgroup.com.vn\/en\/wp-json\/wp\/v2\/product_tag?post=4679"}],"curies":[{"name":"wp","href":"https:\/\/api.w.org\/{rel}","templated":true}]}}