{"id":4682,"date":"2024-11-04T10:14:11","date_gmt":"2024-11-04T03:14:11","guid":{"rendered":"https:\/\/gemsgroup.com.vn\/?post_type=product&#038;p=4682"},"modified":"2025-02-26T13:07:00","modified_gmt":"2025-02-26T06:07:00","slug":"phu-kien-binh-nong","status":"publish","type":"product","link":"https:\/\/gemsgroup.com.vn\/en\/phu-kien-binh-nong\/","title":{"rendered":"B\u00ecnh N\u00f3ng"},"content":{"rendered":"<p>B\u00ecnh n\u00f3ng m\u00e1y l\u1ecdc n\u01b0\u1edbc ch\u00ednh l\u00e0 gi\u1ea3i ph\u00e1p d\u00f9ng \u0111\u1ec3 thay th\u1ebf cho b\u00ecnh \u0111un n\u00f3ng trong nh\u1eefng thi\u1ebft b\u1ecb m\u00e1y l\u1ecdc n\u01b0\u1edbc n\u00f3ng b\u1ecb h\u01b0. B\u00ecnh n\u00f3ng\u00a0\u0111\u01b0\u1ee3c thi\u1ebft k\u1ebf \u0111i k\u00e8m \u0111\u1ea7y \u0111\u1ee7 ph\u1ee5 ki\u1ec7n gi\u00fap kh\u00e1ch h\u00e0ng d\u1ec5 d\u00e0ng l\u1eafp \u0111\u1eb7t v\u00e0 thay th\u1ebf<\/p>\n<ul>\n<li class=\"bullet-checkmark\">C\u00f4ng d\u1ee5ng l\u00e0m n\u00f3ng n\u01b0\u1edbc, cung c\u1ea5p v\u00e0 duy tr\u00ec ngu\u1ed3n n\u01b0\u1edbc v\u1edbi nhi\u1ec7t \u0111\u1ed9 cao<\/li>\n<li class=\"bullet-checkmark\">\u0110\u00e1p \u1ee9ng nhu c\u1ea7u s\u1eed d\u1ee5ng ngu\u1ed3n n\u01b0\u1edbc n\u00f3ng cho gia \u0111\u00ecnh<\/li>\n<li class=\"bullet-checkmark\">Ch\u1ea5t li\u1ec7u inox cao c\u1ea5p kh\u00f4ng g\u1ec9, kh\u00f4ng l\u00e0m bi\u1ebfn \u0111\u1ed5i n\u01b0\u1edbc khi \u0111un n\u00f3ng v\u00e0 an to\u00e0n s\u1ee9c kh\u1ecfe<\/li>\n<li class=\"bullet-checkmark\"><\/li>\n<\/ul>","protected":false},"excerpt":{"rendered":"<h3>B\u00ecnh n\u00f3ng<\/h3>\n<p>B\u00ecnh n\u00f3ng m\u00e1y l\u1ecdc n\u01b0\u1edbc ch\u00ednh l\u00e0 gi\u1ea3i ph\u00e1p d\u00f9ng \u0111\u1ec3 thay th\u1ebf cho b\u00ecnh \u0111un n\u00f3ng trong nh\u1eefng thi\u1ebft b\u1ecb m\u00e1y l\u1ecdc n\u01b0\u1edbc n\u00f3ng b\u1ecb h\u01b0. B\u00ecnh n\u00f3ng\u00a0\u0111\u01b0\u1ee3c thi\u1ebft k\u1ebf \u0111i k\u00e8m \u0111\u1ea7y \u0111\u1ee7 ph\u1ee5 ki\u1ec7n gi\u00fap kh\u00e1ch h\u00e0ng d\u1ec5 d\u00e0ng l\u1eafp \u0111\u1eb7t v\u00e0 thay th\u1ebf<\/p>","protected":false},"featured_media":4683,"comment_status":"closed","ping_status":"closed","template":"","meta":[],"product_cat":[72],"product_tag":[],"_links":{"self":[{"href":"https:\/\/gemsgroup.com.vn\/en\/wp-json\/wp\/v2\/product\/4682"}],"collection":[{"href":"https:\/\/gemsgroup.com.vn\/en\/wp-json\/wp\/v2\/product"}],"about":[{"href":"https:\/\/gemsgroup.com.vn\/en\/wp-json\/wp\/v2\/types\/product"}],"replies":[{"embeddable":true,"href":"https:\/\/gemsgroup.com.vn\/en\/wp-json\/wp\/v2\/comments?post=4682"}],"wp:featuredmedia":[{"embeddable":true,"href":"https:\/\/gemsgroup.com.vn\/en\/wp-json\/wp\/v2\/media\/4683"}],"wp:attachment":[{"href":"https:\/\/gemsgroup.com.vn\/en\/wp-json\/wp\/v2\/media?parent=4682"}],"wp:term":[{"taxonomy":"product_cat","embeddable":true,"href":"https:\/\/gemsgroup.com.vn\/en\/wp-json\/wp\/v2\/product_cat?post=4682"},{"taxonomy":"product_tag","embeddable":true,"href":"https:\/\/gemsgroup.com.vn\/en\/wp-json\/wp\/v2\/product_tag?post=4682"}],"curies":[{"name":"wp","href":"https:\/\/api.w.org\/{rel}","templated":true}]}}