{"id":4685,"date":"2024-11-04T10:16:30","date_gmt":"2024-11-04T03:16:30","guid":{"rendered":"https:\/\/gemsgroup.com.vn\/?post_type=product&#038;p=4685"},"modified":"2025-02-26T13:06:33","modified_gmt":"2025-02-26T06:06:33","slug":"phu-kien-motor","status":"publish","type":"product","link":"https:\/\/gemsgroup.com.vn\/en\/phu-kien-motor\/","title":{"rendered":"Motor"},"content":{"rendered":"<p>Motor l\u00e0 m\u1ed9t thi\u1ebft b\u1ecb quan tr\u1ecdng trong m\u00e1y l\u1ecdc n\u01b0\u1edbc. Motor t\u0103ng \u00e1p \u0111\u01b0\u1ee3c s\u1eed d\u1ee5ng \u0111\u1ec3 \u0111i\u1ec1u ti\u1ebft ngu\u1ed3n n\u01b0\u1edbc v\u1eeba h\u00fat, v\u1eeba \u0111\u1ea9y qua c\u00e1c c\u1ea5p l\u1ecdc c\u1ee7a m\u00e1y l\u1ecdc n\u01b0\u1edbc, \u0111\u1eb7c bi\u1ec7t t\u1ea1o \u00e1p l\u1ef1c l\u1edbn \u0111\u1ea9y n\u01b0\u1edbc qua m\u00e0ng l\u1ecdc th\u1ea9m th\u1ea5u ng\u01b0\u1ee3c c\u00f3 k\u00edch th\u01b0\u1edbc khe l\u1ecdc si\u00eau nh\u1ecf, t\u1ea1o ra ngu\u1ed3n n\u01b0\u1edbc s\u1ea1ch, tinh khi\u1ebft, c\u00f3 th\u1ec3 u\u1ed1ng tr\u1ef1c ti\u1ebfp.<\/p>","protected":false},"excerpt":{"rendered":"<h3>Motor<\/h3>\n<p>S\u1eed d\u1ee5ng \u0111\u1ec3 thay th\u1ebf b\u1ed9 ph\u1eadn c\u0169, h\u1ecfng trong m\u00e1y l\u1ecdc n\u01b0\u1edbc khi m\u00e1y l\u1ecdc n\u01b0\u1edbc\u00a0 b\u1ecb r\u00f2 r\u1ec9, ch\u1ea3y n\u01b0\u1edbc \u1edf b\u01a1m th\u00ec \u0111\u00e2y l\u00e0 linh ki\u1ec7n \u0111\u1ec3 thay th\u1ebf.<\/p>","protected":false},"featured_media":4687,"comment_status":"closed","ping_status":"closed","template":"","meta":[],"product_cat":[72],"product_tag":[],"_links":{"self":[{"href":"https:\/\/gemsgroup.com.vn\/en\/wp-json\/wp\/v2\/product\/4685"}],"collection":[{"href":"https:\/\/gemsgroup.com.vn\/en\/wp-json\/wp\/v2\/product"}],"about":[{"href":"https:\/\/gemsgroup.com.vn\/en\/wp-json\/wp\/v2\/types\/product"}],"replies":[{"embeddable":true,"href":"https:\/\/gemsgroup.com.vn\/en\/wp-json\/wp\/v2\/comments?post=4685"}],"wp:featuredmedia":[{"embeddable":true,"href":"https:\/\/gemsgroup.com.vn\/en\/wp-json\/wp\/v2\/media\/4687"}],"wp:attachment":[{"href":"https:\/\/gemsgroup.com.vn\/en\/wp-json\/wp\/v2\/media?parent=4685"}],"wp:term":[{"taxonomy":"product_cat","embeddable":true,"href":"https:\/\/gemsgroup.com.vn\/en\/wp-json\/wp\/v2\/product_cat?post=4685"},{"taxonomy":"product_tag","embeddable":true,"href":"https:\/\/gemsgroup.com.vn\/en\/wp-json\/wp\/v2\/product_tag?post=4685"}],"curies":[{"name":"wp","href":"https:\/\/api.w.org\/{rel}","templated":true}]}}