{"id":4688,"date":"2024-11-04T10:18:27","date_gmt":"2024-11-04T03:18:27","guid":{"rendered":"https:\/\/gemsgroup.com.vn\/?post_type=product&#038;p=4688"},"modified":"2025-02-26T13:56:02","modified_gmt":"2025-02-26T06:56:02","slug":"phu-kien-loi-loc-nano","status":"publish","type":"product","link":"https:\/\/gemsgroup.com.vn\/en\/phu-kien-loi-loc-nano\/","title":{"rendered":"L\u00f5i L\u1ecdc Nano U\/F"},"content":{"rendered":"<p>L\u00f5i l\u1ecdc Nano U\/F c\u00f3 th\u1ec3 lo\u1ea1i b\u1ecf t\u1edbi 99,9% c\u00e1c vi khu\u1ea9n, vi sinh nh\u1ecf b\u00e9 c\u00f9ng c\u00e1c c\u1eb7n b\u1ea9n, kim lo\u1ea1i n\u1eb7ng, ch\u1ea5t h\u1eefu c\u01a1 l\u01a1 l\u1eedng, t\u1ea1p ch\u1ea5t c\u00f3 k\u00edch th\u01b0\u1edbc nh\u1ecf h\u01a1n vi khu\u1ea9n.<\/p>\n<p>Vi\u1ec7c thay l\u00f5i l\u1ecdc \u0111\u00fang th\u1eddi gian gi\u00fap \u0111\u1ea3m b\u1ea3o hi\u1ec7u su\u1ea5t ho\u1ea1t \u0111\u1ed9ng v\u00e0 ch\u1ea5t l\u01b0\u1ee3ng n\u01b0\u1edbc l\u1ecdc c\u1ee7a m\u00e1y.<\/p>","protected":false},"excerpt":{"rendered":"<h3>L\u00f5i l\u1ecdc Nano U\/F<\/h3>\n<p>L\u00f5i l\u1ecdc Nano U\/F c\u00f3 th\u1ec3 lo\u1ea1i b\u1ecf t\u1edbi 99,9% c\u00e1c vi khu\u1ea9n, vi sinh nh\u1ecf b\u00e9 c\u00f9ng c\u00e1c c\u1eb7n b\u1ea9n, kim lo\u1ea1i n\u1eb7ng, ch\u1ea5t h\u1eefu c\u01a1 l\u01a1 l\u1eedng, t\u1ea1p ch\u1ea5t c\u00f3 k\u00edch th\u01b0\u1edbc nh\u1ecf h\u01a1n vi khu\u1ea9n.<\/p>\n<p>Vi\u1ec7c thay l\u00f5i l\u1ecdc \u0111\u00fang th\u1eddi gian gi\u00fap \u0111\u1ea3m b\u1ea3o hi\u1ec7u su\u1ea5t ho\u1ea1t \u0111\u1ed9ng v\u00e0 ch\u1ea5t l\u01b0\u1ee3ng n\u01b0\u1edbc l\u1ecdc c\u1ee7a m\u00e1y.<\/p>","protected":false},"featured_media":5424,"comment_status":"closed","ping_status":"closed","template":"","meta":[],"product_cat":[72],"product_tag":[],"_links":{"self":[{"href":"https:\/\/gemsgroup.com.vn\/en\/wp-json\/wp\/v2\/product\/4688"}],"collection":[{"href":"https:\/\/gemsgroup.com.vn\/en\/wp-json\/wp\/v2\/product"}],"about":[{"href":"https:\/\/gemsgroup.com.vn\/en\/wp-json\/wp\/v2\/types\/product"}],"replies":[{"embeddable":true,"href":"https:\/\/gemsgroup.com.vn\/en\/wp-json\/wp\/v2\/comments?post=4688"}],"wp:featuredmedia":[{"embeddable":true,"href":"https:\/\/gemsgroup.com.vn\/en\/wp-json\/wp\/v2\/media\/5424"}],"wp:attachment":[{"href":"https:\/\/gemsgroup.com.vn\/en\/wp-json\/wp\/v2\/media?parent=4688"}],"wp:term":[{"taxonomy":"product_cat","embeddable":true,"href":"https:\/\/gemsgroup.com.vn\/en\/wp-json\/wp\/v2\/product_cat?post=4688"},{"taxonomy":"product_tag","embeddable":true,"href":"https:\/\/gemsgroup.com.vn\/en\/wp-json\/wp\/v2\/product_tag?post=4688"}],"curies":[{"name":"wp","href":"https:\/\/api.w.org\/{rel}","templated":true}]}}