{"id":4804,"date":"2024-11-05T14:49:05","date_gmt":"2024-11-05T07:49:05","guid":{"rendered":"https:\/\/gemsgroup.com.vn\/?post_type=product&#038;p=4804"},"modified":"2025-02-26T13:52:25","modified_gmt":"2025-02-26T06:52:25","slug":"loi-loc-ro","status":"publish","type":"product","link":"https:\/\/gemsgroup.com.vn\/en\/loi-loc-ro\/","title":{"rendered":"L\u00f5i L\u1ecdc RO"},"content":{"rendered":"<p>M\u00e0ng RO c\u00f3 vai tr\u00f2 quan tr\u1ecdng trong vi\u1ec7c lo\u1ea1i b\u1ecf c\u00e1c t\u1ea1p ch\u1ea5t, vi khu\u1ea9n v\u00e0 virus c\u00f3 trong n\u01b0\u1edbc. Ngo\u00e0i ra, m\u00e0ng l\u1ecdc n\u00e0y c\u00f2n c\u00f3 th\u1ec3 lo\u1ea1i b\u1ecf c\u00e1c ch\u1ea5t h\u1eefu c\u01a1, h\u00f3a ch\u1ea5t v\u00e0 kim lo\u1ea1i n\u1eb7ng c\u00f3 trong n\u01b0\u1edbc. \u0110i\u1ec1u n\u00e0y gi\u00fap n\u01b0\u1edbc sau khi l\u1ecdc tr\u1edf n\u00ean tinh khi\u1ebft v\u00e0 an to\u00e0n cho s\u1ee9c kh\u1ecfe con ng\u01b0\u1eddi.<\/p>\n<p>RO membrane structured layers of the membrane fiber Polyamide TFC, pore diameter 0,0001 micron. RO membrane has the ability to remove up to 98% of metallic salts, dissolved nitrate, nitrite. Removes 99.9% of bacteria, viruses, fungi and spores in the water. Water through the RO filtration of high purity.<\/p>","protected":false},"excerpt":{"rendered":"<h3>M\u00e0ng RO<\/h3>\n<p>M\u00e0ng RO c\u00f3 vai tr\u00f2 quan tr\u1ecdng trong vi\u1ec7c lo\u1ea1i b\u1ecf c\u00e1c t\u1ea1p ch\u1ea5t, vi khu\u1ea9n v\u00e0 virus c\u00f3 trong n\u01b0\u1edbc. Ngo\u00e0i ra, m\u00e0ng l\u1ecdc n\u00e0y c\u00f2n c\u00f3 th\u1ec3 lo\u1ea1i b\u1ecf c\u00e1c ch\u1ea5t h\u1eefu c\u01a1, h\u00f3a ch\u1ea5t v\u00e0 kim lo\u1ea1i n\u1eb7ng c\u00f3 trong n\u01b0\u1edbc. \u0110i\u1ec1u n\u00e0y gi\u00fap n\u01b0\u1edbc sau khi l\u1ecdc tr\u1edf n\u00ean tinh khi\u1ebft v\u00e0 an to\u00e0n cho s\u1ee9c kh\u1ecfe con ng\u01b0\u1eddi.<\/p>","protected":false},"featured_media":5423,"comment_status":"closed","ping_status":"closed","template":"","meta":[],"product_cat":[72],"product_tag":[],"_links":{"self":[{"href":"https:\/\/gemsgroup.com.vn\/en\/wp-json\/wp\/v2\/product\/4804"}],"collection":[{"href":"https:\/\/gemsgroup.com.vn\/en\/wp-json\/wp\/v2\/product"}],"about":[{"href":"https:\/\/gemsgroup.com.vn\/en\/wp-json\/wp\/v2\/types\/product"}],"replies":[{"embeddable":true,"href":"https:\/\/gemsgroup.com.vn\/en\/wp-json\/wp\/v2\/comments?post=4804"}],"wp:featuredmedia":[{"embeddable":true,"href":"https:\/\/gemsgroup.com.vn\/en\/wp-json\/wp\/v2\/media\/5423"}],"wp:attachment":[{"href":"https:\/\/gemsgroup.com.vn\/en\/wp-json\/wp\/v2\/media?parent=4804"}],"wp:term":[{"taxonomy":"product_cat","embeddable":true,"href":"https:\/\/gemsgroup.com.vn\/en\/wp-json\/wp\/v2\/product_cat?post=4804"},{"taxonomy":"product_tag","embeddable":true,"href":"https:\/\/gemsgroup.com.vn\/en\/wp-json\/wp\/v2\/product_tag?post=4804"}],"curies":[{"name":"wp","href":"https:\/\/api.w.org\/{rel}","templated":true}]}}