{"id":4807,"date":"2024-11-05T14:51:00","date_gmt":"2024-11-05T07:51:00","guid":{"rendered":"https:\/\/gemsgroup.com.vn\/?post_type=product&#038;p=4807"},"modified":"2025-11-04T02:47:41","modified_gmt":"2025-11-03T19:47:41","slug":"loi-loc-hydrogen-ion-kiem","status":"publish","type":"product","link":"https:\/\/gemsgroup.com.vn\/en\/loi-loc-hydrogen-ion-kiem\/","title":{"rendered":"L\u00f5i L\u1ecdc Hydrogen Ion Ki\u1ec1m"},"content":{"rendered":"<h6>N\u1ed3ng \u0111\u1ed9 pH c\u1ee7a n\u01b0\u1edbc ch\u1ec9 s\u1ed1 t\u1eeb 8.0 \u2013 11<\/h6>\n<p>L\u00f5i l\u1ecdc Hydrogen Ion Ki\u1ec1m c\u00f3 m\u1ee9c pH ph\u00f9 h\u1ee3p d\u00f9ng \u0111\u1ec3 c\u00f3 th\u1ec3 u\u1ed1ng tr\u1ef1c ti\u1ebfp. Nh\u1edd c\u1ea5u tr\u00fac ph\u00e2n t\u1eed si\u00eau nh\u1ecf, nh\u1ecf g\u1ea5p 5 l\u1ea7n n\u01b0\u1edbc th\u01b0\u1eddng, t\u1ee9c l\u00e0 kho\u1ea3ng 0,5nm, n\u01b0\u1edbc ion ki\u1ec1m s\u1ebd th\u1ea9m th\u1ea5u nhanh v\u00e0o c\u01a1 th\u1ec3, gi\u00fap th\u00fac \u0111\u1ea9y qu\u00e1 tr\u00ecnh \u0111\u00e0o th\u1ea3i \u0111\u1ed9c t\u1ed1.<\/p>\n<p>\u0110\u1ed9 pH cao c\u00f2n gi\u00fap trung h\u00f2a axit d\u01b0 th\u1eeba trong c\u01a1 th\u1ec3, gi\u00fap h\u1ed7 tr\u1ee3 \u1ed5n \u0111\u1ecbnh h\u1ec7 ti\u00eau h\u00f3a, h\u1ed7 tr\u1ee3 c\u1ea3i thi\u1ec7n t\u00ecnh tr\u1ea1ng b\u1ec7nh d\u1ea1 d\u00e0y, \u0111\u1ea1i tr\u00e0ng,\u2026.<\/p>\n<h6>Ch\u1ec9 s\u1ed1 ch\u1ed1ng oxy h\u00f3a ORP t\u1eeb -200 -&gt; -800mV<\/h6>\n<p>Gi\u00e1 tr\u1ecb ORP c\u00f3 \u0111\u1ed9 \u00e2m c\u00e0ng cao th\u00ec c\u00e0ng t\u1ed1t cho s\u1ee9c kh\u1ecfe, h\u1ed7 tr\u1ee3 gi\u00fap tr\u1ebb h\u00f3a c\u00e1c t\u1ebf b\u00e0o b\u00ean trong c\u01a1 th\u1ec3 b\u1ea1n , ch\u1ed1ng l\u00e3o h\u00f3a, h\u1ed7 tr\u1ee3 ph\u00f2ng tr\u00e1nh c\u00e1c b\u1ec7nh t\u1eadt do c\u00e1c t\u00e1c nh\u00e2n oxy h\u00f3a g\u00e2y ra. B\u1edfi l\u1ebd n\u01b0\u1edbc c\u00f3 ch\u1ec9 s\u1ed1 ORP c\u00e0ng \u00e2m th\u00ec c\u00e0ng gi\u00e0u t\u00ednh kh\u1eed, gi\u00fap trung h\u00f2a c\u00e1c g\u1ed1c t\u1ef1 do trong c\u01a1 th\u1ec3, l\u00e0m t\u0103ng cung c\u1ea5p oxy, h\u1ed7 tr\u1ee3 gi\u00fap gi\u1ea3i \u0111\u1ed9c v\u00e0 t\u0103ng c\u01b0\u1eddng s\u1ee9c \u0111\u1ec1 kh\u00e1ng.<\/p>\n<h6>M\u1eadt \u0111\u1ed9 ph\u00e2n t\u1eed H+ t\u1eeb 200 -&gt; 1500ppb<\/h6>\n<p>H\u00e0m l\u01b0\u1ee3ng Hydrogen cho bi\u1ebft n\u1ed3ng \u0111\u1ed9 ph\u00e2n t\u1eed Hydro h\u00f2a tan c\u00f3 trong n\u01b0\u1edbc ion ki\u1ec1m.<\/p>\n<p>Nh\u1eefng ph\u00e2n t\u1eed Hydrogen c\u00f3 trong n\u01b0\u1edbc ion ki\u1ec1m ho\u1ea1t \u0111\u1ed9ng nh\u01b0 m\u1ed9t ch\u1ea5t ch\u1ed1ng oxy h\u00f3a hi\u1ec7u qu\u1ea3 v\u1edbi kh\u1ea3 n\u0103ng trung h\u00f2a c\u00e1c g\u1ed1c t\u1ef1 do. V\u1eady n\u00ean vi\u1ec7c s\u1eed d\u1ee5ng ngu\u1ed3n n\u01b0\u1edbc n\u00e0y s\u1ebd h\u1ed7 tr\u1ee3 gi\u00fap ti\u00eau di\u1ec7t c\u00e1c t\u00e1c nh\u00e2n g\u00e2y b\u1ec7nh trong c\u01a1 th\u1ec3 v\u00e0 h\u1ed7 tr\u1ee3 ng\u0103n ng\u1eeba qu\u00e1 tr\u00ecnh l\u00e3o h\u00f3a da.<\/p>","protected":false},"excerpt":{"rendered":"<h3>L\u00f5i l\u1ecdc Hydrogen Ion Ki\u1ec1m<\/h3>\n<p>L\u00f5i l\u1ecdc Hydrogen Ion Ki\u1ec1m c\u00f3 m\u1ee9c pH ph\u00f9 h\u1ee3p d\u00f9ng \u0111\u1ec3 c\u00f3 th\u1ec3 u\u1ed1ng tr\u1ef1c ti\u1ebfp. Nh\u1edd c\u1ea5u tr\u00fac ph\u00e2n t\u1eed si\u00eau nh\u1ecf, nh\u1ecf g\u1ea5p 5 l\u1ea7n n\u01b0\u1edbc th\u01b0\u1eddng, t\u1ee9c l\u00e0 kho\u1ea3ng 0,5nm, n\u01b0\u1edbc ion ki\u1ec1m s\u1ebd th\u1ea9m th\u1ea5u nhanh v\u00e0o c\u01a1 th\u1ec3, gi\u00fap th\u00fac \u0111\u1ea9y qu\u00e1 tr\u00ecnh \u0111\u00e0o th\u1ea3i \u0111\u1ed9c t\u1ed1.<\/p>","protected":false},"featured_media":4126,"comment_status":"closed","ping_status":"closed","template":"","meta":[],"product_cat":[72],"product_tag":[],"_links":{"self":[{"href":"https:\/\/gemsgroup.com.vn\/en\/wp-json\/wp\/v2\/product\/4807"}],"collection":[{"href":"https:\/\/gemsgroup.com.vn\/en\/wp-json\/wp\/v2\/product"}],"about":[{"href":"https:\/\/gemsgroup.com.vn\/en\/wp-json\/wp\/v2\/types\/product"}],"replies":[{"embeddable":true,"href":"https:\/\/gemsgroup.com.vn\/en\/wp-json\/wp\/v2\/comments?post=4807"}],"wp:featuredmedia":[{"embeddable":true,"href":"https:\/\/gemsgroup.com.vn\/en\/wp-json\/wp\/v2\/media\/4126"}],"wp:attachment":[{"href":"https:\/\/gemsgroup.com.vn\/en\/wp-json\/wp\/v2\/media?parent=4807"}],"wp:term":[{"taxonomy":"product_cat","embeddable":true,"href":"https:\/\/gemsgroup.com.vn\/en\/wp-json\/wp\/v2\/product_cat?post=4807"},{"taxonomy":"product_tag","embeddable":true,"href":"https:\/\/gemsgroup.com.vn\/en\/wp-json\/wp\/v2\/product_tag?post=4807"}],"curies":[{"name":"wp","href":"https:\/\/api.w.org\/{rel}","templated":true}]}}