{"id":5295,"date":"2024-12-06T10:59:21","date_gmt":"2024-12-06T03:59:21","guid":{"rendered":"https:\/\/gemsgroup.com.vn\/?post_type=product&#038;p=5295"},"modified":"2025-10-19T11:20:11","modified_gmt":"2025-10-19T04:20:11","slug":"may-loc-nuoc-gems-01-new","status":"publish","type":"product","link":"https:\/\/gemsgroup.com.vn\/en\/may-loc-nuoc-gems-01-new\/","title":{"rendered":"M\u00e1y L\u1ecdc N\u01b0\u1edbc Hydrogen Ion Ki\u1ec1m GEMS 01 NEW"},"content":{"rendered":"<p>GEMS 01 NEW l\u00e0 m\u1ed9t m\u00e1y l\u1ecdc n\u01b0\u1edbc gia \u0111\u00ecnh hi\u1ec7u qu\u1ea3 v\u1edbi thi\u1ebft k\u1ebf nh\u1ecf g\u1ecdn, tinh t\u1ebf v\u00e0 ti\u1ec7n l\u1ee3i. Ph\u00f9 h\u1ee3p v\u1edbi m\u1ecdi kh\u00f4ng gian b\u1ebfp, ph\u00f2ng kh\u00e1ch. GEMS 01 NEW \u0111\u01b0\u1ee3c c\u1ea3i ti\u1ebfn t\u1eeb s\u1ea3n ph\u1ea9m GEMS 01 b\u1ed5 sung th\u00eam ch\u1ee9c n\u0103ng n\u01b0\u1edbc Nano Tinh Khi\u1ebft v\u1edbi c\u00f4ng ngh\u1ec7 l\u1ecdc n\u01b0\u1edbc ti\u00ean ti\u1ebfn, t\u1ea1o n\u00ean m\u1ed9t ngu\u1ed3n n\u01b0\u1edbc s\u1ea1ch t\u01b0\u01a1i m\u00e1t.<br \/>\n<img fetchpriority=\"high\" decoding=\"async\" class=\"alignnone size-medium wp-image-5300\" src=\"https:\/\/gemsgroup.com.vn\/wp-content\/uploads\/2024\/12\/hinh-5-300x300.jpg\" alt=\"\" width=\"300\" height=\"300\" srcset=\"https:\/\/gemsgroup.com.vn\/wp-content\/uploads\/2024\/12\/hinh-5-300x300.jpg 300w, https:\/\/gemsgroup.com.vn\/wp-content\/uploads\/2024\/12\/hinh-5-1024x1024.jpg 1024w, https:\/\/gemsgroup.com.vn\/wp-content\/uploads\/2024\/12\/hinh-5-150x150.jpg 150w, https:\/\/gemsgroup.com.vn\/wp-content\/uploads\/2024\/12\/hinh-5-768x768.jpg 768w, https:\/\/gemsgroup.com.vn\/wp-content\/uploads\/2024\/12\/hinh-5-12x12.jpg 12w, https:\/\/gemsgroup.com.vn\/wp-content\/uploads\/2024\/12\/hinh-5-600x600.jpg 600w, https:\/\/gemsgroup.com.vn\/wp-content\/uploads\/2024\/12\/hinh-5-100x100.jpg 100w, https:\/\/gemsgroup.com.vn\/wp-content\/uploads\/2024\/12\/hinh-5-50x50.jpg 50w, https:\/\/gemsgroup.com.vn\/wp-content\/uploads\/2024\/12\/hinh-5.jpg 1080w\" sizes=\"(max-width: 300px) 100vw, 300px\" \/><\/p>\n<p>M\u00e1y c\u00f3 kh\u1ea3 n\u0103ng lo\u1ea1i b\u1ecf c\u00e1c ch\u1ea5t \u0111\u1ed9c h\u1ea1i v\u00e0 t\u1ea1p ch\u1ea5t c\u00f3 th\u1ec3 c\u00f3 trong n\u01b0\u1edbc, \u0111\u1ea3m b\u1ea3o n\u01b0\u1edbc s\u1ea1ch tinh khi\u1ebft v\u00e0 an to\u00e0n cho vi\u1ec7c s\u1eed d\u1ee5ng tr\u1ef1c ti\u1ebfp h\u00e0ng ng\u00e0y.<br \/>\nM\u00e1y l\u1ecdc v\u00e0 t\u1ea1o n\u01b0\u1edbc Hydrogen Ion Ki\u1ec1m GEMS 01 NEW l\u00e0 m\u1ed9t s\u1ef1 l\u1ef1a ch\u1ecdn ho\u00e0n h\u1ea3o cho gia \u0111\u00ecnh b\u1ea1n.<br \/>\nVi\u1ec7c s\u1edf h\u1eefu m\u1ed9t chi\u1ebfc m\u00e1y l\u1ecdc n\u01b0\u1edbc c\u0169ng th\u1ec3 hi\u1ec7n l\u1ed1i s\u1ed1ng hi\u1ec7n \u0111\u1ea1i, quan t\u00e2m \u0111\u1ebfn ch\u1ea5t l\u01b0\u1ee3ng cu\u1ed9c s\u1ed1ng v\u00e0 s\u1ee9c kh\u1ecfe c\u1ee7a gia \u0111\u00ecnh.<\/p>\n<p><img decoding=\"async\" class=\"alignnone size-medium wp-image-5296\" src=\"https:\/\/gemsgroup.com.vn\/wp-content\/uploads\/2024\/12\/hinh-1-300x300.jpg\" alt=\"\" width=\"300\" height=\"300\" srcset=\"https:\/\/gemsgroup.com.vn\/wp-content\/uploads\/2024\/12\/hinh-1-300x300.jpg 300w, https:\/\/gemsgroup.com.vn\/wp-content\/uploads\/2024\/12\/hinh-1-1024x1024.jpg 1024w, https:\/\/gemsgroup.com.vn\/wp-content\/uploads\/2024\/12\/hinh-1-150x150.jpg 150w, https:\/\/gemsgroup.com.vn\/wp-content\/uploads\/2024\/12\/hinh-1-768x768.jpg 768w, https:\/\/gemsgroup.com.vn\/wp-content\/uploads\/2024\/12\/hinh-1-12x12.jpg 12w, https:\/\/gemsgroup.com.vn\/wp-content\/uploads\/2024\/12\/hinh-1-600x600.jpg 600w, https:\/\/gemsgroup.com.vn\/wp-content\/uploads\/2024\/12\/hinh-1-100x100.jpg 100w, https:\/\/gemsgroup.com.vn\/wp-content\/uploads\/2024\/12\/hinh-1-50x50.jpg 50w, https:\/\/gemsgroup.com.vn\/wp-content\/uploads\/2024\/12\/hinh-1.jpg 1080w\" sizes=\"(max-width: 300px) 100vw, 300px\" \/><\/p>\n<p><strong>Th\u00f4ng S\u1ed1 K\u1ef9 Thu\u1eadt:<\/strong><\/p>\n<p>Ngu\u1ed3n \u0111i\u1ec7n: \u0110i\u1ec7n \u00e1p 220V\/50Hz<\/p>\n<p>C\u00f4ng su\u1ea5t: C\u00f4ng su\u1ea5t l\u00e0m n\u00f3ng: 430W C\u00f4ng su\u1ea5t ngu\u1ed9i: 26W (+-5%)<\/p>\n<p>L\u01b0u l\u01b0\u1ee3ng l\u1ecdc: 15L\/1H<\/p>\n<p>Hi\u1ec7u su\u1ea5t l\u1ecdc: 40%<\/p>\n<p><strong>Ch\u1ec9 s\u1ed1 pH:<\/strong>\u00a02.5 \u2013 11.5 (ch\u1ec9 s\u1ed1 pH c\u1ee7a t\u1eebng lo\u1ea1i n\u01b0\u1edbc c\u00f3 th\u1ec3 dao \u0111\u1ed9ng t\u00f9y v\u00e0o ch\u1ea5t l\u01b0\u1ee3ng n\u01b0\u1edbc \u0111\u1ea7u v\u00e0o)<\/p>\n<p><strong>Ch\u1ec9 s\u1ed1 Hydrogen:<\/strong>\u00a0200 \u2013 \u2265 1500 ppb<\/p>\n<p><strong>Ch\u1ec9 s\u1ed1 ORP:<\/strong>\u00a0-200 \u0111\u1ebfn \u2013 800 mV<\/p>\n<p><strong>Dung t\u00edch b\u00ecnh<\/strong><\/p>\n<p>Dung t\u00edch b\u00ecnh n\u00f3ng: 1 l\u00edt<\/p>\n<p>Dung t\u00edch b\u00ecnh ngu\u1ed9i: 10 l\u00edt<\/p>\n<p><strong>Ngu\u1ed3n n\u01b0\u1edbc \u0111\u1ea7u v\u00e0o<\/strong><\/p>\n<p>N\u01b0\u1edbc sinh ho\u1ea1t theo ti\u00eau chu\u1ea9n c\u1ee7a BYT QCVN 01-1:2018\/BYT<\/p>\n<p>Nhi\u1ec7t \u0111\u1ed9 n\u01b0\u1edbc \u0111\u1ea7u v\u00e0o \u2264 40\u00baC<\/p>\n<p>6 lo\u1ea1i n\u01b0\u1edbc: N\u01b0\u1edbc Hydrogen Ion Ki\u1ec1m, N\u01b0\u1edbc th\u1ef1c ph\u1ea9m, N\u01b0\u1edbc tr\u1ebb em, N\u01b0\u1edbc n\u1ea5u \u0103n, N\u01b0\u1edbc n\u00f3ng, N\u01b0\u1edbc Nano tinh khi\u1ebft.<\/p>\n<p><strong>Ng\u00f4n ng\u1eef:\u00a0<\/strong>English<\/p>\n<p><strong>Thi\u1ebft k\u1ebf:\u00a0<\/strong>M\u00e1y \u0111\u1ec3 b\u00e0n nh\u1ecf g\u1ecdn<\/p>\n<p><strong>K\u00edch th\u01b0\u1edbc:\u00a0<\/strong>470mm x 400mm x 230mm<\/p>\n<p><strong>Tr\u1ecdng l\u01b0\u1ee3ng:\u00a0<\/strong>15 kg<\/p>\n<p><strong>L\u1eafp r\u00e1p:<\/strong>\u00a0Vietnam<\/p>\n<p><strong>B\u1ea3o h\u00e0nh:\u00a0 24 th\u00e1ng.<\/strong><\/p>\n<p>&nbsp;<\/p>\n<p><strong>CH\u1ee8C N\u0102NG C\u1ee6A M\u00c1Y<\/strong><\/p>\n<div>\n<div class=\"DF_utQ _682gpw _0xkaeQ\">\n<div class=\"aF9o6Q _0yZ6Qg\">\n<div class=\"nmQ_KA\">\n<div>\n<div class=\"AdBbhQ hGbcYA rLWGlw _7rUwsA\" lang=\"vi-VN\">\n<p class=\"cgHgbA nxe3IQ Xp24Nw PanoWQ\"><strong><span class=\"OYPEnA\">N\u01af\u1edaC NANO TINH KHI\u1ebeT: <\/span><\/strong>L\u00e0 n\u01b0\u1edbc s\u1ea1ch, \u0111\u01b0\u1ee3c n\u00e2ng c\u1ea5p l\u00ean b\u1ed9 l\u1ecdc NANO \u0111\u1ed9c quy\u1ec1n, \u0111\u1ea3m b\u1ea3o \u0111\u1ed9 tinh khi\u1ebft. U\u1ed1ng tr\u1ef1c ti\u1ebfp cho tr\u1ebb em d\u01b0\u1edbi 6 tu\u1ed5i, d\u00f9ng \u0111\u1ec3 n\u1ea5u c\u00e1c lo\u1ea1i th\u1ee9c \u0103n, pha s\u1eefa, u\u1ed1ng thu\u1ed1c&#8230;<\/p>\n<p><strong><span class=\"OYPEnA\">HYDROGEN ION KI\u1ec0M: <\/span><\/strong><span class=\"OYPEnA\">L\u00e0 n\u01b0\u1edbc c\u00f3 ch\u1ec9 s\u1ed1 ph\u00f9 h\u1ee3p u\u1ed1ng tr\u1ef1c ti\u1ebfp cho m\u1ecdi \u0111\u1ed1i t\u01b0\u1ee3ng t\u1eeb 12 tu\u1ed5i tr\u1edf l\u00ean. \u0110\u1eb7c bi\u1ec7t h\u1ed7 tr\u1ee3 r\u1ea5t t\u1ed1t cho ng\u01b0\u1eddi b\u1ecb d\u1ea1 d\u00e0y, th\u1eadn, gout, ung th\u01b0..<\/span>.<\/p>\n<\/div>\n<\/div>\n<\/div>\n<\/div>\n<\/div>\n<\/div>\n<div>\n<div class=\"DF_utQ _682gpw _0xkaeQ\">\n<div class=\"aF9o6Q _0yZ6Qg\">\n<div class=\"nmQ_KA\">\n<div>\n<div class=\"AdBbhQ hGbcYA rLWGlw _7rUwsA\" lang=\"vi-VN\">\n<p class=\"cgHgbA nxe3IQ Xp24Nw PanoWQ\"><strong><span class=\"OYPEnA\">N\u01af\u1edaC TH\u1ef0C PH\u1ea8M: <\/span><\/strong>pH t\u1eeb 10 \u0111\u1ebfn 11 c\u00f3 ch\u1ec9 s\u1ed1 Hydrogen Ion Ki\u1ec1m cao d\u00f9ng \u0111\u1ec3 \u0111\u00e0o th\u1ea3i \u0111\u1ed9c t\u1ed1 nhanh cho c\u01a1 th\u1ec3.<\/p>\n<\/div>\n<\/div>\n<\/div>\n<\/div>\n<\/div>\n<\/div>\n<div>\n<div class=\"DF_utQ _682gpw _0xkaeQ\">\n<div class=\"aF9o6Q _0yZ6Qg\">\n<div class=\"nmQ_KA\">\n<div class=\"gY5IIA _5kZSsQ\">\n<div class=\"AdBbhQ hGbcYA rLWGlw\" lang=\"vi-VN\">\n<p class=\"cgHgbA WvQL9w Xp24Nw\"><span class=\"OYPEnA\">Ng\u00e2m v\u00e0 x\u1eed l\u00fd c\u00e1c ch\u1ea5t c\u00f3 h\u1ea1i c\u00f3 trong th\u1ef1c ph\u1ea9m: th\u1ecbt, c\u00e1, rau, c\u1ee7, qu\u1ea3&#8230;<\/span><\/p>\n<p class=\"cgHgbA WvQL9w Xp24Nw\"><span class=\"OYPEnA\">Sau khi ng\u00e2m 5 &#8211; 10 ph\u00fat, r\u1eeda l\u1ea1i b\u1eb1ng n\u01b0\u1edbc tinh khi\u1ebft.<\/span><\/p>\n<p class=\"cgHgbA WvQL9w Xp24Nw\"><span class=\"OYPEnA\">(C\u00f3 th\u1ec3 u\u1ed1ng 1 &#8211; 3 ly (300ml) khi \u0111au d\u1ea1 d\u00e0y n\u1eb7ng ho\u1eb7c khi say r\u01b0\u1ee3u, nhi\u1ec5m \u0111\u1ed9c&#8230;).<\/span><\/p>\n<\/div>\n<\/div>\n<\/div>\n<\/div>\n<\/div>\n<\/div>\n<div>\n<div class=\"DF_utQ _682gpw _0xkaeQ\">\n<div class=\"aF9o6Q _0yZ6Qg\">\n<div class=\"nmQ_KA\">\n<div class=\"AdBbhQ hGbcYA rLWGlw _7rUwsA\" lang=\"vi-VN\">\n<p class=\"cgHgbA nxe3IQ Xp24Nw PanoWQ\"><strong><span class=\"OYPEnA\">N\u01af\u1edaC TR\u1eba EM: <\/span><\/strong>L\u00e0 n\u01b0\u1edbc Hydrogen Ion Ki\u1ec1m c\u00f3 ch\u1ec9 s\u1ed1 ph\u00f9 h\u1ee3p v\u1edbi tr\u1ebb em t\u1eeb 6 &#8211; 11 tu\u1ed5i.<\/p>\n<p><strong><span class=\"OYPEnA\">N\u01af\u1edaC N\u00d3NG: <\/span><\/strong>L\u00e0 n\u01b0\u1edbc tinh khi\u1ebft \u0111un l\u00ean kho\u1ea3ng 65 \u0111\u1ed9 C \u0111\u1ebfn 95 \u0111\u1ed9 C, d\u00f9ng pha tr\u00e0, c\u00e0 ph\u00ea, pha s\u1eefa, ng\u0169 c\u1ed1c, m\u00ec \u0103n li\u1ec1n&#8230;<\/p>\n<div>\n<div class=\"DF_utQ _682gpw _0xkaeQ\">\n<div class=\"aF9o6Q _0yZ6Qg\">\n<div class=\"nmQ_KA\">\n<div>\n<div class=\"AdBbhQ hGbcYA rLWGlw _7rUwsA\" lang=\"vi-VN\">\n<p class=\"cgHgbA nxe3IQ Xp24Nw PanoWQ\"><strong><span class=\"OYPEnA\">N\u01af\u1edaC N\u1ea4U \u0102N: <\/span><\/strong>N\u01b0\u1edbc tinh khi\u1ebft chuy\u00ean s\u1eed d\u1ee5ng cho n\u1ea5u \u0103n.<\/p>\n<\/div>\n<\/div>\n<\/div>\n<\/div>\n<\/div>\n<\/div>\n<\/div>\n<\/div>\n<\/div>\n<\/div>\n<\/div>\n<div>\n<div class=\"DF_utQ _682gpw _0xkaeQ\">\n<div class=\"aF9o6Q _0yZ6Qg\">\n<div class=\"nmQ_KA\">\n<div class=\"AdBbhQ hGbcYA rLWGlw _7rUwsA\" lang=\"vi-VN\">\n<p class=\"cgHgbA nxe3IQ Xp24Nw PanoWQ\">\n<\/div>\n<\/div>\n<\/div>\n<\/div>\n<\/div>\n<p><img decoding=\"async\" class=\"alignnone size-medium wp-image-5298\" src=\"https:\/\/gemsgroup.com.vn\/wp-content\/uploads\/2024\/12\/hinh-3-300x300.jpg\" alt=\"\" width=\"300\" height=\"300\" srcset=\"https:\/\/gemsgroup.com.vn\/wp-content\/uploads\/2024\/12\/hinh-3-300x300.jpg 300w, https:\/\/gemsgroup.com.vn\/wp-content\/uploads\/2024\/12\/hinh-3-1024x1024.jpg 1024w, https:\/\/gemsgroup.com.vn\/wp-content\/uploads\/2024\/12\/hinh-3-150x150.jpg 150w, https:\/\/gemsgroup.com.vn\/wp-content\/uploads\/2024\/12\/hinh-3-768x768.jpg 768w, https:\/\/gemsgroup.com.vn\/wp-content\/uploads\/2024\/12\/hinh-3-12x12.jpg 12w, https:\/\/gemsgroup.com.vn\/wp-content\/uploads\/2024\/12\/hinh-3-600x600.jpg 600w, https:\/\/gemsgroup.com.vn\/wp-content\/uploads\/2024\/12\/hinh-3-100x100.jpg 100w, https:\/\/gemsgroup.com.vn\/wp-content\/uploads\/2024\/12\/hinh-3-50x50.jpg 50w, https:\/\/gemsgroup.com.vn\/wp-content\/uploads\/2024\/12\/hinh-3.jpg 1080w\" sizes=\"(max-width: 300px) 100vw, 300px\" \/><\/p>\n<p>&nbsp;<\/p>","protected":false},"excerpt":{"rendered":"<p>GEMS 01 NEW l\u00e0 m\u1ed9t m\u00e1y l\u1ecdc n\u01b0\u1edbc gia \u0111\u00ecnh hi\u1ec7u qu\u1ea3 v\u1edbi thi\u1ebft k\u1ebf nh\u1ecf g\u1ecdn, tinh t\u1ebf v\u00e0 ti\u1ec7n l\u1ee3i, ph\u00f9 h\u1ee3p v\u1edbi m\u1ecdi kh\u00f4ng gian b\u1ebfp, ph\u00f2ng kh\u00e1ch. GEMS 01 NEW \u0111\u01b0\u1ee3c c\u1ea3i ti\u1ebfn t\u1eeb s\u1ea3n ph\u1ea9m GEMS 01 b\u1ed5 sung th\u00eam ch\u1ee9c n\u0103ng n\u01b0\u1edbc Nano Tinh Khi\u1ebft v\u1edbi c\u00f4ng ngh\u1ec7 l\u1ecdc n\u01b0\u1edbc ti\u00ean ti\u1ebfn, t\u1ea1o n\u00ean m\u1ed9t ngu\u1ed3n n\u01b0\u1edbc s\u1ea1ch t\u01b0\u01a1i m\u00e1t.<\/p>","protected":false},"featured_media":5300,"comment_status":"closed","ping_status":"closed","template":"","meta":[],"product_cat":[40],"product_tag":[73],"_links":{"self":[{"href":"https:\/\/gemsgroup.com.vn\/en\/wp-json\/wp\/v2\/product\/5295"}],"collection":[{"href":"https:\/\/gemsgroup.com.vn\/en\/wp-json\/wp\/v2\/product"}],"about":[{"href":"https:\/\/gemsgroup.com.vn\/en\/wp-json\/wp\/v2\/types\/product"}],"replies":[{"embeddable":true,"href":"https:\/\/gemsgroup.com.vn\/en\/wp-json\/wp\/v2\/comments?post=5295"}],"wp:featuredmedia":[{"embeddable":true,"href":"https:\/\/gemsgroup.com.vn\/en\/wp-json\/wp\/v2\/media\/5300"}],"wp:attachment":[{"href":"https:\/\/gemsgroup.com.vn\/en\/wp-json\/wp\/v2\/media?parent=5295"}],"wp:term":[{"taxonomy":"product_cat","embeddable":true,"href":"https:\/\/gemsgroup.com.vn\/en\/wp-json\/wp\/v2\/product_cat?post=5295"},{"taxonomy":"product_tag","embeddable":true,"href":"https:\/\/gemsgroup.com.vn\/en\/wp-json\/wp\/v2\/product_tag?post=5295"}],"curies":[{"name":"wp","href":"https:\/\/api.w.org\/{rel}","templated":true}]}}